{"id":630,"date":"2022-11-17T14:47:22","date_gmt":"2022-11-17T14:47:22","guid":{"rendered":"https:\/\/adoption-works.org\/sobre-nosotros\/"},"modified":"2023-01-31T12:24:40","modified_gmt":"2023-01-31T12:24:40","slug":"sobre-nosotros","status":"publish","type":"page","link":"https:\/\/adoption-works.org\/es\/sobre-nosotros\/","title":{"rendered":"Sobre nosotros"},"content":{"rendered":"<div class=\"wpb-content-wrapper\"><p>[vc_section css=\u00bb.vc_custom_1668698308923{padding-top: 120px !important;padding-bottom: 120px !important;}\u00bb][vc_row content_placement=\u00bbmiddle\u00bb][vc_column width=\u00bb1\/2&#8243;][vc_single_image image=\u00bb621&#8243; img_size=\u00bbfull\u00bb alignment=\u00bbcenter\u00bb css=\u00bb.vc_custom_1670591567856{margin-bottom: 0px !important;}\u00bb][\/vc_column][vc_column width=\u00bb1\/2&#8243;][vc_custom_heading text=\u00bb\u00bfQu\u00e9 es AdoptionWorks?\u00bb use_theme_fonts=\u00bbyes\u00bb css=\u00bb.vc_custom_1668698184991{margin-bottom: 22px !important;}\u00bb][vc_column_text]AdoptionWorks es una agencia de colocaci\u00f3n de ni\u00f1os con licencia completa, que depende del ministerio de ChristianWorks en Dallas, Texas. Ofrecemos servicios de adopci\u00f3n nacional de beb\u00e9s a familias biol\u00f3gicas, parejas adoptivas y adoptados. Atendemos a posibles familias adoptivas que vivan en un radio de 150 millas de nuestra oficina central en Dallas y podemos atender a una familia biol\u00f3gica que desee hacer un plan de adopci\u00f3n en cualquier lugar de Estados Unidos. AdoptionWorks lleva prestando servicios de colocaci\u00f3n de ni\u00f1os desde 1967 y ha colocado a m\u00e1s de 800 ni\u00f1os desde entonces. Nuestra creencia y la filosof\u00eda de la agencia es que la adopci\u00f3n abierta es la m\u00e1s beneficiosa para todos los miembros de la tr\u00edada de la adopci\u00f3n y tratamos de educar y facilitar la apertura a nuestros clientes. AdoptionWorks se enorgullece de ofrecer servicios cl\u00ednicos post-adopci\u00f3n, incluidos servicios de b\u00fasqueda y reencuentro, asesoramiento individual o terapia de juego para los miembros de la tr\u00edada de la adopci\u00f3n y grupos de apoyo gratuitos para ni\u00f1os que han sido adoptados y sus padres.[\/vc_column_text][vc_btn title=\u00bbContacto\u00bb style=\u00bbclassic\u00bb link=\u00bburl:https%3A%2F%2Fadoption-works.org%2Fes%2F%3Fpage_id%3D639|title:Contacto|\u00bb el_class=\u00bbprimary-btn\u00bb][\/vc_column][\/vc_row][\/vc_section][vc_section css=\u00bb.vc_custom_1668702108540{background-position: center !important;background-repeat: no-repeat !important;background-size: cover !important;}\u00bb el_class=\u00bbabt-mid-sec\u00bb][vc_row full_width=\u00bbstretch_row\u00bb css=\u00bb.vc_custom_1668905424921{padding-top: 120px !important;padding-bottom: 120px !important;background-image: url(https:\/\/adoption-works.org\/wp-content\/uploads\/2022\/11\/abt-sec-bg.jpg?id=114) !important;background-position: 0 0 !important;background-repeat: no-repeat !important;}\u00bb][vc_column][vc_row_inner equal_height=\u00bbyes\u00bb content_placement=\u00bbmiddle\u00bb][vc_column_inner width=\u00bb5\/12&#8243; css=\u00bb.vc_custom_1668905322960{padding-right: 0px !important;}\u00bb][vc_single_image image=\u00bb560&#8243; img_size=\u00bbfull\u00bb alignment=\u00bbright\u00bb el_class=\u00bbmwdefault fl-r\u00bb css=\u00bb.vc_custom_1668905329330{margin-bottom: 0px !important;}\u00bb][\/vc_column_inner][vc_column_inner el_class=\u00bbcol-r\u00bb width=\u00bb7\/12&#8243; css=\u00bb.vc_custom_1668905170497{padding-top: 0px !important;background-color: #ffffff !important;}\u00bb][vc_custom_heading text=\u00bbEducaci\u00f3n para la adopci\u00f3n\u00bb use_theme_fonts=\u00bbyes\u00bb css=\u00bb.vc_custom_1668701976816{margin-bottom: 22px !important;}\u00bb][vc_column_text]La forma en que hablamos -y las palabras que elegimos- dicen mucho de lo que pensamos y valoramos. Cuando utilizamos un lenguaje positivo, decimos que la adopci\u00f3n es una forma de construir una familia, igual que lo es el nacimiento. Elige el siguiente lenguaje positivo sobre la adopci\u00f3n en lugar de los discursos negativos que contribuyen a perpetuar el mito de que la adopci\u00f3n es lo segundo mejor. Si utiliza un lenguaje positivo sobre la adopci\u00f3n, reflejar\u00e1 la verdadera naturaleza de la adopci\u00f3n, libre de insinuaciones.<\/p>\n<p>Un lenguaje positivo sobre la adopci\u00f3n puede frenar la propagaci\u00f3n de ideas err\u00f3neas como \u00e9stas. Utilizando el lenguaje de la adopci\u00f3n, educamos a los dem\u00e1s sobre la adopci\u00f3n.[\/vc_column_text][vc_btn title=\u00bbM\u00e1s informaci\u00f3n\u00bb style=\u00bbclassic\u00bb link=\u00bburl:https%3A%2F%2Fadoption-works.org%2Fes%2F%3Fpage_id%3D640|title:Educaci%C3%B3n%20para%20la%20adopci%C3%B3n|\u00bb el_class=\u00bbprimary-btn\u00bb][\/vc_column_inner][\/vc_row_inner][\/vc_column][\/vc_row][\/vc_section][vc_section css=\u00bb.vc_custom_1668905431067{margin-bottom: 120px !important;}\u00bb][vc_row][vc_column][vc_row_inner content_placement=\u00bbmiddle\u00bb css=\u00bb.vc_custom_1669354408017{background-color: #3f81cf !important;border-radius: 30px !important;}\u00bb el_class=\u00bbsecHealthy\u00bb][vc_column_inner width=\u00bb1\/2&#8243; css=\u00bb.vc_custom_1668661720028{padding-left: 80px !important;}\u00bb][vc_custom_heading text=\u00bbAy\u00fadenos a construir hogares y familias saludables\u00bb font_container=\u00bbtag:h2|text_align:left|color:%23ffffff\u00bb use_theme_fonts=\u00bbyes\u00bb css=\u00bb.vc_custom_1668661444079{margin-bottom: 15px !important;}\u00bb][vc_custom_heading text=\u00bbAdoptionWorks es un ministerio de ChristianWorks for Children que es una organizaci\u00f3n sin \u00e1nimo de lucro 501(c)(3) &#8211; EIN: 75-1246028. Con tu apoyo, podemos continuar el ejemplo de servicio de Jesucristo. As\u00f3ciese con nosotros hoy mismo\u00bb font_container=\u00bbtag:p|text_align:left|color:%23ffffff\u00bb use_theme_fonts=\u00bbyes\u00bb css=\u00bb.vc_custom_1668661472957{margin-bottom: 30px !important;}\u00bb][vc_btn title=\u00bbDonar\u00bb style=\u00bbclassic\u00bb i_icon_fontawesome=\u00bbfas fa-heart\u00bb add_icon=\u00bbtrue\u00bb el_class=\u00bbprimary-btn wht\u00bb link=\u00bburl:https%3A%2F%2Fadoption-works.org%2Fes%2F%3Fpage_id%3D688|title:Donar|\u00bb][\/vc_column_inner][vc_column_inner width=\u00bb1\/2&#8243; css=\u00bb.vc_custom_1668661946257{padding-top: 0px !important;padding-right: 0px !important;}\u00bb][vc_single_image image=\u00bb553&#8243; img_size=\u00bbfull\u00bb alignment=\u00bbright\u00bb css=\u00bb.vc_custom_1668661411833{margin-bottom: 0px !important;}\u00bb][\/vc_column_inner][\/vc_row_inner][\/vc_column][\/vc_row][\/vc_section][vc_section full_width=\u00bbstretch_row\u00bb css=\u00bb.vc_custom_1668663032468{padding-top: 30px !important;padding-bottom: 30px !important;background-image: url(https:\/\/adoption-works.org\/wp-content\/uploads\/2022\/11\/news-bg.jpg?id=82) !important;}\u00bb][vc_row content_placement=\u00bbmiddle\u00bb][vc_column width=\u00bb1\/3&#8243;][vc_custom_heading text=\u00bbSuscr\u00edbete al bolet\u00edn\u00bb font_container=\u00bbtag:h3|font_size:44px|text_align:left|color:%23ffffff\u00bb use_theme_fonts=\u00bbyes\u00bb css=\u00bb.vc_custom_1675167876463{margin-bottom: 0px !important;}\u00bb][\/vc_column][vc_column width=\u00bb2\/3&#8243;]\n<div class=\"wpcf7 no-js\" id=\"wpcf7-f85-o1\" lang=\"en-US\" dir=\"ltr\" data-wpcf7-id=\"85\">\n<div class=\"screen-reader-response\"><p role=\"status\" aria-live=\"polite\" aria-atomic=\"true\"><\/p> <ul><\/ul><\/div>\n<form action=\"\/es\/wp-json\/wp\/v2\/pages\/630#wpcf7-f85-o1\" method=\"post\" class=\"wpcf7-form init\" aria-label=\"Contact form\" novalidate=\"novalidate\" data-status=\"init\">\n<fieldset class=\"hidden-fields-container\"><input type=\"hidden\" name=\"_wpcf7\" value=\"85\" \/><input type=\"hidden\" name=\"_wpcf7_version\" value=\"6.1.4\" \/><input type=\"hidden\" name=\"_wpcf7_locale\" value=\"en_US\" \/><input type=\"hidden\" name=\"_wpcf7_unit_tag\" value=\"wpcf7-f85-o1\" \/><input type=\"hidden\" name=\"_wpcf7_container_post\" value=\"0\" \/><input type=\"hidden\" name=\"_wpcf7_posted_data_hash\" value=\"\" \/><input type=\"hidden\" name=\"_wpcf7_recaptcha_response\" value=\"\" \/>\n<\/fieldset>\n<div class=\"row news-form\">\n\t<div class=\"col-sm-5\">\n\t\t<p><span class=\"wpcf7-form-control-wrap\" data-name=\"YourName\"><input size=\"40\" maxlength=\"400\" class=\"wpcf7-form-control wpcf7-text wpcf7-validates-as-required\" aria-required=\"true\" aria-invalid=\"false\" placeholder=\"Your Name*\" value=\"\" type=\"text\" name=\"YourName\" \/><\/span>\n\t\t<\/p>\n\t<\/div>\n\t<div class=\"col-sm-5\">\n\t\t<p><span class=\"wpcf7-form-control-wrap\" data-name=\"EmailAddress\"><input size=\"40\" maxlength=\"400\" class=\"wpcf7-form-control wpcf7-email wpcf7-validates-as-required wpcf7-text wpcf7-validates-as-email\" aria-required=\"true\" aria-invalid=\"false\" placeholder=\"Email Address*\" value=\"\" type=\"email\" name=\"EmailAddress\" \/><\/span>\n\t\t<\/p>\n\t<\/div>\n\t<div class=\"col-sm-2 pr-0\">\n\t\t<p><input class=\"wpcf7-form-control wpcf7-submit has-spinner\" type=\"submit\" value=\"Subscribe\" \/>\n\t\t<\/p>\n\t<\/div>\n<\/div><div class=\"wpcf7-response-output\" aria-hidden=\"true\"><\/div>\n<\/form>\n<\/div>\n[\/vc_column][\/vc_row][\/vc_section]<\/p>\n<\/div><!-- AddThis Advanced Settings generic via filter on the_content --><!-- AddThis Share Buttons generic via filter on the_content -->","protected":false},"excerpt":{"rendered":"<p>[vc_section css=\u00bb.vc_custom_1668698308923{padding-top: 120px !important;padding-bottom: 120px !important;}\u00bb][vc_row content_placement=\u00bbmiddle\u00bb][vc_column width=\u00bb1\/2&#8243;][vc_single_image image=\u00bb621&#8243; img_size=\u00bbfull\u00bb alignment=\u00bbcenter\u00bb css=\u00bb.vc_custom_1670591567856{margin-bottom: 0px !important;}\u00bb][\/vc_column][vc_column width=\u00bb1\/2&#8243;][vc_custom_heading text=\u00bb\u00bfQu\u00e9 es AdoptionWorks?\u00bb use_theme_fonts=\u00bbyes\u00bb css=\u00bb.vc_custom_1668698184991{margin-bottom: 22px !important;}\u00bb][vc_column_text]AdoptionWorks es una agencia de colocaci\u00f3n de ni\u00f1os con licencia completa, que depende del ministerio de ChristianWorks en Dallas, Texas. Ofrecemos servicios de adopci\u00f3n nacional de beb\u00e9s a familias biol\u00f3gicas, parejas adoptivas y adoptados. [&hellip;]<!-- AddThis Advanced Settings generic via filter on get_the_excerpt --><!-- AddThis Share Buttons generic via filter on get_the_excerpt --><\/p>\n","protected":false},"author":1,"featured_media":0,"parent":0,"menu_order":0,"comment_status":"closed","ping_status":"closed","template":"page-full.php","meta":{"_acf_changed":false,"inline_featured_image":false,"footnotes":""},"class_list":["post-630","page","type-page","status-publish","hentry"],"acf":[],"yoast_head":"<!-- This site is optimized with the Yoast SEO plugin v26.7 - https:\/\/yoast.com\/wordpress\/plugins\/seo\/ -->\n<title>Sobre nosotros - AdoptionWorks<\/title>\n<meta name=\"robots\" content=\"index, follow, max-snippet:-1, max-image-preview:large, max-video-preview:-1\" \/>\n<link rel=\"canonical\" href=\"https:\/\/adoption-works.org\/es\/sobre-nosotros\/\" \/>\n<meta property=\"og:locale\" content=\"es_ES\" \/>\n<meta property=\"og:type\" content=\"article\" \/>\n<meta property=\"og:title\" content=\"Sobre nosotros - AdoptionWorks\" \/>\n<meta property=\"og:description\" content=\"[vc_section css=\u00bb.vc_custom_1668698308923{padding-top: 120px !important;padding-bottom: 120px !important;}\u00bb][vc_row content_placement=\u00bbmiddle\u00bb][vc_column width=\u00bb1\/2&#8243;][vc_single_image image=\u00bb621&#8243; img_size=\u00bbfull\u00bb alignment=\u00bbcenter\u00bb css=\u00bb.vc_custom_1670591567856{margin-bottom: 0px !important;}\u00bb][\/vc_column][vc_column width=\u00bb1\/2&#8243;][vc_custom_heading text=\u00bb\u00bfQu\u00e9 es AdoptionWorks?\u00bb use_theme_fonts=\u00bbyes\u00bb css=\u00bb.vc_custom_1668698184991{margin-bottom: 22px !important;}\u00bb][vc_column_text]AdoptionWorks es una agencia de colocaci\u00f3n de ni\u00f1os con licencia completa, que depende del ministerio de ChristianWorks en Dallas, Texas. Ofrecemos servicios de adopci\u00f3n nacional de beb\u00e9s a familias biol\u00f3gicas, parejas adoptivas y adoptados. [&hellip;]\" \/>\n<meta property=\"og:url\" content=\"https:\/\/adoption-works.org\/es\/sobre-nosotros\/\" \/>\n<meta property=\"og:site_name\" content=\"AdoptionWorks\" \/>\n<meta property=\"article:modified_time\" content=\"2023-01-31T12:24:40+00:00\" \/>\n<meta name=\"twitter:card\" content=\"summary_large_image\" \/>\n<meta name=\"twitter:label1\" content=\"Tiempo de lectura\" \/>\n\t<meta name=\"twitter:data1\" content=\"4 minutos\" \/>\n<script type=\"application\/ld+json\" class=\"yoast-schema-graph\">{\"@context\":\"https:\/\/schema.org\",\"@graph\":[{\"@type\":\"WebPage\",\"@id\":\"https:\/\/adoption-works.org\/es\/sobre-nosotros\/\",\"url\":\"https:\/\/adoption-works.org\/es\/sobre-nosotros\/\",\"name\":\"Sobre nosotros - AdoptionWorks\",\"isPartOf\":{\"@id\":\"https:\/\/adoption-works.org\/es\/#website\"},\"datePublished\":\"2022-11-17T14:47:22+00:00\",\"dateModified\":\"2023-01-31T12:24:40+00:00\",\"breadcrumb\":{\"@id\":\"https:\/\/adoption-works.org\/es\/sobre-nosotros\/#breadcrumb\"},\"inLanguage\":\"es\",\"potentialAction\":[{\"@type\":\"ReadAction\",\"target\":[\"https:\/\/adoption-works.org\/es\/sobre-nosotros\/\"]}]},{\"@type\":\"BreadcrumbList\",\"@id\":\"https:\/\/adoption-works.org\/es\/sobre-nosotros\/#breadcrumb\",\"itemListElement\":[{\"@type\":\"ListItem\",\"position\":1,\"name\":\"Home\",\"item\":\"https:\/\/adoption-works.org\/es\/\"},{\"@type\":\"ListItem\",\"position\":2,\"name\":\"Sobre nosotros\"}]},{\"@type\":\"WebSite\",\"@id\":\"https:\/\/adoption-works.org\/es\/#website\",\"url\":\"https:\/\/adoption-works.org\/es\/\",\"name\":\"AdoptionWorks\",\"description\":\"\",\"potentialAction\":[{\"@type\":\"SearchAction\",\"target\":{\"@type\":\"EntryPoint\",\"urlTemplate\":\"https:\/\/adoption-works.org\/es\/?s={search_term_string}\"},\"query-input\":{\"@type\":\"PropertyValueSpecification\",\"valueRequired\":true,\"valueName\":\"search_term_string\"}}],\"inLanguage\":\"es\"}]}<\/script>\n<!-- \/ Yoast SEO plugin. -->","yoast_head_json":{"title":"Sobre nosotros - AdoptionWorks","robots":{"index":"index","follow":"follow","max-snippet":"max-snippet:-1","max-image-preview":"max-image-preview:large","max-video-preview":"max-video-preview:-1"},"canonical":"https:\/\/adoption-works.org\/es\/sobre-nosotros\/","og_locale":"es_ES","og_type":"article","og_title":"Sobre nosotros - AdoptionWorks","og_description":"[vc_section css=\u00bb.vc_custom_1668698308923{padding-top: 120px !important;padding-bottom: 120px !important;}\u00bb][vc_row content_placement=\u00bbmiddle\u00bb][vc_column width=\u00bb1\/2&#8243;][vc_single_image image=\u00bb621&#8243; img_size=\u00bbfull\u00bb alignment=\u00bbcenter\u00bb css=\u00bb.vc_custom_1670591567856{margin-bottom: 0px !important;}\u00bb][\/vc_column][vc_column width=\u00bb1\/2&#8243;][vc_custom_heading text=\u00bb\u00bfQu\u00e9 es AdoptionWorks?\u00bb use_theme_fonts=\u00bbyes\u00bb css=\u00bb.vc_custom_1668698184991{margin-bottom: 22px !important;}\u00bb][vc_column_text]AdoptionWorks es una agencia de colocaci\u00f3n de ni\u00f1os con licencia completa, que depende del ministerio de ChristianWorks en Dallas, Texas. Ofrecemos servicios de adopci\u00f3n nacional de beb\u00e9s a familias biol\u00f3gicas, parejas adoptivas y adoptados. [&hellip;]","og_url":"https:\/\/adoption-works.org\/es\/sobre-nosotros\/","og_site_name":"AdoptionWorks","article_modified_time":"2023-01-31T12:24:40+00:00","twitter_card":"summary_large_image","twitter_misc":{"Tiempo de lectura":"4 minutos"},"schema":{"@context":"https:\/\/schema.org","@graph":[{"@type":"WebPage","@id":"https:\/\/adoption-works.org\/es\/sobre-nosotros\/","url":"https:\/\/adoption-works.org\/es\/sobre-nosotros\/","name":"Sobre nosotros - AdoptionWorks","isPartOf":{"@id":"https:\/\/adoption-works.org\/es\/#website"},"datePublished":"2022-11-17T14:47:22+00:00","dateModified":"2023-01-31T12:24:40+00:00","breadcrumb":{"@id":"https:\/\/adoption-works.org\/es\/sobre-nosotros\/#breadcrumb"},"inLanguage":"es","potentialAction":[{"@type":"ReadAction","target":["https:\/\/adoption-works.org\/es\/sobre-nosotros\/"]}]},{"@type":"BreadcrumbList","@id":"https:\/\/adoption-works.org\/es\/sobre-nosotros\/#breadcrumb","itemListElement":[{"@type":"ListItem","position":1,"name":"Home","item":"https:\/\/adoption-works.org\/es\/"},{"@type":"ListItem","position":2,"name":"Sobre nosotros"}]},{"@type":"WebSite","@id":"https:\/\/adoption-works.org\/es\/#website","url":"https:\/\/adoption-works.org\/es\/","name":"AdoptionWorks","description":"","potentialAction":[{"@type":"SearchAction","target":{"@type":"EntryPoint","urlTemplate":"https:\/\/adoption-works.org\/es\/?s={search_term_string}"},"query-input":{"@type":"PropertyValueSpecification","valueRequired":true,"valueName":"search_term_string"}}],"inLanguage":"es"}]}},"_links":{"self":[{"href":"https:\/\/adoption-works.org\/es\/wp-json\/wp\/v2\/pages\/630","targetHints":{"allow":["GET"]}}],"collection":[{"href":"https:\/\/adoption-works.org\/es\/wp-json\/wp\/v2\/pages"}],"about":[{"href":"https:\/\/adoption-works.org\/es\/wp-json\/wp\/v2\/types\/page"}],"author":[{"embeddable":true,"href":"https:\/\/adoption-works.org\/es\/wp-json\/wp\/v2\/users\/1"}],"replies":[{"embeddable":true,"href":"https:\/\/adoption-works.org\/es\/wp-json\/wp\/v2\/comments?post=630"}],"version-history":[{"count":11,"href":"https:\/\/adoption-works.org\/es\/wp-json\/wp\/v2\/pages\/630\/revisions"}],"predecessor-version":[{"id":820,"href":"https:\/\/adoption-works.org\/es\/wp-json\/wp\/v2\/pages\/630\/revisions\/820"}],"wp:attachment":[{"href":"https:\/\/adoption-works.org\/es\/wp-json\/wp\/v2\/media?parent=630"}],"curies":[{"name":"wp","href":"https:\/\/api.w.org\/{rel}","templated":true}]}}