{"id":639,"date":"2022-11-20T17:52:30","date_gmt":"2022-11-20T17:52:30","guid":{"rendered":"https:\/\/adoption-works.org\/contacto\/"},"modified":"2023-01-06T17:59:56","modified_gmt":"2023-01-06T17:59:56","slug":"contacto","status":"publish","type":"page","link":"https:\/\/adoption-works.org\/es\/contacto\/","title":{"rendered":"Contacto"},"content":{"rendered":"<div class=\"wpb-content-wrapper\"><p>[vc_section css=\u00bb.vc_custom_1668966544762{padding-top: 120px !important;padding-bottom: 120px !important;}\u00bb][vc_row][vc_column width=\u00bb1\/2&#8243; el_class=\u00bbc-lft-contact\u00bb][vc_custom_heading text=\u00bbNuestra misi\u00f3n es representar la bondad de Dios para los ni\u00f1os y sus familias\u00bb use_theme_fonts=\u00bbyes\u00bb css=\u00bb.vc_custom_1668966576774{margin-bottom: 20px !important;}\u00bb][vc_column_text css=\u00bb.vc_custom_1668967520092{margin-bottom: 40px !important;}\u00bb]Ayudamos a ni\u00f1os y familias a afrontar los retos m\u00e1s dif\u00edciles de la vida. Si la familia es la base de nuestra sociedad, construir hogares y familias sanos deber\u00eda ser una prioridad para todos nosotros. Esa es la filosof\u00eda de ChristianWorks for Children.<\/p>\n<p>Con sus cimientos profundamente arraigados en los principios cristianos, el prop\u00f3sito de ChristianWorks for Children es ayudar a los ni\u00f1os y a sus familias a afrontar y superar incluso los retos m\u00e1s dif\u00edciles de sus vidas. Nos esforzamos por facilitar la construcci\u00f3n de una familia sana y afectuosa para cada ni\u00f1o que conocemos.[\/vc_column_text][vc_row_inner][vc_column_inner width=\u00bb1\/6&#8243;][vc_single_image image=\u00bb580&#8243; img_size=\u00bbfull\u00bb css=\u00bb.vc_custom_1668966930199{margin-bottom: 0px !important;}\u00bb][\/vc_column_inner][vc_column_inner width=\u00bb5\/6&#8243;][vc_custom_heading text=\u00bbSede central\u00bb font_container=\u00bbtag:h3|font_size:24px|text_align:left|color:%231e1e1e\u00bb use_theme_fonts=\u00bbyes\u00bb][vc_column_text]5440 Harvest Hill Rd #140,<br \/>\nDallas, TX 75230[\/vc_column_text][\/vc_column_inner][\/vc_row_inner][vc_row_inner css=\u00bb.vc_custom_1668967418611{border-top-width: 1px !important;border-bottom-width: 1px !important;padding-top: 30px !important;padding-bottom: 30px !important;border-top-color: #cdd1de !important;border-top-style: solid !important;border-bottom-color: #cdd1de !important;border-bottom-style: solid !important;}\u00bb][vc_column_inner width=\u00bb1\/6&#8243; css=\u00bb.vc_custom_1668967452635{padding-top: 0px !important;}\u00bb][vc_single_image image=\u00bb581&#8243; img_size=\u00bbfull\u00bb css=\u00bb.vc_custom_1668967286236{margin-bottom: 0px !important;}\u00bb][\/vc_column_inner][vc_column_inner width=\u00bb5\/6&#8243; css=\u00bb.vc_custom_1668967437655{padding-top: 0px !important;}\u00bb][vc_custom_heading text=\u00bbLl\u00e1manos al\u00bb font_container=\u00bbtag:h3|font_size:24px|text_align:left|color:%231e1e1e\u00bb use_theme_fonts=\u00bbyes\u00bb][vc_column_text css=\u00bb.vc_custom_1670850191848{margin-bottom: 0px !important;padding-bottom: 0px !important;}\u00bb]Oficina de Dallas: <a href=\"tel:972-960-9981\">(972) 960-9981<\/a><br \/>\nApoyo durante el embarazo: (214) 952-7421 (Llame o env\u00ede un mensaje de texto)[\/vc_column_text][\/vc_column_inner][\/vc_row_inner][vc_row_inner][vc_column_inner width=\u00bb1\/6&#8243;][vc_single_image image=\u00bb582&#8243; img_size=\u00bbfull\u00bb css=\u00bb.vc_custom_1668967302787{margin-bottom: 0px !important;}\u00bb][\/vc_column_inner][vc_column_inner width=\u00bb5\/6&#8243;][vc_custom_heading text=\u00bbEnviar por correo a\u00bb font_container=\u00bbtag:h3|font_size:24px|text_align:left|color:%231e1e1e\u00bb use_theme_fonts=\u00bbyes\u00bb][vc_column_text]AdoptionWorks@Christian-Works.org[\/vc_column_text][\/vc_column_inner][\/vc_row_inner][\/vc_column][vc_column width=\u00bb1\/2&#8243; el_class=\u00bbcontact-bx\u00bb][vc_custom_heading text=\u00bbContacto\u00bb font_container=\u00bbtag:h2|text_align:left|color:%23e6869f\u00bb use_theme_fonts=\u00bbyes\u00bb css=\u00bb.vc_custom_1668966714171{margin-bottom: 20px !important;}\u00bb][vc_column_text]No dude en ponerse en contacto con nosotros a trav\u00e9s del siguiente formulario.<br \/>\nNos encantar\u00eda escucharle.[\/vc_column_text]\n<div class=\"wpcf7 no-js\" id=\"wpcf7-f278-o1\" lang=\"en-US\" dir=\"ltr\" data-wpcf7-id=\"278\">\n<div class=\"screen-reader-response\"><p role=\"status\" aria-live=\"polite\" aria-atomic=\"true\"><\/p> <ul><\/ul><\/div>\n<form action=\"\/es\/wp-json\/wp\/v2\/pages\/639#wpcf7-f278-o1\" method=\"post\" class=\"wpcf7-form init\" aria-label=\"Contact form\" novalidate=\"novalidate\" data-status=\"init\">\n<fieldset class=\"hidden-fields-container\"><input type=\"hidden\" name=\"_wpcf7\" value=\"278\" \/><input type=\"hidden\" name=\"_wpcf7_version\" value=\"6.1.4\" \/><input type=\"hidden\" name=\"_wpcf7_locale\" value=\"en_US\" \/><input type=\"hidden\" name=\"_wpcf7_unit_tag\" value=\"wpcf7-f278-o1\" \/><input type=\"hidden\" name=\"_wpcf7_container_post\" value=\"0\" \/><input type=\"hidden\" name=\"_wpcf7_posted_data_hash\" value=\"\" \/><input type=\"hidden\" name=\"_wpcf7_recaptcha_response\" value=\"\" \/>\n<\/fieldset>\n<div class=\"contact-form\">\n\t<div class=\"row\">\n\t\t<div class=\"col-md-6\">\n\t\t\t<p><span class=\"wpcf7-form-control-wrap\" data-name=\"FirstName\"><input size=\"40\" maxlength=\"400\" class=\"wpcf7-form-control wpcf7-text wpcf7-validates-as-required\" aria-required=\"true\" aria-invalid=\"false\" placeholder=\"First Name*\" value=\"\" type=\"text\" name=\"FirstName\" \/><\/span>\n\t\t\t<\/p>\n\t\t<\/div>\n\t\t<div class=\"col-md-6\">\n\t\t\t<p><span class=\"wpcf7-form-control-wrap\" data-name=\"LastName\"><input size=\"40\" maxlength=\"400\" class=\"wpcf7-form-control wpcf7-text wpcf7-validates-as-required\" aria-required=\"true\" aria-invalid=\"false\" placeholder=\"Last Name\" value=\"\" type=\"text\" name=\"LastName\" \/><\/span>\n\t\t\t<\/p>\n\t\t<\/div>\n\t<\/div>\n\t<div class=\"row\">\n\t\t<div class=\"col-md-6\">\n\t\t\t<p><span class=\"wpcf7-form-control-wrap\" data-name=\"EmailAddress\"><input size=\"40\" maxlength=\"400\" class=\"wpcf7-form-control wpcf7-email wpcf7-validates-as-required wpcf7-text wpcf7-validates-as-email\" aria-required=\"true\" aria-invalid=\"false\" placeholder=\"Email Address*\" value=\"\" type=\"email\" name=\"EmailAddress\" \/><\/span>\n\t\t\t<\/p>\n\t\t<\/div>\n\t\t<div class=\"col-md-6 tel-field\">\n\t\t\t<p><span class=\"wpcf7-form-control-wrap\" data-name=\"PhoneNumber\"><input size=\"40\" maxlength=\"400\" class=\"wpcf7-form-control wpcf7-tel wpcf7-validates-as-required wpcf7-text wpcf7-validates-as-tel\" aria-required=\"true\" aria-invalid=\"false\" placeholder=\"Phone Number\" value=\"\" type=\"tel\" name=\"PhoneNumber\" \/><\/span>\n\t\t\t<\/p>\n\t\t<\/div>\n\t<\/div>\n\t<div class=\"row\">\n\t\t<div class=\"col-md-12\">\n\t\t\t<p><span class=\"wpcf7-form-control-wrap\" data-name=\"Subject\"><input size=\"40\" maxlength=\"400\" class=\"wpcf7-form-control wpcf7-text wpcf7-validates-as-required\" aria-required=\"true\" aria-invalid=\"false\" placeholder=\"Subject\" value=\"\" type=\"text\" name=\"Subject\" \/><\/span>\n\t\t\t<\/p>\n\t\t<\/div>\n\t<\/div>\n\t<div class=\"row\">\n\t\t<div class=\"col-md-12\">\n\t\t\t<div class=\"for-select\">\n\t\t\t\t<p><span class=\"wpcf7-form-control-wrap\" data-name=\"LocationPreference\"><select class=\"wpcf7-form-control wpcf7-select wpcf7-validates-as-required\" aria-required=\"true\" aria-invalid=\"false\" name=\"LocationPreference\"><option value=\"Location Preference\">Location Preference<\/option><option value=\"Dallas\">Dallas<\/option><option value=\"Fort Worth\">Fort Worth<\/option><\/select><\/span>\n\t\t\t\t<\/p>\n\t\t\t<\/div>\n\t\t<\/div>\n\t<\/div>\n\t<div class=\"row\">\n\t\t<div class=\"col-md-12\">\n\t\t\t<p><span class=\"wpcf7-form-control-wrap\" data-name=\"Messagegoeshere\"><textarea cols=\"40\" rows=\"10\" maxlength=\"2000\" class=\"wpcf7-form-control wpcf7-textarea\" aria-invalid=\"false\" placeholder=\"Message goes here\" name=\"Messagegoeshere\"><\/textarea><\/span>\n\t\t\t<\/p>\n\t\t<\/div>\n\t<\/div>\n\t<div class=\"row\">\n\t\t<div class=\"col-md-8\">\n\t\t\t<p><span class=\"wpcf7-form-control-wrap\" data-name=\"acceptance-107\"><span class=\"wpcf7-form-control wpcf7-acceptance\"><span class=\"wpcf7-list-item\"><label><input type=\"checkbox\" name=\"acceptance-107\" value=\"1\" aria-invalid=\"false\" \/><span class=\"wpcf7-list-item-label\">I agree to the <a href=\"\/terms-of-use\/\">Terms of Use<\/a> and <a href=\"\/privacy-policy\/\">Privacy Policy<\/a>.<\/span><\/label><\/span><\/span><\/span>\n\t\t\t<\/p>\n\t\t<\/div>\n\t\t<div class=\"col-md-4\">\n\t\t\t<p><input class=\"wpcf7-form-control wpcf7-submit has-spinner\" type=\"submit\" value=\"Submit Request\" \/>\n\t\t\t<\/p>\n\t\t<\/div>\n\t<\/div>\n<\/div><div class=\"wpcf7-response-output\" aria-hidden=\"true\"><\/div>\n<\/form>\n<\/div>\n[\/vc_column][\/vc_row][\/vc_section]<\/p>\n<\/div><!-- AddThis Advanced Settings generic via filter on the_content --><!-- AddThis Share Buttons generic via filter on the_content -->","protected":false},"excerpt":{"rendered":"<p>[vc_section css=\u00bb.vc_custom_1668966544762{padding-top: 120px !important;padding-bottom: 120px !important;}\u00bb][vc_row][vc_column width=\u00bb1\/2&#8243; el_class=\u00bbc-lft-contact\u00bb][vc_custom_heading text=\u00bbNuestra misi\u00f3n es representar la bondad de Dios para los ni\u00f1os y sus familias\u00bb use_theme_fonts=\u00bbyes\u00bb css=\u00bb.vc_custom_1668966576774{margin-bottom: 20px !important;}\u00bb][vc_column_text css=\u00bb.vc_custom_1668967520092{margin-bottom: 40px !important;}\u00bb]Ayudamos a ni\u00f1os y familias a afrontar los retos m\u00e1s dif\u00edciles de la vida. Si la familia es la base de nuestra sociedad, construir hogares y familias [&hellip;]<!-- AddThis Advanced Settings generic via filter on get_the_excerpt --><!-- AddThis Share Buttons generic via filter on get_the_excerpt --><\/p>\n","protected":false},"author":1,"featured_media":0,"parent":0,"menu_order":0,"comment_status":"closed","ping_status":"closed","template":"page-full.php","meta":{"_acf_changed":false,"inline_featured_image":false,"footnotes":""},"class_list":["post-639","page","type-page","status-publish","hentry"],"acf":[],"yoast_head":"<!-- This site is optimized with the Yoast SEO plugin v26.7 - https:\/\/yoast.com\/wordpress\/plugins\/seo\/ -->\n<title>Contacto - AdoptionWorks<\/title>\n<meta name=\"robots\" content=\"index, follow, max-snippet:-1, max-image-preview:large, max-video-preview:-1\" \/>\n<link rel=\"canonical\" href=\"https:\/\/adoption-works.org\/es\/contacto\/\" \/>\n<meta property=\"og:locale\" content=\"es_ES\" \/>\n<meta property=\"og:type\" content=\"article\" \/>\n<meta property=\"og:title\" content=\"Contacto - AdoptionWorks\" \/>\n<meta property=\"og:description\" content=\"[vc_section css=\u00bb.vc_custom_1668966544762{padding-top: 120px !important;padding-bottom: 120px !important;}\u00bb][vc_row][vc_column width=\u00bb1\/2&#8243; el_class=\u00bbc-lft-contact\u00bb][vc_custom_heading text=\u00bbNuestra misi\u00f3n es representar la bondad de Dios para los ni\u00f1os y sus familias\u00bb use_theme_fonts=\u00bbyes\u00bb css=\u00bb.vc_custom_1668966576774{margin-bottom: 20px !important;}\u00bb][vc_column_text css=\u00bb.vc_custom_1668967520092{margin-bottom: 40px !important;}\u00bb]Ayudamos a ni\u00f1os y familias a afrontar los retos m\u00e1s dif\u00edciles de la vida. Si la familia es la base de nuestra sociedad, construir hogares y familias [&hellip;]\" \/>\n<meta property=\"og:url\" content=\"https:\/\/adoption-works.org\/es\/contacto\/\" \/>\n<meta property=\"og:site_name\" content=\"AdoptionWorks\" \/>\n<meta property=\"article:modified_time\" content=\"2023-01-06T17:59:56+00:00\" \/>\n<meta name=\"twitter:card\" content=\"summary_large_image\" \/>\n<meta name=\"twitter:label1\" content=\"Tiempo de lectura\" \/>\n\t<meta name=\"twitter:data1\" content=\"3 minutos\" \/>\n<script type=\"application\/ld+json\" class=\"yoast-schema-graph\">{\"@context\":\"https:\/\/schema.org\",\"@graph\":[{\"@type\":\"WebPage\",\"@id\":\"https:\/\/adoption-works.org\/es\/contacto\/\",\"url\":\"https:\/\/adoption-works.org\/es\/contacto\/\",\"name\":\"Contacto - AdoptionWorks\",\"isPartOf\":{\"@id\":\"https:\/\/adoption-works.org\/es\/#website\"},\"datePublished\":\"2022-11-20T17:52:30+00:00\",\"dateModified\":\"2023-01-06T17:59:56+00:00\",\"breadcrumb\":{\"@id\":\"https:\/\/adoption-works.org\/es\/contacto\/#breadcrumb\"},\"inLanguage\":\"es\",\"potentialAction\":[{\"@type\":\"ReadAction\",\"target\":[\"https:\/\/adoption-works.org\/es\/contacto\/\"]}]},{\"@type\":\"BreadcrumbList\",\"@id\":\"https:\/\/adoption-works.org\/es\/contacto\/#breadcrumb\",\"itemListElement\":[{\"@type\":\"ListItem\",\"position\":1,\"name\":\"Home\",\"item\":\"https:\/\/adoption-works.org\/es\/\"},{\"@type\":\"ListItem\",\"position\":2,\"name\":\"Contacto\"}]},{\"@type\":\"WebSite\",\"@id\":\"https:\/\/adoption-works.org\/es\/#website\",\"url\":\"https:\/\/adoption-works.org\/es\/\",\"name\":\"AdoptionWorks\",\"description\":\"\",\"potentialAction\":[{\"@type\":\"SearchAction\",\"target\":{\"@type\":\"EntryPoint\",\"urlTemplate\":\"https:\/\/adoption-works.org\/es\/?s={search_term_string}\"},\"query-input\":{\"@type\":\"PropertyValueSpecification\",\"valueRequired\":true,\"valueName\":\"search_term_string\"}}],\"inLanguage\":\"es\"}]}<\/script>\n<!-- \/ Yoast SEO plugin. -->","yoast_head_json":{"title":"Contacto - AdoptionWorks","robots":{"index":"index","follow":"follow","max-snippet":"max-snippet:-1","max-image-preview":"max-image-preview:large","max-video-preview":"max-video-preview:-1"},"canonical":"https:\/\/adoption-works.org\/es\/contacto\/","og_locale":"es_ES","og_type":"article","og_title":"Contacto - AdoptionWorks","og_description":"[vc_section css=\u00bb.vc_custom_1668966544762{padding-top: 120px !important;padding-bottom: 120px !important;}\u00bb][vc_row][vc_column width=\u00bb1\/2&#8243; el_class=\u00bbc-lft-contact\u00bb][vc_custom_heading text=\u00bbNuestra misi\u00f3n es representar la bondad de Dios para los ni\u00f1os y sus familias\u00bb use_theme_fonts=\u00bbyes\u00bb css=\u00bb.vc_custom_1668966576774{margin-bottom: 20px !important;}\u00bb][vc_column_text css=\u00bb.vc_custom_1668967520092{margin-bottom: 40px !important;}\u00bb]Ayudamos a ni\u00f1os y familias a afrontar los retos m\u00e1s dif\u00edciles de la vida. Si la familia es la base de nuestra sociedad, construir hogares y familias [&hellip;]","og_url":"https:\/\/adoption-works.org\/es\/contacto\/","og_site_name":"AdoptionWorks","article_modified_time":"2023-01-06T17:59:56+00:00","twitter_card":"summary_large_image","twitter_misc":{"Tiempo de lectura":"3 minutos"},"schema":{"@context":"https:\/\/schema.org","@graph":[{"@type":"WebPage","@id":"https:\/\/adoption-works.org\/es\/contacto\/","url":"https:\/\/adoption-works.org\/es\/contacto\/","name":"Contacto - AdoptionWorks","isPartOf":{"@id":"https:\/\/adoption-works.org\/es\/#website"},"datePublished":"2022-11-20T17:52:30+00:00","dateModified":"2023-01-06T17:59:56+00:00","breadcrumb":{"@id":"https:\/\/adoption-works.org\/es\/contacto\/#breadcrumb"},"inLanguage":"es","potentialAction":[{"@type":"ReadAction","target":["https:\/\/adoption-works.org\/es\/contacto\/"]}]},{"@type":"BreadcrumbList","@id":"https:\/\/adoption-works.org\/es\/contacto\/#breadcrumb","itemListElement":[{"@type":"ListItem","position":1,"name":"Home","item":"https:\/\/adoption-works.org\/es\/"},{"@type":"ListItem","position":2,"name":"Contacto"}]},{"@type":"WebSite","@id":"https:\/\/adoption-works.org\/es\/#website","url":"https:\/\/adoption-works.org\/es\/","name":"AdoptionWorks","description":"","potentialAction":[{"@type":"SearchAction","target":{"@type":"EntryPoint","urlTemplate":"https:\/\/adoption-works.org\/es\/?s={search_term_string}"},"query-input":{"@type":"PropertyValueSpecification","valueRequired":true,"valueName":"search_term_string"}}],"inLanguage":"es"}]}},"_links":{"self":[{"href":"https:\/\/adoption-works.org\/es\/wp-json\/wp\/v2\/pages\/639","targetHints":{"allow":["GET"]}}],"collection":[{"href":"https:\/\/adoption-works.org\/es\/wp-json\/wp\/v2\/pages"}],"about":[{"href":"https:\/\/adoption-works.org\/es\/wp-json\/wp\/v2\/types\/page"}],"author":[{"embeddable":true,"href":"https:\/\/adoption-works.org\/es\/wp-json\/wp\/v2\/users\/1"}],"replies":[{"embeddable":true,"href":"https:\/\/adoption-works.org\/es\/wp-json\/wp\/v2\/comments?post=639"}],"version-history":[{"count":4,"href":"https:\/\/adoption-works.org\/es\/wp-json\/wp\/v2\/pages\/639\/revisions"}],"predecessor-version":[{"id":681,"href":"https:\/\/adoption-works.org\/es\/wp-json\/wp\/v2\/pages\/639\/revisions\/681"}],"wp:attachment":[{"href":"https:\/\/adoption-works.org\/es\/wp-json\/wp\/v2\/media?parent=639"}],"curies":[{"name":"wp","href":"https:\/\/api.w.org\/{rel}","templated":true}]}}