{"id":640,"date":"2022-11-20T18:31:46","date_gmt":"2022-11-20T18:31:46","guid":{"rendered":"https:\/\/adoption-works.org\/educacion-para-la-adopcion\/"},"modified":"2023-01-27T20:27:11","modified_gmt":"2023-01-27T20:27:11","slug":"educacion-para-la-adopcion","status":"publish","type":"page","link":"https:\/\/adoption-works.org\/es\/educacion-para-la-adopcion\/","title":{"rendered":"Educaci\u00f3n para la adopci\u00f3n"},"content":{"rendered":"<div class=\"wpb-content-wrapper\"><p>[vc_section css=\u00bb.vc_custom_1668698308923{padding-top: 120px !important;padding-bottom: 120px !important;}\u00bb][vc_row content_placement=\u00bbmiddle\u00bb][vc_column width=\u00bb1\/2&#8243;][vc_single_image image=\u00bb583&#8243; img_size=\u00bbfull\u00bb alignment=\u00bbcenter\u00bb css=\u00bb.vc_custom_1668969771039{margin-bottom: 0px !important;}\u00bb][\/vc_column][vc_column width=\u00bb1\/2&#8243;][vc_custom_heading text=\u00bbLengua de adopci\u00f3n\u00bb use_theme_fonts=\u00bbyes\u00bb css=\u00bb.vc_custom_1668969081971{margin-bottom: 22px !important;}\u00bb][vc_column_text]La forma en que utilizamos las palabras y el lenguaje para describir la adopci\u00f3n transmite determinadas actitudes y valores que podemos tener. Tambi\u00e9n repercute en los adoptados que nos oyen hablar de adopci\u00f3n.<br \/>\nLa comunidad de la adopci\u00f3n cuenta con un conjunto de palabras y frases ampliamente consensuadas que nos ayudan a promover debates positivos sobre la adopci\u00f3n dentro y fuera de la comunidad de la adopci\u00f3n. A continuaci\u00f3n ofrecemos algunos ejemplos de lenguaje positivo sobre la adopci\u00f3n que pueden utilizarse en lugar de frases comunes que podr\u00edan resultar hirientes para los miembros de la tr\u00edada adoptiva.<br \/>\nEducamos a los dem\u00e1s sobre la adopci\u00f3n en la forma en que hablamos y escribimos sobre ella, con la esperanza de que este lenguaje se convierta alg\u00fan d\u00eda en la norma. Los que formamos parte de la comunidad de la adopci\u00f3n debemos utilizar un lenguaje positivo sobre la adopci\u00f3n que anime a los dem\u00e1s a ser respetuosos con aquellos cuyas vidas se han visto afectadas por la adopci\u00f3n.[\/vc_column_text][vc_btn title=\u00bbContacto\u00bb style=\u00bbclassic\u00bb link=\u00bburl:https%3A%2F%2Fadoption-works.org%2Fcontact-us%2F|title:Contacto|\u00bb el_class=\u00bbprimary-btn\u00bb][\/vc_column][\/vc_row][\/vc_section][vc_section full_width=\u00bbstretch_row\u00bb css=\u00bb.vc_custom_1668969834224{padding-top: 120px !important;padding-bottom: 120px !important;background-image: url(https:\/\/adoption-works.org\/wp-content\/uploads\/2022\/11\/adopt-table-bg.jpg?id=293) !important;background-position: center !important;background-repeat: no-repeat !important;background-size: cover !important;}\u00bb el_class=\u00bbabt-mid-sec faq-sec\u00bb][vc_row][vc_column width=\u00bb1\/6&#8243;][\/vc_column][vc_column width=\u00bb2\/3&#8243; css=\u00bb.vc_custom_1668969839441{padding-top: 0px !important;}\u00bb][vc_column_text css=\u00bb.vc_custom_1674850166642{margin-bottom: 0px !important;}\u00bb]\n<table id=\"tablepress-3\" class=\"tablepress tablepress-id-3\">\n<thead>\n<tr class=\"row-1\">\n\t<th class=\"column-1\">Lenguaje Positivo<\/th><th class=\"column-2\">Lenguaje Negativo<\/th>\n<\/tr>\n<\/thead>\n<tbody class=\"row-striping\">\n<tr class=\"row-2\">\n\t<td class=\"column-1\">Padre biol\u00f3gico<\/td><td class=\"column-2\">Madre real<\/td>\n<\/tr>\n<tr class=\"row-3\">\n\t<td class=\"column-1\">Padre biol\u00f3gico<\/td><td class=\"column-2\">Padre natural<\/td>\n<\/tr>\n<tr class=\"row-4\">\n\t<td class=\"column-1\">Nacimiento ni\u00f1o<\/td><td class=\"column-2\">Propio hijo<\/td>\n<\/tr>\n<tr class=\"row-5\">\n\t<td class=\"column-1\">Mi hijo<\/td><td class=\"column-2\">Ni\u00f1o adoptado; hijo propio; ni\u00f1o verdadero<\/td>\n<\/tr>\n<tr class=\"row-6\">\n\t<td class=\"column-1\">Nacido de padres solteros<\/td><td class=\"column-2\">Ileg\u00edtimo<\/td>\n<\/tr>\n<tr class=\"row-7\">\n\t<td class=\"column-1\">Renunciar a los derechos de los padres<\/td><td class=\"column-2\">Darse por vencido; Donar<\/td>\n<\/tr>\n<tr class=\"row-8\">\n\t<td class=\"column-1\">Hacer un plan de adopci\u00f3n<\/td><td class=\"column-2\">Donar; Darse por vencido<\/td>\n<\/tr>\n<tr class=\"row-9\">\n\t<td class=\"column-1\">Al padre<\/td><td class=\"column-2\">Mantener<\/td>\n<\/tr>\n<tr class=\"row-10\">\n\t<td class=\"column-1\">Hacer contacto con<\/td><td class=\"column-2\">Reuni\u00f3n<\/td>\n<\/tr>\n<tr class=\"row-11\">\n\t<td class=\"column-1\">Padre\/Madre<\/td><td class=\"column-2\">Madre adoptiva\/Padre adoptivo<\/td>\n<\/tr>\n<tr class=\"row-12\">\n\t<td class=\"column-1\">Adopci\u00f3n Internacional<\/td><td class=\"column-2\">Adopci\u00f3n Extranjera<\/td>\n<\/tr>\n<tr class=\"row-13\">\n\t<td class=\"column-1\">Permiso para firmar un comunicado<\/td><td class=\"column-2\">Divulgaci\u00f3n<\/td>\n<\/tr>\n<tr class=\"row-14\">\n\t<td class=\"column-1\">Buscar<\/td><td class=\"column-2\">Rastrear a los padres<\/td>\n<\/tr>\n<tr class=\"row-15\">\n\t<td class=\"column-1\">Ni\u00f1o colocada en adopci\u00f3n<\/td><td class=\"column-2\">Ni\u00f1o abandonado<\/td>\n<\/tr>\n<tr class=\"row-16\">\n\t<td class=\"column-1\">Terminaci\u00f3n de la corte<\/td><td class=\"column-2\">Ni\u00f1o quitado<\/td>\n<\/tr>\n<tr class=\"row-17\">\n\t<td class=\"column-1\">Ni\u00f1o con necesidades especiales<\/td><td class=\"column-2\">Ni\u00f1o discapacitado<\/td>\n<\/tr>\n<tr class=\"row-18\">\n\t<td class=\"column-1\">Ni\u00f1o del extranjero<\/td><td class=\"column-2\">Ni\u00f1o extranjero<\/td>\n<\/tr>\n<\/tbody>\n<\/table>\n[\/vc_column_text][\/vc_column][vc_column width=\u00bb1\/6&#8243;][\/vc_column][\/vc_row][\/vc_section][vc_section full_width=\u00bbstretch_row\u00bb css=\u00bb.vc_custom_1668970517325{padding-top: 120px !important;padding-bottom: 120px !important;background-position: center !important;background-repeat: no-repeat !important;background-size: cover !important;}\u00bb][vc_row][vc_column][vc_custom_heading text=\u00bbT\u00e9rminos y significados de la adopci\u00f3n\u00bb font_container=\u00bbtag:h2|text_align:center\u00bb use_theme_fonts=\u00bbyes\u00bb css=\u00bb.vc_custom_1668970537264{margin-bottom: 22px !important;}\u00bb][vc_column_text]<\/p>\n<p style=\"text-align: center;\">Muchos t\u00e9rminos de la comunidad de adopci\u00f3n pueden resultarle desconocidos. He aqu\u00ed algunos t\u00e9rminos clave<br \/>\nen sus interacciones en la comunidad de adopci\u00f3n.<\/p>\n<p>[\/vc_column_text][vc_column_text css=\u00bb.vc_custom_1674851211453{margin-bottom: 0px !important;}\u00bb el_class=\u00bbhide-table\u00bb]\n<table id=\"tablepress-4\" class=\"tablepress tablepress-id-4\">\n<tbody class=\"row-striping\">\n<tr class=\"row-1\">\n\t<td class=\"column-1\">Presunto\/Asumido Padre<\/td><td class=\"column-2\">Este t\u00e9rmino se refiere al hombre que una mujer nombra como padre de su hijo<\/td>\n<\/tr>\n<tr class=\"row-2\">\n\t<td class=\"column-1\">Padre biol\u00f3gico<\/td><td class=\"column-2\">Este t\u00e9rmino se refiere a un hombre que tiene estatus legal como padre natural del ni\u00f1o, ya sea que est\u00e9 casado con la mujer o no.<\/td>\n<\/tr>\n<tr class=\"row-3\">\n\t<td class=\"column-1\">Familia biol\u00f3gica<\/td><td class=\"column-2\">Cualquier persona que sea miembro de la familia extendida biol\u00f3gica del ni\u00f1o (incluyendo t\u00edos y t\u00edas, abuelos, etc.).<\/td>\n<\/tr>\n<tr class=\"row-4\">\n\t<td class=\"column-1\">Padre biol\u00f3gico\/Primer padre<\/td><td class=\"column-2\">El padre biol\u00f3gico del ni\u00f1o. Este t\u00e9rmino se usa solo una vez que se ha firmado la renuncia. Hasta entonces, usamos el t\u00e9rmino \u201cfuturo padre\u201d o simplemente \u201cpadre\u201d<\/td>\n<\/tr>\n<tr class=\"row-5\">\n\t<td class=\"column-1\">Madre biol\u00f3gica\/primera madre<\/td><td class=\"column-2\">La madre biol\u00f3gica del ni\u00f1o. Este t\u00e9rmino se usa solo una vez que se ha firmado la renuncia. Hasta entonces, usamos el t\u00e9rmino \u201cmadre embarazada\u201d o simplemente \u201cmadre\u201d.<\/td>\n<\/tr>\n<tr class=\"row-6\">\n\t<td class=\"column-1\">Hermano de nacimiento<\/td><td class=\"column-2\">El hermano biol\u00f3gico del adoptado de cualquiera de los padres biol\u00f3gicos.<\/td>\n<\/tr>\n<tr class=\"row-7\">\n\t<td class=\"column-1\">Elegido<\/td><td class=\"column-2\">T\u00e9rmino utilizado una vez que una futura madre selecciona una familia para hacer un plan de adopci\u00f3n para el ni\u00f1o.<\/td>\n<\/tr>\n<tr class=\"row-8\">\n\t<td class=\"column-1\">Derecho<\/td><td class=\"column-2\">El sentimiento de dignidad de ser los padres del ni\u00f1o. Contrariamente a su connotaci\u00f3n negativa en otros casos, la palabra \u201cderecho\u201d se refiere a un sentimiento positivo de confianza para los padres adoptivos.<\/td>\n<\/tr>\n<tr class=\"row-9\">\n\t<td class=\"column-1\">Ceremonia de encomienda<\/td><td class=\"column-2\">Esta es una ceremonia voluntaria, no obligatoria, en la que la madre biol\u00f3gica \u201cconf\u00eda\u201d la vida de su hijo a la familia adoptiva. A menudo es un momento personal para que la madre biol\u00f3gica y la familia adoptiva se visiten entre s\u00ed.<\/td>\n<\/tr>\n<tr class=\"row-10\">\n\t<td class=\"column-1\">Futura madre<\/td><td class=\"column-2\">Cualquier mujer embarazada. En el mundo de la adopci\u00f3n, esto incluye a una mujer que est\u00e1 haciendo activamente un plan de adopci\u00f3n. Todav\u00eda se la considera madre de un ni\u00f1o hasta que haya firmado legalmente la renuncia a los derechos de paternidad; solo entonces usamos el t\u00e9rmino \u201cprimera madre\u201d o \u201cmadre biol\u00f3gica\u201d.<\/td>\n<\/tr>\n<tr class=\"row-11\">\n\t<td class=\"column-1\">finalizaci\u00f3n<\/td><td class=\"column-2\">La adopci\u00f3n se consuma en este momento y los padres adoptivos se convierten en los padres legales del ni\u00f1o ante un juez. Esto puede ocurrir despu\u00e9s de la finalizaci\u00f3n satisfactoria del per\u00edodo de supervisi\u00f3n posterior a la colocaci\u00f3n de seis meses.<\/td>\n<\/tr>\n<tr class=\"row-12\">\n\t<td class=\"column-1\">Padres adoptivos esperanzados<\/td><td class=\"column-2\">Este t\u00e9rmino se refiere a una pareja que se ha emparejado con una futura madre.<\/td>\n<\/tr>\n<tr class=\"row-13\">\n\t<td class=\"column-1\">padre legal<\/td><td class=\"column-2\">Este t\u00e9rmino se refiere a un hombre que est\u00e1 casado con la futura madre. Puede o no ser el padre biol\u00f3gico del ni\u00f1o.<\/td>\n<\/tr>\n<tr class=\"row-14\">\n\t<td class=\"column-1\">Reuni\u00f3n de partido<\/td><td class=\"column-2\">Un momento en el que una futura madre se encuentra con una familia que espera sobre la que puede estar interesada en aprender m\u00e1s.<\/td>\n<\/tr>\n<tr class=\"row-15\">\n\t<td class=\"column-1\">Emparejado<\/td><td class=\"column-2\">T\u00e9rmino utilizado una vez que una futura madre selecciona una familia para hacer un plan de adopci\u00f3n para el ni\u00f1o.<\/td>\n<\/tr>\n<tr class=\"row-16\">\n\t<td class=\"column-1\">Registro de Paternidad<\/td><td class=\"column-2\">En el Estado de Texas, la Oficina de Estad\u00edsticas Vitales brinda la oportunidad de proteger los derechos de los padres que creen que pueden haber sido padres de un ni\u00f1o. La ley establece que es responsabilidad del hombre saber que puede ocurrir un embarazo a partir de un encuentro sexual y \u201cregistrar\u201d su informaci\u00f3n si desea preservar sus derechos como padre. El formulario debe presentarse antes o dentro de los 30 d\u00edas posteriores a la fecha de nacimiento del ni\u00f1o.<\/td>\n<\/tr>\n<tr class=\"row-17\">\n\t<td class=\"column-1\">Servicios posteriores a la adopci\u00f3n<\/td><td class=\"column-2\">Este t\u00e9rmino se refiere a los servicios proporcionados por la agencia despu\u00e9s de la adopci\u00f3n de un ni\u00f1o.<\/td>\n<\/tr>\n<tr class=\"row-18\">\n\t<td class=\"column-1\">Supervisi\u00f3n posterior a la colocaci\u00f3n<\/td><td class=\"column-2\">El per\u00edodo de seis meses posterior a la colocaci\u00f3n en el que la agencia sigue siendo el tutor principal del ni\u00f1o y debe tener contacto mensual con la familia para supervisar el crecimiento, el desarrollo y la integraci\u00f3n del ni\u00f1o en la Familia.<\/td>\n<\/tr>\n<tr class=\"row-19\">\n\t<td class=\"column-1\">Servicio de Citaci\u00f3n<\/td><td class=\"column-2\">Un procedimiento legal en el que se notifica personalmente a un padre biol\u00f3gico con una citaci\u00f3n. Esto puede ocurrir cuando un padre biol\u00f3gico no ha respondido despu\u00e9s de haber sido localizado y contactado con respecto a su supuesta paternidad. Si el padre no responde presentando oportunamente una admisi\u00f3n de paternidad o una reconvenci\u00f3n por paternidad, entonces sus derechos pueden ser terminados.<\/td>\n<\/tr>\n<tr class=\"row-20\">\n\t<td class=\"column-1\">Terminaci\u00f3n de los derechos de los padres<\/td><td class=\"column-2\">Si el tribunal encuentra motivos claros y convincentes para la terminaci\u00f3n de la relaci\u00f3n padre-hijo, dictar\u00e1 una orden de terminaci\u00f3n de la relaci\u00f3n padre-hijo que priva al padre y al hijo de todos los derechos y deberes legales con respecto al otro.<\/td>\n<\/tr>\n<tr class=\"row-21\">\n\t<td class=\"column-1\">Renuncia a los derechos de los padres<\/td><td class=\"column-2\">El documento que firma un padre para dar por terminado voluntariamente sus derechos de crianza de su hijo. Este documento es permanente e irrevocable. En el estado de Texas, una mujer no puede firmar este documento hasta POR LO MENOS 48 horas despu\u00e9s del nacimiento de su hijo. Si un ni\u00f1o tiene un padre legal, tambi\u00e9n debe firmar un documento de renuncia.<\/td>\n<\/tr>\n<\/tbody>\n<\/table>\n[\/vc_column_text][vc_column_text el_class=\u00bbhide-table-toggle\u00bb]<\/p>\n<h3 style=\"text-align: center;\">Ocultar tabla completa<\/h3>\n<p>[\/vc_column_text][\/vc_column][\/vc_row][\/vc_section][vc_section css=\u00bb.vc_custom_1668971195900{margin-bottom: 120px !important;}\u00bb][vc_row][vc_column][vc_row_inner content_placement=\u00bbmiddle\u00bb css=\u00bb.vc_custom_1671024232278{padding-top: 56px !important;background-image: url(https:\/\/adoption-works.org\/wp-content\/uploads\/2022\/12\/cta-bg-altr.png?id=530) !important;background-position: 0 0 !important;background-repeat: no-repeat !important;}\u00bb el_class=\u00bbcta-altr\u00bb][vc_column_inner width=\u00bb1\/2&#8243; css=\u00bb.vc_custom_1668942987047{padding-top: 133px !important;padding-left: 80px !important;}\u00bb][vc_custom_heading text=\u00bbP\u00f3ngase en contacto con nosotros\u00bb font_container=\u00bbtag:h2|text_align:left|color:%23ffffff\u00bb use_theme_fonts=\u00bbyes\u00bb css=\u00bb.vc_custom_1668969157173{margin-bottom: 15px !important;}\u00bb][vc_custom_heading text=\u00bbSi est\u00e1 pensando en dar en adopci\u00f3n a su hijo, ll\u00e1menos o env\u00edenos un mensaje de texto directamente.\u00bb font_container=\u00bbtag:p|text_align:left|color:%23ffffff\u00bb use_theme_fonts=\u00bbyes\u00bb css=\u00bb.vc_custom_1668969164285{margin-bottom: 30px !important;}\u00bb][vc_btn title=\u00bbContacto\u00bb style=\u00bbclassic\u00bb el_class=\u00bbprimary-btn wht\u00bb link=\u00bburl:https%3A%2F%2Fadoption-works.org%2Fcontact-us%2F|title:Contacto|\u00bb][vc_column_text el_class=\u00bbcall-cta-bt\u00bb]LL\u00c1MANOS<br \/>\n<a href=\"tel:2149527421\"><strong>214-952-7421<\/strong><\/a>[\/vc_column_text][\/vc_column_inner][vc_column_inner width=\u00bb1\/2&#8243; css=\u00bb.vc_custom_1668942415263{padding-top: 0px !important;padding-right: 60px !important;padding-bottom: 75px !important;}\u00bb][vc_single_image image=\u00bb611&#8243; img_size=\u00bbfull\u00bb alignment=\u00bbright\u00bb css=\u00bb.vc_custom_1669602430371{margin-bottom: 0px !important;}\u00bb][\/vc_column_inner][\/vc_row_inner][\/vc_column][\/vc_row][\/vc_section][vc_section full_width=\u00bbstretch_row\u00bb css=\u00bb.vc_custom_1668663032468{padding-top: 30px !important;padding-bottom: 30px !important;background-image: url(https:\/\/adoption-works.org\/wp-content\/uploads\/2022\/11\/news-bg.jpg?id=82) !important;}\u00bb][vc_row content_placement=\u00bbmiddle\u00bb][vc_column width=\u00bb1\/3&#8243;][vc_custom_heading text=\u00bbSuscr\u00edbete al bolet\u00edn\u00bb font_container=\u00bbtag:h3|font_size:44px|text_align:left|color:%23ffffff\u00bb use_theme_fonts=\u00bbyes\u00bb css=\u00bb.vc_custom_1674664866717{margin-bottom: 0px !important;}\u00bb][\/vc_column][vc_column width=\u00bb2\/3&#8243;]\n<div class=\"wpcf7 no-js\" id=\"wpcf7-f85-o1\" lang=\"en-US\" dir=\"ltr\" data-wpcf7-id=\"85\">\n<div class=\"screen-reader-response\"><p role=\"status\" aria-live=\"polite\" aria-atomic=\"true\"><\/p> <ul><\/ul><\/div>\n<form action=\"\/es\/wp-json\/wp\/v2\/pages\/640#wpcf7-f85-o1\" method=\"post\" class=\"wpcf7-form init\" aria-label=\"Contact form\" novalidate=\"novalidate\" data-status=\"init\">\n<fieldset class=\"hidden-fields-container\"><input type=\"hidden\" name=\"_wpcf7\" value=\"85\" \/><input type=\"hidden\" name=\"_wpcf7_version\" value=\"6.1.4\" \/><input type=\"hidden\" name=\"_wpcf7_locale\" value=\"en_US\" \/><input type=\"hidden\" name=\"_wpcf7_unit_tag\" value=\"wpcf7-f85-o1\" \/><input type=\"hidden\" name=\"_wpcf7_container_post\" value=\"0\" \/><input type=\"hidden\" name=\"_wpcf7_posted_data_hash\" value=\"\" \/><input type=\"hidden\" name=\"_wpcf7_recaptcha_response\" value=\"\" \/>\n<\/fieldset>\n<div class=\"row news-form\">\n\t<div class=\"col-sm-5\">\n\t\t<p><span class=\"wpcf7-form-control-wrap\" data-name=\"YourName\"><input size=\"40\" maxlength=\"400\" class=\"wpcf7-form-control wpcf7-text wpcf7-validates-as-required\" aria-required=\"true\" aria-invalid=\"false\" placeholder=\"Your Name*\" value=\"\" type=\"text\" name=\"YourName\" \/><\/span>\n\t\t<\/p>\n\t<\/div>\n\t<div class=\"col-sm-5\">\n\t\t<p><span class=\"wpcf7-form-control-wrap\" data-name=\"EmailAddress\"><input size=\"40\" maxlength=\"400\" class=\"wpcf7-form-control wpcf7-email wpcf7-validates-as-required wpcf7-text wpcf7-validates-as-email\" aria-required=\"true\" aria-invalid=\"false\" placeholder=\"Email Address*\" value=\"\" type=\"email\" name=\"EmailAddress\" \/><\/span>\n\t\t<\/p>\n\t<\/div>\n\t<div class=\"col-sm-2 pr-0\">\n\t\t<p><input class=\"wpcf7-form-control wpcf7-submit has-spinner\" type=\"submit\" value=\"Subscribe\" \/>\n\t\t<\/p>\n\t<\/div>\n<\/div><div class=\"wpcf7-response-output\" aria-hidden=\"true\"><\/div>\n<\/form>\n<\/div>\n[\/vc_column][\/vc_row][\/vc_section]<\/p>\n<\/div><!-- AddThis Advanced Settings generic via filter on the_content --><!-- AddThis Share Buttons generic via filter on the_content -->","protected":false},"excerpt":{"rendered":"<p>[vc_section css=\u00bb.vc_custom_1668698308923{padding-top: 120px !important;padding-bottom: 120px !important;}\u00bb][vc_row content_placement=\u00bbmiddle\u00bb][vc_column width=\u00bb1\/2&#8243;][vc_single_image image=\u00bb583&#8243; img_size=\u00bbfull\u00bb alignment=\u00bbcenter\u00bb css=\u00bb.vc_custom_1668969771039{margin-bottom: 0px !important;}\u00bb][\/vc_column][vc_column width=\u00bb1\/2&#8243;][vc_custom_heading text=\u00bbLengua de adopci\u00f3n\u00bb use_theme_fonts=\u00bbyes\u00bb css=\u00bb.vc_custom_1668969081971{margin-bottom: 22px !important;}\u00bb][vc_column_text]La forma en que utilizamos las palabras y el lenguaje para describir la adopci\u00f3n transmite determinadas actitudes y valores que podemos tener. Tambi\u00e9n repercute en los adoptados que nos oyen hablar de adopci\u00f3n. La [&hellip;]<!-- AddThis Advanced Settings generic via filter on get_the_excerpt --><!-- AddThis Share Buttons generic via filter on get_the_excerpt --><\/p>\n","protected":false},"author":1,"featured_media":0,"parent":0,"menu_order":0,"comment_status":"closed","ping_status":"closed","template":"page-full.php","meta":{"_acf_changed":false,"inline_featured_image":false,"footnotes":""},"class_list":["post-640","page","type-page","status-publish","hentry"],"acf":[],"yoast_head":"<!-- This site is optimized with the Yoast SEO plugin v26.7 - https:\/\/yoast.com\/wordpress\/plugins\/seo\/ -->\n<title>Educaci\u00f3n para la adopci\u00f3n - AdoptionWorks<\/title>\n<meta name=\"robots\" content=\"index, follow, max-snippet:-1, max-image-preview:large, max-video-preview:-1\" \/>\n<link rel=\"canonical\" href=\"https:\/\/adoption-works.org\/es\/educacion-para-la-adopcion\/\" \/>\n<meta property=\"og:locale\" content=\"es_ES\" \/>\n<meta property=\"og:type\" content=\"article\" \/>\n<meta property=\"og:title\" content=\"Educaci\u00f3n para la adopci\u00f3n - AdoptionWorks\" \/>\n<meta property=\"og:description\" content=\"[vc_section css=\u00bb.vc_custom_1668698308923{padding-top: 120px !important;padding-bottom: 120px !important;}\u00bb][vc_row content_placement=\u00bbmiddle\u00bb][vc_column width=\u00bb1\/2&#8243;][vc_single_image image=\u00bb583&#8243; img_size=\u00bbfull\u00bb alignment=\u00bbcenter\u00bb css=\u00bb.vc_custom_1668969771039{margin-bottom: 0px !important;}\u00bb][\/vc_column][vc_column width=\u00bb1\/2&#8243;][vc_custom_heading text=\u00bbLengua de adopci\u00f3n\u00bb use_theme_fonts=\u00bbyes\u00bb css=\u00bb.vc_custom_1668969081971{margin-bottom: 22px !important;}\u00bb][vc_column_text]La forma en que utilizamos las palabras y el lenguaje para describir la adopci\u00f3n transmite determinadas actitudes y valores que podemos tener. Tambi\u00e9n repercute en los adoptados que nos oyen hablar de adopci\u00f3n. La [&hellip;]\" \/>\n<meta property=\"og:url\" content=\"https:\/\/adoption-works.org\/es\/educacion-para-la-adopcion\/\" \/>\n<meta property=\"og:site_name\" content=\"AdoptionWorks\" \/>\n<meta property=\"article:modified_time\" content=\"2023-01-27T20:27:11+00:00\" \/>\n<meta name=\"twitter:card\" content=\"summary_large_image\" \/>\n<meta name=\"twitter:label1\" content=\"Tiempo de lectura\" \/>\n\t<meta name=\"twitter:data1\" content=\"4 minutos\" \/>\n<script type=\"application\/ld+json\" class=\"yoast-schema-graph\">{\"@context\":\"https:\/\/schema.org\",\"@graph\":[{\"@type\":\"WebPage\",\"@id\":\"https:\/\/adoption-works.org\/es\/educacion-para-la-adopcion\/\",\"url\":\"https:\/\/adoption-works.org\/es\/educacion-para-la-adopcion\/\",\"name\":\"Educaci\u00f3n para la adopci\u00f3n - AdoptionWorks\",\"isPartOf\":{\"@id\":\"https:\/\/adoption-works.org\/es\/#website\"},\"datePublished\":\"2022-11-20T18:31:46+00:00\",\"dateModified\":\"2023-01-27T20:27:11+00:00\",\"breadcrumb\":{\"@id\":\"https:\/\/adoption-works.org\/es\/educacion-para-la-adopcion\/#breadcrumb\"},\"inLanguage\":\"es\",\"potentialAction\":[{\"@type\":\"ReadAction\",\"target\":[\"https:\/\/adoption-works.org\/es\/educacion-para-la-adopcion\/\"]}]},{\"@type\":\"BreadcrumbList\",\"@id\":\"https:\/\/adoption-works.org\/es\/educacion-para-la-adopcion\/#breadcrumb\",\"itemListElement\":[{\"@type\":\"ListItem\",\"position\":1,\"name\":\"Home\",\"item\":\"https:\/\/adoption-works.org\/es\/\"},{\"@type\":\"ListItem\",\"position\":2,\"name\":\"Educaci\u00f3n para la adopci\u00f3n\"}]},{\"@type\":\"WebSite\",\"@id\":\"https:\/\/adoption-works.org\/es\/#website\",\"url\":\"https:\/\/adoption-works.org\/es\/\",\"name\":\"AdoptionWorks\",\"description\":\"\",\"potentialAction\":[{\"@type\":\"SearchAction\",\"target\":{\"@type\":\"EntryPoint\",\"urlTemplate\":\"https:\/\/adoption-works.org\/es\/?s={search_term_string}\"},\"query-input\":{\"@type\":\"PropertyValueSpecification\",\"valueRequired\":true,\"valueName\":\"search_term_string\"}}],\"inLanguage\":\"es\"}]}<\/script>\n<!-- \/ Yoast SEO plugin. -->","yoast_head_json":{"title":"Educaci\u00f3n para la adopci\u00f3n - AdoptionWorks","robots":{"index":"index","follow":"follow","max-snippet":"max-snippet:-1","max-image-preview":"max-image-preview:large","max-video-preview":"max-video-preview:-1"},"canonical":"https:\/\/adoption-works.org\/es\/educacion-para-la-adopcion\/","og_locale":"es_ES","og_type":"article","og_title":"Educaci\u00f3n para la adopci\u00f3n - AdoptionWorks","og_description":"[vc_section css=\u00bb.vc_custom_1668698308923{padding-top: 120px !important;padding-bottom: 120px !important;}\u00bb][vc_row content_placement=\u00bbmiddle\u00bb][vc_column width=\u00bb1\/2&#8243;][vc_single_image image=\u00bb583&#8243; img_size=\u00bbfull\u00bb alignment=\u00bbcenter\u00bb css=\u00bb.vc_custom_1668969771039{margin-bottom: 0px !important;}\u00bb][\/vc_column][vc_column width=\u00bb1\/2&#8243;][vc_custom_heading text=\u00bbLengua de adopci\u00f3n\u00bb use_theme_fonts=\u00bbyes\u00bb css=\u00bb.vc_custom_1668969081971{margin-bottom: 22px !important;}\u00bb][vc_column_text]La forma en que utilizamos las palabras y el lenguaje para describir la adopci\u00f3n transmite determinadas actitudes y valores que podemos tener. Tambi\u00e9n repercute en los adoptados que nos oyen hablar de adopci\u00f3n. La [&hellip;]","og_url":"https:\/\/adoption-works.org\/es\/educacion-para-la-adopcion\/","og_site_name":"AdoptionWorks","article_modified_time":"2023-01-27T20:27:11+00:00","twitter_card":"summary_large_image","twitter_misc":{"Tiempo de lectura":"4 minutos"},"schema":{"@context":"https:\/\/schema.org","@graph":[{"@type":"WebPage","@id":"https:\/\/adoption-works.org\/es\/educacion-para-la-adopcion\/","url":"https:\/\/adoption-works.org\/es\/educacion-para-la-adopcion\/","name":"Educaci\u00f3n para la adopci\u00f3n - AdoptionWorks","isPartOf":{"@id":"https:\/\/adoption-works.org\/es\/#website"},"datePublished":"2022-11-20T18:31:46+00:00","dateModified":"2023-01-27T20:27:11+00:00","breadcrumb":{"@id":"https:\/\/adoption-works.org\/es\/educacion-para-la-adopcion\/#breadcrumb"},"inLanguage":"es","potentialAction":[{"@type":"ReadAction","target":["https:\/\/adoption-works.org\/es\/educacion-para-la-adopcion\/"]}]},{"@type":"BreadcrumbList","@id":"https:\/\/adoption-works.org\/es\/educacion-para-la-adopcion\/#breadcrumb","itemListElement":[{"@type":"ListItem","position":1,"name":"Home","item":"https:\/\/adoption-works.org\/es\/"},{"@type":"ListItem","position":2,"name":"Educaci\u00f3n para la adopci\u00f3n"}]},{"@type":"WebSite","@id":"https:\/\/adoption-works.org\/es\/#website","url":"https:\/\/adoption-works.org\/es\/","name":"AdoptionWorks","description":"","potentialAction":[{"@type":"SearchAction","target":{"@type":"EntryPoint","urlTemplate":"https:\/\/adoption-works.org\/es\/?s={search_term_string}"},"query-input":{"@type":"PropertyValueSpecification","valueRequired":true,"valueName":"search_term_string"}}],"inLanguage":"es"}]}},"_links":{"self":[{"href":"https:\/\/adoption-works.org\/es\/wp-json\/wp\/v2\/pages\/640","targetHints":{"allow":["GET"]}}],"collection":[{"href":"https:\/\/adoption-works.org\/es\/wp-json\/wp\/v2\/pages"}],"about":[{"href":"https:\/\/adoption-works.org\/es\/wp-json\/wp\/v2\/types\/page"}],"author":[{"embeddable":true,"href":"https:\/\/adoption-works.org\/es\/wp-json\/wp\/v2\/users\/1"}],"replies":[{"embeddable":true,"href":"https:\/\/adoption-works.org\/es\/wp-json\/wp\/v2\/comments?post=640"}],"version-history":[{"count":8,"href":"https:\/\/adoption-works.org\/es\/wp-json\/wp\/v2\/pages\/640\/revisions"}],"predecessor-version":[{"id":819,"href":"https:\/\/adoption-works.org\/es\/wp-json\/wp\/v2\/pages\/640\/revisions\/819"}],"wp:attachment":[{"href":"https:\/\/adoption-works.org\/es\/wp-json\/wp\/v2\/media?parent=640"}],"curies":[{"name":"wp","href":"https:\/\/api.w.org\/{rel}","templated":true}]}}