{"id":652,"date":"2022-11-20T13:04:34","date_gmt":"2022-11-20T13:04:34","guid":{"rendered":"https:\/\/adoption-works.org\/nuestro-personal\/"},"modified":"2023-01-25T16:37:01","modified_gmt":"2023-01-25T16:37:01","slug":"nuestro-personal","status":"publish","type":"page","link":"https:\/\/adoption-works.org\/es\/nuestro-personal\/","title":{"rendered":"Nuestro personal"},"content":{"rendered":"<div class=\"wpb-content-wrapper\"><p>[vc_section css=\u00bb.vc_custom_1671210645826{padding-top: 120px !important;padding-bottom: 120px !important;}\u00bb el_class=\u00bbstaff-list\u00bb][vc_row css=\u00bb.vc_custom_1668949823595{padding-bottom: 50px !important;}\u00bb][vc_column width=\u00bb1\/4&#8243; css=\u00bb.vc_custom_1668950206911{padding-top: 0px !important;}\u00bb][vc_single_image image=\u00bb578&#8243; img_size=\u00bbfull\u00bb css=\u00bb.vc_custom_1671210717986{margin-bottom: 30px !important;}\u00bb el_class=\u00bbstaff-image\u00bb][vc_custom_heading text=\u00bbJohn Mark Davidson\u00bb font_container=\u00bbtag:h3|font_size:26px|text_align:center|color:%231e1e1e\u00bb use_theme_fonts=\u00bbyes\u00bb css=\u00bb.vc_custom_1668949842326{margin-bottom: 6px !important;}\u00bb][vc_custom_heading text=\u00bbDirector Ejecutivo\u00bb font_container=\u00bbtag:h5|font_size:14px|text_align:center|color:%23929095&#8243; use_theme_fonts=\u00bbyes\u00bb css=\u00bb.vc_custom_1668949848440{margin-bottom: 0px !important;}\u00bb][\/vc_column][vc_column width=\u00bb3\/4&#8243; css=\u00bb.vc_custom_1668950137657{padding-top: 20px !important;padding-left: 50px !important;}\u00bb][vc_custom_heading text=\u00bbBio\u00bb font_container=\u00bbtag:h3|font_size:26px|text_align:left|color:%233f81cf\u00bb use_theme_fonts=\u00bbyes\u00bb css=\u00bb.vc_custom_1668949765675{margin-bottom: 14px !important;}\u00bb][vc_column_text]El Dr. John-Mark Davidson, Ph.D, ha servido a ChristianWorks for Children como Director Ejecutivo desde septiembre de 2021. El prop\u00f3sito de su vida ha sido utilizar su vida, su tiempo y sus recursos para contribuir a un mundo mejor. A lo largo de los a\u00f1os, este prop\u00f3sito le ha llevado al trabajo sin \u00e1nimo de lucro en los barrios marginales de Lima, a la b\u00fasqueda del desarrollo humanitario en las granjas de mango del norte de Per\u00fa y al ministerio congregacional en la ciudad de Dallas. Cree de todo coraz\u00f3n en la misi\u00f3n de ChristianWorks de representar la bondad de Dios para los ni\u00f1os y sus familias continuando el ejemplo de servicio de Jesucristo. John-Mark es licenciado en Educaci\u00f3n por la Universidad A&amp;M de Texas y tiene un m\u00e1ster en Div. de la Abilene Christian University y un doctorado en Liderazgo Global con \u00e9nfasis en Competencia Intercultural de la Pepperdine University. John-Mark vive actualmente en Dallas (Texas) con su mujer, Tara (casada en 2003), y sus cuatro hijos (Kellan, Parker, Kase y Mack).[\/vc_column_text][\/vc_column][\/vc_row][vc_row css=\u00bb.vc_custom_1674663616283{border-top-width: 1px !important;padding-top: 50px !important;padding-bottom: 50px !important;border-top-color: #dcdcdc !important;border-top-style: solid !important;}\u00bb][vc_column width=\u00bb1\/4&#8243; css=\u00bb.vc_custom_1668950216769{padding-top: 0px !important;}\u00bb][vc_single_image image=\u00bb789&#8243; img_size=\u00bbfull\u00bb css=\u00bb.vc_custom_1674663489614{margin-bottom: 30px !important;}\u00bb el_class=\u00bbstaff-image\u00bb][vc_custom_heading text=\u00bbKaylee Danielson\u00bb font_container=\u00bbtag:h3|font_size:26px|text_align:center|color:%231e1e1e\u00bb use_theme_fonts=\u00bbyes\u00bb css=\u00bb.vc_custom_1674663504377{margin-bottom: 6px !important;}\u00bb][vc_custom_heading text=\u00bbDirectora de AdoptionWorks\u00bb font_container=\u00bbtag:h5|font_size:14px|text_align:center|color:%23929095&#8243; use_theme_fonts=\u00bbyes\u00bb css=\u00bb.vc_custom_1674663539362{margin-bottom: 0px !important;}\u00bb][\/vc_column][vc_column width=\u00bb3\/4&#8243; css=\u00bb.vc_custom_1668950221267{padding-top: 20px !important;padding-left: 50px !important;}\u00bb][vc_custom_heading text=\u00bbBio\u00bb font_container=\u00bbtag:h3|font_size:26px|text_align:left|color:%233f81cf\u00bb use_theme_fonts=\u00bbyes\u00bb css=\u00bb.vc_custom_1668949765675{margin-bottom: 14px !important;}\u00bb][vc_column_text]Kaylee Danielson ha trabajado en ChristianWorks desde diciembre de 2019 como consejera, especialista en desarrollo familiar para AdoptionWorks, coordinadora de admisi\u00f3n para CounselingWorks y ahora es directora de AdoptionWorks. Kaylee recibi\u00f3 su maestr\u00eda en Trabajo Social de Texas A &amp; M Commerce en mayo de 2019 y tiene una Maestr\u00eda Licenciada en Trabajo Social desde octubre de 2019; convertirse en Trabajadora Social Cl\u00ednica Licenciada en 2022. Tiene m\u00e1s de 10 a\u00f1os de experiencia trabajando con ni\u00f1os y familias en crisis, adopci\u00f3n y con interrupci\u00f3n del apego. Kaylee ha sido practicante de intervenci\u00f3n relacional basada en la confianza (TBRI) desde 2017 y utiliza esta intervenci\u00f3n para abordar el trauma relacional para ni\u00f1os de lugares dif\u00edciles, miembros de la tr\u00edada de adopci\u00f3n y brindar educaci\u00f3n para padres.<\/p>\n<p>A Kaylee le encanta trabajar en ChristianWorks por la misi\u00f3n de apoyar y desarrollar familias saludables y las muchas formas en que se logra a trav\u00e9s de una organizaci\u00f3n.[\/vc_column_text][\/vc_column][\/vc_row][vc_row css=\u00bb.vc_custom_1674663438843{border-top-width: 1px !important;padding-top: 50px !important;border-top-color: #dcdcdc !important;border-top-style: solid !important;}\u00bb][vc_column width=\u00bb1\/4&#8243; css=\u00bb.vc_custom_1668950216769{padding-top: 0px !important;}\u00bb][vc_single_image image=\u00bb760&#8243; img_size=\u00bbfull\u00bb css=\u00bb.vc_custom_1674663765130{margin-bottom: 30px !important;}\u00bb el_class=\u00bbstaff-image\u00bb][vc_custom_heading text=\u00bbRuth Balderas\u00bb font_container=\u00bbtag:h3|font_size:26px|text_align:center|color:%231e1e1e\u00bb use_theme_fonts=\u00bbyes\u00bb css=\u00bb.vc_custom_1674663680140{margin-bottom: 6px !important;}\u00bb][vc_custom_heading text=\u00bbEspecialista en Desarrollo Familiar\u00bb font_container=\u00bbtag:h5|font_size:14px|text_align:center|color:%23929095&#8243; use_theme_fonts=\u00bbyes\u00bb css=\u00bb.vc_custom_1674663707336{margin-bottom: 0px !important;}\u00bb][\/vc_column][vc_column width=\u00bb3\/4&#8243; css=\u00bb.vc_custom_1668950221267{padding-top: 20px !important;padding-left: 50px !important;}\u00bb][vc_custom_heading text=\u00bbBio\u00bb font_container=\u00bbtag:h3|font_size:26px|text_align:left|color:%233f81cf\u00bb use_theme_fonts=\u00bbyes\u00bb css=\u00bb.vc_custom_1668949765675{margin-bottom: 14px !important;}\u00bb][vc_column_text]Ruth Balderas ha trabajado en ChristianWorks desde enero de 2022 a tiempo parcial como coordinadora de KidWorks y en julio hizo la transici\u00f3n a tiempo completo y agreg\u00f3 el puesto de especialista en desarrollo familiar para AdoptionWorks. Ruth recibi\u00f3 su licenciatura en Psicolog\u00eda de la Universidad Cristiana de Oklahoma en abril de 2017 y espera continuar su educaci\u00f3n en un futuro cercano. Ruth es nueva en el mundo de la adopci\u00f3n, pero ha recibido muchas capacitaciones \u00fatiles y contin\u00faa form\u00e1ndose en adopci\u00f3n. A Ruth le encanta tener la oportunidad de trabajar en ChristianWorks y ayudar a las familias que se divorcian y a las que quieren hacer crecer su familia a trav\u00e9s de la adopci\u00f3n.[\/vc_column_text][\/vc_column][\/vc_row][\/vc_section][vc_section css=\u00bb.vc_custom_1673025161590{padding-bottom: 60px !important;}\u00bb][vc_row][vc_column][vc_column_text el_class=\u00bbtext-center\u00bb]<strong>BecomingMom\/AdoptionWorks es un ministerio de ChristianWorks for Children. Haga clic aqu\u00ed para conocer a los dem\u00e1s miembros del personal de ChristianWorks.<\/strong><\/p>\n<div class=\"vc_btn3-container primary-btn vc_btn3-inline\"><a class=\"vc_general vc_btn3 vc_btn3-size-md vc_btn3-shape-rounded vc_btn3-style-classic vc_btn3-color-grey\" href=\"https:\/\/www.christian-works.org\/staff\/\">Nuestro personal<\/a><\/div>\n<p>[\/vc_column_text][\/vc_column][\/vc_row][\/vc_section][vc_section css=\u00bb.vc_custom_1668950248541{margin-top: 0px !important;margin-bottom: 120px !important;}\u00bb][vc_row][vc_column][vc_row_inner content_placement=\u00bbmiddle\u00bb css=\u00bb.vc_custom_1669356514351{background-color: #3f81cf !important;border-radius: 30px !important;}\u00bb el_class=\u00bbsecHealthy\u00bb][vc_column_inner width=\u00bb1\/2&#8243; css=\u00bb.vc_custom_1668661720028{padding-left: 80px !important;}\u00bb][vc_custom_heading text=\u00bbAy\u00fadenos a construir hogares y familias saludables\u00bb font_container=\u00bbtag:h2|text_align:left|color:%23ffffff\u00bb use_theme_fonts=\u00bbyes\u00bb css=\u00bb.vc_custom_1668661444079{margin-bottom: 15px !important;}\u00bb][vc_custom_heading text=\u00bbAdoptionWorks es un ministerio de ChristianWorks for Children que es una organizaci\u00f3n sin \u00e1nimo de lucro 501(c)(3) &#8211; EIN: 75-1246028. Con tu apoyo, podemos continuar el ejemplo de servicio de Jesucristo. As\u00f3ciese con nosotros hoy mismo\u00bb font_container=\u00bbtag:p|text_align:left|color:%23ffffff\u00bb use_theme_fonts=\u00bbyes\u00bb css=\u00bb.vc_custom_1668661472957{margin-bottom: 30px !important;}\u00bb][vc_btn title=\u00bbDonar\u00bb style=\u00bbclassic\u00bb i_icon_fontawesome=\u00bbfas fa-heart\u00bb add_icon=\u00bbtrue\u00bb el_class=\u00bbprimary-btn wht\u00bb link=\u00bburl:https%3A%2F%2Fadoption-works.org%2Fes%2F%3Fpage_id%3D688|title:Donar|\u00bb][\/vc_column_inner][vc_column_inner width=\u00bb1\/2&#8243; css=\u00bb.vc_custom_1668661946257{padding-top: 0px !important;padding-right: 0px !important;}\u00bb][vc_single_image image=\u00bb553&#8243; img_size=\u00bbfull\u00bb alignment=\u00bbright\u00bb css=\u00bb.vc_custom_1668661411833{margin-bottom: 0px !important;}\u00bb][\/vc_column_inner][\/vc_row_inner][\/vc_column][\/vc_row][\/vc_section][vc_section full_width=\u00bbstretch_row\u00bb css=\u00bb.vc_custom_1668663032468{padding-top: 30px !important;padding-bottom: 30px !important;background-image: url(https:\/\/adoption-works.org\/wp-content\/uploads\/2022\/11\/news-bg.jpg?id=82) !important;}\u00bb][vc_row content_placement=\u00bbmiddle\u00bb][vc_column width=\u00bb1\/3&#8243;][vc_custom_heading text=\u00bbSuscr\u00edbete al bolet\u00edn\u00bb font_container=\u00bbtag:h3|font_size:44px|text_align:left|color:%23ffffff\u00bb use_theme_fonts=\u00bbyes\u00bb css=\u00bb.vc_custom_1674664616833{margin-bottom: 0px !important;}\u00bb][\/vc_column][vc_column width=\u00bb2\/3&#8243;]\n<div class=\"wpcf7 no-js\" id=\"wpcf7-f85-o1\" lang=\"en-US\" dir=\"ltr\" data-wpcf7-id=\"85\">\n<div class=\"screen-reader-response\"><p role=\"status\" aria-live=\"polite\" aria-atomic=\"true\"><\/p> <ul><\/ul><\/div>\n<form action=\"\/es\/wp-json\/wp\/v2\/pages\/652#wpcf7-f85-o1\" method=\"post\" class=\"wpcf7-form init\" aria-label=\"Contact form\" novalidate=\"novalidate\" data-status=\"init\">\n<fieldset class=\"hidden-fields-container\"><input type=\"hidden\" name=\"_wpcf7\" value=\"85\" \/><input type=\"hidden\" name=\"_wpcf7_version\" value=\"6.1.4\" \/><input type=\"hidden\" name=\"_wpcf7_locale\" value=\"en_US\" \/><input type=\"hidden\" name=\"_wpcf7_unit_tag\" value=\"wpcf7-f85-o1\" \/><input type=\"hidden\" name=\"_wpcf7_container_post\" value=\"0\" \/><input type=\"hidden\" name=\"_wpcf7_posted_data_hash\" value=\"\" \/><input type=\"hidden\" name=\"_wpcf7_recaptcha_response\" value=\"\" \/>\n<\/fieldset>\n<div class=\"row news-form\">\n\t<div class=\"col-sm-5\">\n\t\t<p><span class=\"wpcf7-form-control-wrap\" data-name=\"YourName\"><input size=\"40\" maxlength=\"400\" class=\"wpcf7-form-control wpcf7-text wpcf7-validates-as-required\" aria-required=\"true\" aria-invalid=\"false\" placeholder=\"Your Name*\" value=\"\" type=\"text\" name=\"YourName\" \/><\/span>\n\t\t<\/p>\n\t<\/div>\n\t<div class=\"col-sm-5\">\n\t\t<p><span class=\"wpcf7-form-control-wrap\" data-name=\"EmailAddress\"><input size=\"40\" maxlength=\"400\" class=\"wpcf7-form-control wpcf7-email wpcf7-validates-as-required wpcf7-text wpcf7-validates-as-email\" aria-required=\"true\" aria-invalid=\"false\" placeholder=\"Email Address*\" value=\"\" type=\"email\" name=\"EmailAddress\" \/><\/span>\n\t\t<\/p>\n\t<\/div>\n\t<div class=\"col-sm-2 pr-0\">\n\t\t<p><input class=\"wpcf7-form-control wpcf7-submit has-spinner\" type=\"submit\" value=\"Subscribe\" \/>\n\t\t<\/p>\n\t<\/div>\n<\/div><div class=\"wpcf7-response-output\" aria-hidden=\"true\"><\/div>\n<\/form>\n<\/div>\n[\/vc_column][\/vc_row][\/vc_section]<\/p>\n<\/div><!-- AddThis Advanced Settings generic via filter on the_content --><!-- AddThis Share Buttons generic via filter on the_content -->","protected":false},"excerpt":{"rendered":"<p>[vc_section css=\u00bb.vc_custom_1671210645826{padding-top: 120px !important;padding-bottom: 120px !important;}\u00bb el_class=\u00bbstaff-list\u00bb][vc_row css=\u00bb.vc_custom_1668949823595{padding-bottom: 50px !important;}\u00bb][vc_column width=\u00bb1\/4&#8243; css=\u00bb.vc_custom_1668950206911{padding-top: 0px !important;}\u00bb][vc_single_image image=\u00bb578&#8243; img_size=\u00bbfull\u00bb css=\u00bb.vc_custom_1671210717986{margin-bottom: 30px !important;}\u00bb el_class=\u00bbstaff-image\u00bb][vc_custom_heading text=\u00bbJohn Mark Davidson\u00bb font_container=\u00bbtag:h3|font_size:26px|text_align:center|color:%231e1e1e\u00bb use_theme_fonts=\u00bbyes\u00bb css=\u00bb.vc_custom_1668949842326{margin-bottom: 6px !important;}\u00bb][vc_custom_heading text=\u00bbDirector Ejecutivo\u00bb font_container=\u00bbtag:h5|font_size:14px|text_align:center|color:%23929095&#8243; use_theme_fonts=\u00bbyes\u00bb css=\u00bb.vc_custom_1668949848440{margin-bottom: 0px !important;}\u00bb][\/vc_column][vc_column width=\u00bb3\/4&#8243; css=\u00bb.vc_custom_1668950137657{padding-top: 20px !important;padding-left: 50px !important;}\u00bb][vc_custom_heading text=\u00bbBio\u00bb font_container=\u00bbtag:h3|font_size:26px|text_align:left|color:%233f81cf\u00bb use_theme_fonts=\u00bbyes\u00bb css=\u00bb.vc_custom_1668949765675{margin-bottom: 14px !important;}\u00bb][vc_column_text]El Dr. John-Mark Davidson, Ph.D, ha servido a ChristianWorks [&hellip;]<!-- AddThis Advanced Settings generic via filter on get_the_excerpt --><!-- AddThis Share Buttons generic via filter on get_the_excerpt --><\/p>\n","protected":false},"author":1,"featured_media":0,"parent":0,"menu_order":0,"comment_status":"closed","ping_status":"closed","template":"page-full.php","meta":{"_acf_changed":false,"inline_featured_image":false,"footnotes":""},"class_list":["post-652","page","type-page","status-publish","hentry"],"acf":[],"yoast_head":"<!-- This site is optimized with the Yoast SEO plugin v26.7 - https:\/\/yoast.com\/wordpress\/plugins\/seo\/ -->\n<title>Nuestro personal - AdoptionWorks<\/title>\n<meta name=\"robots\" content=\"index, follow, max-snippet:-1, max-image-preview:large, max-video-preview:-1\" \/>\n<link rel=\"canonical\" href=\"https:\/\/adoption-works.org\/es\/nuestro-personal\/\" \/>\n<meta property=\"og:locale\" content=\"es_ES\" \/>\n<meta property=\"og:type\" content=\"article\" \/>\n<meta property=\"og:title\" content=\"Nuestro personal - AdoptionWorks\" \/>\n<meta property=\"og:description\" content=\"[vc_section css=\u00bb.vc_custom_1671210645826{padding-top: 120px !important;padding-bottom: 120px !important;}\u00bb el_class=\u00bbstaff-list\u00bb][vc_row css=\u00bb.vc_custom_1668949823595{padding-bottom: 50px !important;}\u00bb][vc_column width=\u00bb1\/4&#8243; css=\u00bb.vc_custom_1668950206911{padding-top: 0px !important;}\u00bb][vc_single_image image=\u00bb578&#8243; img_size=\u00bbfull\u00bb css=\u00bb.vc_custom_1671210717986{margin-bottom: 30px !important;}\u00bb el_class=\u00bbstaff-image\u00bb][vc_custom_heading text=\u00bbJohn Mark Davidson\u00bb font_container=\u00bbtag:h3|font_size:26px|text_align:center|color:%231e1e1e\u00bb use_theme_fonts=\u00bbyes\u00bb css=\u00bb.vc_custom_1668949842326{margin-bottom: 6px !important;}\u00bb][vc_custom_heading text=\u00bbDirector Ejecutivo\u00bb font_container=\u00bbtag:h5|font_size:14px|text_align:center|color:%23929095&#8243; use_theme_fonts=\u00bbyes\u00bb css=\u00bb.vc_custom_1668949848440{margin-bottom: 0px !important;}\u00bb][\/vc_column][vc_column width=\u00bb3\/4&#8243; css=\u00bb.vc_custom_1668950137657{padding-top: 20px !important;padding-left: 50px !important;}\u00bb][vc_custom_heading text=\u00bbBio\u00bb font_container=\u00bbtag:h3|font_size:26px|text_align:left|color:%233f81cf\u00bb use_theme_fonts=\u00bbyes\u00bb css=\u00bb.vc_custom_1668949765675{margin-bottom: 14px !important;}\u00bb][vc_column_text]El Dr. John-Mark Davidson, Ph.D, ha servido a ChristianWorks [&hellip;]\" \/>\n<meta property=\"og:url\" content=\"https:\/\/adoption-works.org\/es\/nuestro-personal\/\" \/>\n<meta property=\"og:site_name\" content=\"AdoptionWorks\" \/>\n<meta property=\"article:modified_time\" content=\"2023-01-25T16:37:01+00:00\" \/>\n<meta name=\"twitter:card\" content=\"summary_large_image\" \/>\n<meta name=\"twitter:label1\" content=\"Tiempo de lectura\" \/>\n\t<meta name=\"twitter:data1\" content=\"6 minutos\" \/>\n<script type=\"application\/ld+json\" class=\"yoast-schema-graph\">{\"@context\":\"https:\/\/schema.org\",\"@graph\":[{\"@type\":\"WebPage\",\"@id\":\"https:\/\/adoption-works.org\/es\/nuestro-personal\/\",\"url\":\"https:\/\/adoption-works.org\/es\/nuestro-personal\/\",\"name\":\"Nuestro personal - AdoptionWorks\",\"isPartOf\":{\"@id\":\"https:\/\/adoption-works.org\/es\/#website\"},\"datePublished\":\"2022-11-20T13:04:34+00:00\",\"dateModified\":\"2023-01-25T16:37:01+00:00\",\"breadcrumb\":{\"@id\":\"https:\/\/adoption-works.org\/es\/nuestro-personal\/#breadcrumb\"},\"inLanguage\":\"es\",\"potentialAction\":[{\"@type\":\"ReadAction\",\"target\":[\"https:\/\/adoption-works.org\/es\/nuestro-personal\/\"]}]},{\"@type\":\"BreadcrumbList\",\"@id\":\"https:\/\/adoption-works.org\/es\/nuestro-personal\/#breadcrumb\",\"itemListElement\":[{\"@type\":\"ListItem\",\"position\":1,\"name\":\"Home\",\"item\":\"https:\/\/adoption-works.org\/es\/\"},{\"@type\":\"ListItem\",\"position\":2,\"name\":\"Nuestro personal\"}]},{\"@type\":\"WebSite\",\"@id\":\"https:\/\/adoption-works.org\/es\/#website\",\"url\":\"https:\/\/adoption-works.org\/es\/\",\"name\":\"AdoptionWorks\",\"description\":\"\",\"potentialAction\":[{\"@type\":\"SearchAction\",\"target\":{\"@type\":\"EntryPoint\",\"urlTemplate\":\"https:\/\/adoption-works.org\/es\/?s={search_term_string}\"},\"query-input\":{\"@type\":\"PropertyValueSpecification\",\"valueRequired\":true,\"valueName\":\"search_term_string\"}}],\"inLanguage\":\"es\"}]}<\/script>\n<!-- \/ Yoast SEO plugin. -->","yoast_head_json":{"title":"Nuestro personal - AdoptionWorks","robots":{"index":"index","follow":"follow","max-snippet":"max-snippet:-1","max-image-preview":"max-image-preview:large","max-video-preview":"max-video-preview:-1"},"canonical":"https:\/\/adoption-works.org\/es\/nuestro-personal\/","og_locale":"es_ES","og_type":"article","og_title":"Nuestro personal - AdoptionWorks","og_description":"[vc_section css=\u00bb.vc_custom_1671210645826{padding-top: 120px !important;padding-bottom: 120px !important;}\u00bb el_class=\u00bbstaff-list\u00bb][vc_row css=\u00bb.vc_custom_1668949823595{padding-bottom: 50px !important;}\u00bb][vc_column width=\u00bb1\/4&#8243; css=\u00bb.vc_custom_1668950206911{padding-top: 0px !important;}\u00bb][vc_single_image image=\u00bb578&#8243; img_size=\u00bbfull\u00bb css=\u00bb.vc_custom_1671210717986{margin-bottom: 30px !important;}\u00bb el_class=\u00bbstaff-image\u00bb][vc_custom_heading text=\u00bbJohn Mark Davidson\u00bb font_container=\u00bbtag:h3|font_size:26px|text_align:center|color:%231e1e1e\u00bb use_theme_fonts=\u00bbyes\u00bb css=\u00bb.vc_custom_1668949842326{margin-bottom: 6px !important;}\u00bb][vc_custom_heading text=\u00bbDirector Ejecutivo\u00bb font_container=\u00bbtag:h5|font_size:14px|text_align:center|color:%23929095&#8243; use_theme_fonts=\u00bbyes\u00bb css=\u00bb.vc_custom_1668949848440{margin-bottom: 0px !important;}\u00bb][\/vc_column][vc_column width=\u00bb3\/4&#8243; css=\u00bb.vc_custom_1668950137657{padding-top: 20px !important;padding-left: 50px !important;}\u00bb][vc_custom_heading text=\u00bbBio\u00bb font_container=\u00bbtag:h3|font_size:26px|text_align:left|color:%233f81cf\u00bb use_theme_fonts=\u00bbyes\u00bb css=\u00bb.vc_custom_1668949765675{margin-bottom: 14px !important;}\u00bb][vc_column_text]El Dr. John-Mark Davidson, Ph.D, ha servido a ChristianWorks [&hellip;]","og_url":"https:\/\/adoption-works.org\/es\/nuestro-personal\/","og_site_name":"AdoptionWorks","article_modified_time":"2023-01-25T16:37:01+00:00","twitter_card":"summary_large_image","twitter_misc":{"Tiempo de lectura":"6 minutos"},"schema":{"@context":"https:\/\/schema.org","@graph":[{"@type":"WebPage","@id":"https:\/\/adoption-works.org\/es\/nuestro-personal\/","url":"https:\/\/adoption-works.org\/es\/nuestro-personal\/","name":"Nuestro personal - AdoptionWorks","isPartOf":{"@id":"https:\/\/adoption-works.org\/es\/#website"},"datePublished":"2022-11-20T13:04:34+00:00","dateModified":"2023-01-25T16:37:01+00:00","breadcrumb":{"@id":"https:\/\/adoption-works.org\/es\/nuestro-personal\/#breadcrumb"},"inLanguage":"es","potentialAction":[{"@type":"ReadAction","target":["https:\/\/adoption-works.org\/es\/nuestro-personal\/"]}]},{"@type":"BreadcrumbList","@id":"https:\/\/adoption-works.org\/es\/nuestro-personal\/#breadcrumb","itemListElement":[{"@type":"ListItem","position":1,"name":"Home","item":"https:\/\/adoption-works.org\/es\/"},{"@type":"ListItem","position":2,"name":"Nuestro personal"}]},{"@type":"WebSite","@id":"https:\/\/adoption-works.org\/es\/#website","url":"https:\/\/adoption-works.org\/es\/","name":"AdoptionWorks","description":"","potentialAction":[{"@type":"SearchAction","target":{"@type":"EntryPoint","urlTemplate":"https:\/\/adoption-works.org\/es\/?s={search_term_string}"},"query-input":{"@type":"PropertyValueSpecification","valueRequired":true,"valueName":"search_term_string"}}],"inLanguage":"es"}]}},"_links":{"self":[{"href":"https:\/\/adoption-works.org\/es\/wp-json\/wp\/v2\/pages\/652","targetHints":{"allow":["GET"]}}],"collection":[{"href":"https:\/\/adoption-works.org\/es\/wp-json\/wp\/v2\/pages"}],"about":[{"href":"https:\/\/adoption-works.org\/es\/wp-json\/wp\/v2\/types\/page"}],"author":[{"embeddable":true,"href":"https:\/\/adoption-works.org\/es\/wp-json\/wp\/v2\/users\/1"}],"replies":[{"embeddable":true,"href":"https:\/\/adoption-works.org\/es\/wp-json\/wp\/v2\/comments?post=652"}],"version-history":[{"count":19,"href":"https:\/\/adoption-works.org\/es\/wp-json\/wp\/v2\/pages\/652\/revisions"}],"predecessor-version":[{"id":802,"href":"https:\/\/adoption-works.org\/es\/wp-json\/wp\/v2\/pages\/652\/revisions\/802"}],"wp:attachment":[{"href":"https:\/\/adoption-works.org\/es\/wp-json\/wp\/v2\/media?parent=652"}],"curies":[{"name":"wp","href":"https:\/\/api.w.org\/{rel}","templated":true}]}}