{"id":671,"date":"2022-11-20T01:15:02","date_gmt":"2022-11-20T01:15:02","guid":{"rendered":"https:\/\/adoption-works.org\/estoy-embarazada\/"},"modified":"2023-01-25T16:46:58","modified_gmt":"2023-01-25T16:46:58","slug":"estoy-embarazada","status":"publish","type":"page","link":"https:\/\/adoption-works.org\/es\/estoy-embarazada\/","title":{"rendered":"Estoy embarazada"},"content":{"rendered":"<div class=\"wpb-content-wrapper\"><p>[vc_section css=\u00bb.vc_custom_1668698308923{padding-top: 120px !important;padding-bottom: 120px !important;}\u00bb][vc_row content_placement=\u00bbmiddle\u00bb][vc_column width=\u00bb1\/2&#8243;][vc_single_image image=\u00bb564&#8243; img_size=\u00bbfull\u00bb alignment=\u00bbcenter\u00bb css=\u00bb.vc_custom_1668908169950{margin-bottom: 0px !important;}\u00bb][\/vc_column][vc_column width=\u00bb1\/2&#8243;][vc_custom_heading text=\u00bbEstoy embarazada\u00bb use_theme_fonts=\u00bbyes\u00bb css=\u00bb.vc_custom_1668906915439{margin-bottom: 22px !important;}\u00bb][vc_column_text el_class=\u00bboversec-sroll\u00bb]Futuras mam\u00e1s, escuchadnos alto y claro: no est\u00e1is solas en absoluto. Sea lo que sea lo que te haya llevado a esta p\u00e1gina, AdoptionWorks est\u00e1 a tu disposici\u00f3n para acompa\u00f1arte en el camino de tu embarazo. Nuestro primer y principal objetivo al servirle es asegurarnos de que usted es plenamente consciente de sus opciones mientras procesa mental y emocionalmente su situaci\u00f3n actual. Considerar estas opciones lleva tiempo y es incre\u00edblemente personal. Esperamos ayudarle a reducir la velocidad y a comprender plenamente las v\u00edas de que dispone.<\/p>\n<p>AdoptionWorks es una agencia de adopci\u00f3n que existe dentro de una organizaci\u00f3n sin \u00e1nimo de lucro mayor, ChristianWorks, que ofrece una variedad de servicios para ayudarle incluso si decide que la adopci\u00f3n no es la opci\u00f3n adecuada para usted y su hijo. Haga clic aqu\u00ed para obtener m\u00e1s informaci\u00f3n sobre BecomingMom, un ministerio para familias con hijos menores de 36 meses. Cuando trabaje con AdoptionWorks, un especialista en apoyo a la maternidad estar\u00e1 con usted durante toda su experiencia de planificaci\u00f3n de la adopci\u00f3n, desde el embarazo hasta el parto y el apoyo posparto.<\/p>\n<p>Nuestro centro de asesoramiento in situ tambi\u00e9n le pondr\u00e1 en contacto con un asesor autorizado para que le preste servicios gratuitos de asesoramiento de salud mental si decide utilizarlos. Tambi\u00e9n ofrecemos apoyo material y, si es necesario, podemos ayudarle a buscar m\u00e1s ayuda econ\u00f3mica o material utilizando nuestra red de recursos de confianza. Ser cliente de AdoptionWorks es totalmente gratuito. Como una agencia de colocaci\u00f3n de ni\u00f1os con licencia completa, AdoptionWorks no s\u00f3lo se gu\u00eda por una junta centrada en Cristo, sino tambi\u00e9n por las directrices estatales para asegurar que estamos siguiendo procedimientos \u00e9ticos en el cuidado de nuestras familias expectantes y sus hijos.[\/vc_column_text][vc_btn title=\u00bbContacto\u00bb style=\u00bbclassic\u00bb link=\u00bburl:https%3A%2F%2Fadoption-works.org%2Fes%2F%3Fpage_id%3D639|title:Contacto|\u00bb el_class=\u00bbprimary-btn\u00bb][\/vc_column][\/vc_row][\/vc_section][vc_section css=\u00bb.vc_custom_1668908403876{background-position: center !important;background-repeat: no-repeat !important;background-size: cover !important;}\u00bb el_class=\u00bbabt-mid-sec faq-sec\u00bb][vc_row full_width=\u00bbstretch_row\u00bb css=\u00bb.vc_custom_1668908255440{padding-top: 120px !important;padding-bottom: 120px !important;background-image: url(https:\/\/adoption-works.org\/wp-content\/uploads\/2022\/11\/preg-faq-bg.png?id=154) !important;background-position: 0 0 !important;background-repeat: no-repeat !important;}\u00bb][vc_column css=\u00bb.vc_custom_1668908535293{padding-top: 0px !important;}\u00bb][vc_row_inner][vc_column_inner css=\u00bb.vc_custom_1668908514023{padding-top: 0px !important;}\u00bb][vc_custom_heading text=\u00bbPreguntas frecuentes\u00bb font_container=\u00bbtag:h2|text_align:center\u00bb use_theme_fonts=\u00bbyes\u00bb css=\u00bb.vc_custom_1668909877588{margin-bottom: 43px !important;}\u00bb][\/vc_column_inner][\/vc_row_inner][vc_tta_accordion title_tag=\u00bbh3&#8243; section_title_tag=\u00bbh3&#8243; c_icon=\u00bbtriangle\u00bb c_position=\u00bbright\u00bb active_section=\u00bb1&#8243; no_fill=\u00bbtrue\u00bb collapsible_all=\u00bbtrue\u00bb][vc_tta_section title=\u00bb\u00bfDebo informar al padre de mi proyecto de adopci\u00f3n?\u00bb tab_id=\u00bb1668907940534-3c79b794-4b1d\u00bb][vc_column_text]Le animamos a que comunique al padre biol\u00f3gico su deseo de optar por la adopci\u00f3n. Legalmente, comunicarse con el padre es lo mejor para usted, su hijo y los futuros padres adoptivos. Tanto si apoya tu decisi\u00f3n como si no, siempre ayuda saber cu\u00e1l es su postura. Si un padre biol\u00f3gico no ha sido informado de la decisi\u00f3n de hacer un plan de adopci\u00f3n, el proceso legal del plan de adopci\u00f3n podr\u00eda resultar dif\u00edcil. En su reuni\u00f3n inicial con nuestro especialista en apoyo a la maternidad se abordar\u00e1 m\u00e1s informaci\u00f3n sobre este tema.[\/vc_column_text][\/vc_tta_section][vc_tta_section title=\u00bb\u00bfCu\u00e1nto control tengo en el proceso de adopci\u00f3n?\u00bb tab_id=\u00bb1668907997639-9d0d5c5e-9bee\u00bb][vc_column_text]Optar por un plan de adopci\u00f3n significa que usted tiene el control de la elecci\u00f3n de la familia con la que colocar\u00e1 a su hijo. Le proporcionaremos informaci\u00f3n sobre las familias adoptivas en espera dentro de nuestra agencia. Si no tenemos una familia que cumpla sus expectativas, esperanzas y sue\u00f1os, buscaremos dentro de nuestra red de agencias otras familias para present\u00e1rselas. Nuestra especialista en apoyo a la maternidad le ayudar\u00e1 a elaborar un plan para el tiempo que est\u00e9 en el hospital para el parto y le preparar\u00e1 para la colocaci\u00f3n de su hijo en el hogar adoptivo que elija. Tambi\u00e9n tendr\u00e1 apoyo para formular un plan de adopci\u00f3n abierta que describa el tipo de contacto que desea con la familia adoptiva que elija para su hijo.[\/vc_column_text][\/vc_tta_section][vc_tta_section title=\u00bb\u00bfOfrece AdoptionWorks alg\u00fan tipo de ayuda econ\u00f3mica?\u00bb tab_id=\u00bb1668908008256-f742f7eb-066b\u00bb][vc_column_text]AdoptionWorks puede ayudarle con los gastos directamente relacionados con su embarazo. Su Especialista de Apoyo a la Maternidad le ayudar\u00e1 a determinar qu\u00e9 gastos pueden y ser\u00e1n cubiertos. Durante las reuniones con su especialista en apoyo a la maternidad se estudiar\u00e1n otras opciones y recursos para cubrir sus gastos.[\/vc_column_text][\/vc_tta_section][vc_tta_section title=\u00bb\u00bfTengo que decirle a mi amiga o a mi familia que estoy embarazada y que quiero dar a mi beb\u00e9 en adopci\u00f3n?\u00bb tab_id=\u00bb1668908018305-745ca4ed-b0f4&#8243;][vc_column_text]Independientemente de su edad, tiene derecho legal a elegir la adopci\u00f3n para su hijo. AdoptionWorks est\u00e1 aqu\u00ed para ayudarte a superar las dificultades emocionales que puede suponer un embarazo no planificado. Estaremos encantados de ayudarle a encontrar la manera de compartir esta noticia con sus padres, amigos o familiares. Hemos comprobado que el apoyo de la familia es un componente valioso en el proceso de adopci\u00f3n.[\/vc_column_text][\/vc_tta_section][\/vc_tta_accordion][\/vc_column][\/vc_row][\/vc_section][vc_section css=\u00bb.vc_custom_1668909926297{margin-top: 100px !important;margin-bottom: 120px !important;}\u00bb][vc_row][vc_column][vc_row_inner content_placement=\u00bbmiddle\u00bb css=\u00bb.vc_custom_1671205584589{padding-top: 56px !important;background-image: url(https:\/\/adoption-works.org\/wp-content\/uploads\/2022\/12\/cta-altr-bg.png?id=533) !important;background-position: 0 0 !important;background-repeat: no-repeat !important;}\u00bb el_class=\u00bbcta-altr secHealthy-altr\u00bb][vc_column_inner width=\u00bb1\/2&#8243; css=\u00bb.vc_custom_1668942987047{padding-top: 133px !important;padding-left: 80px !important;}\u00bb][vc_custom_heading text=\u00bb\u00bfC\u00f3mo puedo saber m\u00e1s sobre la adopci\u00f3n?\u00bb font_container=\u00bbtag:h2|text_align:left|color:%23ffffff\u00bb use_theme_fonts=\u00bbyes\u00bb css=\u00bb.vc_custom_1668908051078{margin-bottom: 15px !important;}\u00bb][vc_custom_heading text=\u00bbSi est\u00e1 embarazada y desea obtener m\u00e1s informaci\u00f3n sobre la adopci\u00f3n, rellene nuestro formulario de contacto, ll\u00e1menos o env\u00edenos un mensaje de texto al 214-952-7421. Concertaremos una reuni\u00f3n para hablar del proceso de adopci\u00f3n y responder a cualquier pregunta que pueda tener.\u00bb font_container=\u00bbtag:p|text_align:left|color:%23ffffff\u00bb use_theme_fonts=\u00bbyes\u00bb css=\u00bb.vc_custom_1668908060371{margin-bottom: 30px !important;}\u00bb][vc_btn title=\u00bbContacto\u00bb style=\u00bbclassic\u00bb i_icon_fontawesome=\u00bbfas fa-heart\u00bb add_icon=\u00bbtrue\u00bb el_class=\u00bbprimary-btn wht\u00bb link=\u00bburl:https%3A%2F%2Fadoption-works.org%2Fes%2Fcontacto%2F|title:Contacto\u00bb][\/vc_column_inner][vc_column_inner width=\u00bb1\/2&#8243; css=\u00bb.vc_custom_1668942415263{padding-top: 0px !important;padding-right: 60px !important;padding-bottom: 75px !important;}\u00bb][vc_single_image image=\u00bb567&#8243; img_size=\u00bbfull\u00bb alignment=\u00bbright\u00bb css=\u00bb.vc_custom_1668942345848{margin-bottom: 0px !important;}\u00bb][\/vc_column_inner][\/vc_row_inner][\/vc_column][\/vc_row][\/vc_section][vc_section css=\u00bb.vc_custom_1669606987191{margin-top: 100px !important;margin-right: 0px !important;margin-bottom: 120px !important;margin-left: 0px !important;border-top-width: 1px !important;padding-top: 120px !important;border-top-color: #dcdcdc !important;border-top-style: solid !important;}\u00bb][vc_row content_placement=\u00bbmiddle\u00bb css=\u00bb.vc_custom_1668943225571{padding-top: 0px !important;}\u00bb][vc_column width=\u00bb1\/2&#8243;][vc_custom_heading text=\u00bbApoyo posterior a la colocaci\u00f3n<br \/>\nGrupo\u00bb use_theme_fonts=\u00bbyes\u00bb css=\u00bb.vc_custom_1668943340569{margin-bottom: 22px !important;}\u00bb][vc_column_text]AdoptionWorks se ha asociado con <a href=\"#\">Lifetime Healing<\/a> para ofrecer atenci\u00f3n gratuita tras la colocaci\u00f3n a las mujeres que han decidido hacer un plan de adopci\u00f3n para su hijo. Tanto si colocaste a tu hijo hace una semana como si lo hiciste hace a\u00f1os y a\u00f1os, queremos invitarte a que te sientes rodilla con rodilla con otras mujeres y experimentes la curaci\u00f3n. Nuestro grupo de apoyo gratuito se re\u00fane una vez al mes el cuarto jueves de 18:30 a 20:30 en nuestra sede de Dallas. Si desea m\u00e1s informaci\u00f3n o confirmar su asistencia, ll\u00e1menos al <a href=\"tel:2149527421\">214-952-7421<\/a> o env\u00edenos un correo electr\u00f3nico.[\/vc_column_text][\/vc_column][vc_column width=\u00bb1\/2&#8243;][vc_single_image image=\u00bb568&#8243; img_size=\u00bbfull\u00bb alignment=\u00bbright\u00bb css=\u00bb.vc_custom_1668943289043{margin-bottom: 0px !important;}\u00bb][\/vc_column][\/vc_row][\/vc_section][vc_section full_width=\u00bbstretch_row\u00bb css=\u00bb.vc_custom_1668663032468{padding-top: 30px !important;padding-bottom: 30px !important;background-image: url(https:\/\/adoption-works.org\/wp-content\/uploads\/2022\/11\/news-bg.jpg?id=82) !important;}\u00bb][vc_row content_placement=\u00bbmiddle\u00bb][vc_column width=\u00bb1\/3&#8243;][vc_custom_heading text=\u00bbSuscr\u00edbete al bolet\u00edn\u00bb font_container=\u00bbtag:h3|font_size:44px|text_align:left|color:%23ffffff\u00bb use_theme_fonts=\u00bbyes\u00bb css=\u00bb.vc_custom_1674665214710{margin-bottom: 0px !important;}\u00bb][\/vc_column][vc_column width=\u00bb2\/3&#8243;]\n<div class=\"wpcf7 no-js\" id=\"wpcf7-f85-o1\" lang=\"en-US\" dir=\"ltr\" data-wpcf7-id=\"85\">\n<div class=\"screen-reader-response\"><p role=\"status\" aria-live=\"polite\" aria-atomic=\"true\"><\/p> <ul><\/ul><\/div>\n<form action=\"\/es\/wp-json\/wp\/v2\/pages\/671#wpcf7-f85-o1\" method=\"post\" class=\"wpcf7-form init\" aria-label=\"Contact form\" novalidate=\"novalidate\" data-status=\"init\">\n<fieldset class=\"hidden-fields-container\"><input type=\"hidden\" name=\"_wpcf7\" value=\"85\" \/><input type=\"hidden\" name=\"_wpcf7_version\" value=\"6.1.4\" \/><input type=\"hidden\" name=\"_wpcf7_locale\" value=\"en_US\" \/><input type=\"hidden\" name=\"_wpcf7_unit_tag\" value=\"wpcf7-f85-o1\" \/><input type=\"hidden\" name=\"_wpcf7_container_post\" value=\"0\" \/><input type=\"hidden\" name=\"_wpcf7_posted_data_hash\" value=\"\" \/><input type=\"hidden\" name=\"_wpcf7_recaptcha_response\" value=\"\" \/>\n<\/fieldset>\n<div class=\"row news-form\">\n\t<div class=\"col-sm-5\">\n\t\t<p><span class=\"wpcf7-form-control-wrap\" data-name=\"YourName\"><input size=\"40\" maxlength=\"400\" class=\"wpcf7-form-control wpcf7-text wpcf7-validates-as-required\" aria-required=\"true\" aria-invalid=\"false\" placeholder=\"Your Name*\" value=\"\" type=\"text\" name=\"YourName\" \/><\/span>\n\t\t<\/p>\n\t<\/div>\n\t<div class=\"col-sm-5\">\n\t\t<p><span class=\"wpcf7-form-control-wrap\" data-name=\"EmailAddress\"><input size=\"40\" maxlength=\"400\" class=\"wpcf7-form-control wpcf7-email wpcf7-validates-as-required wpcf7-text wpcf7-validates-as-email\" aria-required=\"true\" aria-invalid=\"false\" placeholder=\"Email Address*\" value=\"\" type=\"email\" name=\"EmailAddress\" \/><\/span>\n\t\t<\/p>\n\t<\/div>\n\t<div class=\"col-sm-2 pr-0\">\n\t\t<p><input class=\"wpcf7-form-control wpcf7-submit has-spinner\" type=\"submit\" value=\"Subscribe\" \/>\n\t\t<\/p>\n\t<\/div>\n<\/div><div class=\"wpcf7-response-output\" aria-hidden=\"true\"><\/div>\n<\/form>\n<\/div>\n[\/vc_column][\/vc_row][\/vc_section]<\/p>\n<\/div><!-- AddThis Advanced Settings generic via filter on the_content --><!-- AddThis Share Buttons generic via filter on the_content -->","protected":false},"excerpt":{"rendered":"<p>[vc_section css=\u00bb.vc_custom_1668698308923{padding-top: 120px !important;padding-bottom: 120px !important;}\u00bb][vc_row content_placement=\u00bbmiddle\u00bb][vc_column width=\u00bb1\/2&#8243;][vc_single_image image=\u00bb564&#8243; img_size=\u00bbfull\u00bb alignment=\u00bbcenter\u00bb css=\u00bb.vc_custom_1668908169950{margin-bottom: 0px !important;}\u00bb][\/vc_column][vc_column width=\u00bb1\/2&#8243;][vc_custom_heading text=\u00bbEstoy embarazada\u00bb use_theme_fonts=\u00bbyes\u00bb css=\u00bb.vc_custom_1668906915439{margin-bottom: 22px !important;}\u00bb][vc_column_text el_class=\u00bboversec-sroll\u00bb]Futuras mam\u00e1s, escuchadnos alto y claro: no est\u00e1is solas en absoluto. Sea lo que sea lo que te haya llevado a esta p\u00e1gina, AdoptionWorks est\u00e1 a tu disposici\u00f3n para acompa\u00f1arte en el camino de [&hellip;]<!-- AddThis Advanced Settings generic via filter on get_the_excerpt --><!-- AddThis Share Buttons generic via filter on get_the_excerpt --><\/p>\n","protected":false},"author":1,"featured_media":0,"parent":0,"menu_order":0,"comment_status":"closed","ping_status":"closed","template":"page-full.php","meta":{"_acf_changed":false,"inline_featured_image":false,"footnotes":""},"class_list":["post-671","page","type-page","status-publish","hentry"],"acf":[],"yoast_head":"<!-- This site is optimized with the Yoast SEO plugin v26.7 - https:\/\/yoast.com\/wordpress\/plugins\/seo\/ -->\n<title>Estoy embarazada - AdoptionWorks<\/title>\n<meta name=\"robots\" content=\"index, follow, max-snippet:-1, max-image-preview:large, max-video-preview:-1\" \/>\n<link rel=\"canonical\" href=\"https:\/\/adoption-works.org\/es\/estoy-embarazada\/\" \/>\n<meta property=\"og:locale\" content=\"es_ES\" \/>\n<meta property=\"og:type\" content=\"article\" \/>\n<meta property=\"og:title\" content=\"Estoy embarazada - AdoptionWorks\" \/>\n<meta property=\"og:description\" content=\"[vc_section css=\u00bb.vc_custom_1668698308923{padding-top: 120px !important;padding-bottom: 120px !important;}\u00bb][vc_row content_placement=\u00bbmiddle\u00bb][vc_column width=\u00bb1\/2&#8243;][vc_single_image image=\u00bb564&#8243; img_size=\u00bbfull\u00bb alignment=\u00bbcenter\u00bb css=\u00bb.vc_custom_1668908169950{margin-bottom: 0px !important;}\u00bb][\/vc_column][vc_column width=\u00bb1\/2&#8243;][vc_custom_heading text=\u00bbEstoy embarazada\u00bb use_theme_fonts=\u00bbyes\u00bb css=\u00bb.vc_custom_1668906915439{margin-bottom: 22px !important;}\u00bb][vc_column_text el_class=\u00bboversec-sroll\u00bb]Futuras mam\u00e1s, escuchadnos alto y claro: no est\u00e1is solas en absoluto. Sea lo que sea lo que te haya llevado a esta p\u00e1gina, AdoptionWorks est\u00e1 a tu disposici\u00f3n para acompa\u00f1arte en el camino de [&hellip;]\" \/>\n<meta property=\"og:url\" content=\"https:\/\/adoption-works.org\/es\/estoy-embarazada\/\" \/>\n<meta property=\"og:site_name\" content=\"AdoptionWorks\" \/>\n<meta property=\"article:modified_time\" content=\"2023-01-25T16:46:58+00:00\" \/>\n<meta name=\"twitter:card\" content=\"summary_large_image\" \/>\n<meta name=\"twitter:label1\" content=\"Tiempo de lectura\" \/>\n\t<meta name=\"twitter:data1\" content=\"8 minutos\" \/>\n<script type=\"application\/ld+json\" class=\"yoast-schema-graph\">{\"@context\":\"https:\/\/schema.org\",\"@graph\":[{\"@type\":\"WebPage\",\"@id\":\"https:\/\/adoption-works.org\/es\/estoy-embarazada\/\",\"url\":\"https:\/\/adoption-works.org\/es\/estoy-embarazada\/\",\"name\":\"Estoy embarazada - AdoptionWorks\",\"isPartOf\":{\"@id\":\"https:\/\/adoption-works.org\/es\/#website\"},\"datePublished\":\"2022-11-20T01:15:02+00:00\",\"dateModified\":\"2023-01-25T16:46:58+00:00\",\"breadcrumb\":{\"@id\":\"https:\/\/adoption-works.org\/es\/estoy-embarazada\/#breadcrumb\"},\"inLanguage\":\"es\",\"potentialAction\":[{\"@type\":\"ReadAction\",\"target\":[\"https:\/\/adoption-works.org\/es\/estoy-embarazada\/\"]}]},{\"@type\":\"BreadcrumbList\",\"@id\":\"https:\/\/adoption-works.org\/es\/estoy-embarazada\/#breadcrumb\",\"itemListElement\":[{\"@type\":\"ListItem\",\"position\":1,\"name\":\"Home\",\"item\":\"https:\/\/adoption-works.org\/es\/\"},{\"@type\":\"ListItem\",\"position\":2,\"name\":\"Estoy embarazada\"}]},{\"@type\":\"WebSite\",\"@id\":\"https:\/\/adoption-works.org\/es\/#website\",\"url\":\"https:\/\/adoption-works.org\/es\/\",\"name\":\"AdoptionWorks\",\"description\":\"\",\"potentialAction\":[{\"@type\":\"SearchAction\",\"target\":{\"@type\":\"EntryPoint\",\"urlTemplate\":\"https:\/\/adoption-works.org\/es\/?s={search_term_string}\"},\"query-input\":{\"@type\":\"PropertyValueSpecification\",\"valueRequired\":true,\"valueName\":\"search_term_string\"}}],\"inLanguage\":\"es\"}]}<\/script>\n<!-- \/ Yoast SEO plugin. -->","yoast_head_json":{"title":"Estoy embarazada - AdoptionWorks","robots":{"index":"index","follow":"follow","max-snippet":"max-snippet:-1","max-image-preview":"max-image-preview:large","max-video-preview":"max-video-preview:-1"},"canonical":"https:\/\/adoption-works.org\/es\/estoy-embarazada\/","og_locale":"es_ES","og_type":"article","og_title":"Estoy embarazada - AdoptionWorks","og_description":"[vc_section css=\u00bb.vc_custom_1668698308923{padding-top: 120px !important;padding-bottom: 120px !important;}\u00bb][vc_row content_placement=\u00bbmiddle\u00bb][vc_column width=\u00bb1\/2&#8243;][vc_single_image image=\u00bb564&#8243; img_size=\u00bbfull\u00bb alignment=\u00bbcenter\u00bb css=\u00bb.vc_custom_1668908169950{margin-bottom: 0px !important;}\u00bb][\/vc_column][vc_column width=\u00bb1\/2&#8243;][vc_custom_heading text=\u00bbEstoy embarazada\u00bb use_theme_fonts=\u00bbyes\u00bb css=\u00bb.vc_custom_1668906915439{margin-bottom: 22px !important;}\u00bb][vc_column_text el_class=\u00bboversec-sroll\u00bb]Futuras mam\u00e1s, escuchadnos alto y claro: no est\u00e1is solas en absoluto. Sea lo que sea lo que te haya llevado a esta p\u00e1gina, AdoptionWorks est\u00e1 a tu disposici\u00f3n para acompa\u00f1arte en el camino de [&hellip;]","og_url":"https:\/\/adoption-works.org\/es\/estoy-embarazada\/","og_site_name":"AdoptionWorks","article_modified_time":"2023-01-25T16:46:58+00:00","twitter_card":"summary_large_image","twitter_misc":{"Tiempo de lectura":"8 minutos"},"schema":{"@context":"https:\/\/schema.org","@graph":[{"@type":"WebPage","@id":"https:\/\/adoption-works.org\/es\/estoy-embarazada\/","url":"https:\/\/adoption-works.org\/es\/estoy-embarazada\/","name":"Estoy embarazada - AdoptionWorks","isPartOf":{"@id":"https:\/\/adoption-works.org\/es\/#website"},"datePublished":"2022-11-20T01:15:02+00:00","dateModified":"2023-01-25T16:46:58+00:00","breadcrumb":{"@id":"https:\/\/adoption-works.org\/es\/estoy-embarazada\/#breadcrumb"},"inLanguage":"es","potentialAction":[{"@type":"ReadAction","target":["https:\/\/adoption-works.org\/es\/estoy-embarazada\/"]}]},{"@type":"BreadcrumbList","@id":"https:\/\/adoption-works.org\/es\/estoy-embarazada\/#breadcrumb","itemListElement":[{"@type":"ListItem","position":1,"name":"Home","item":"https:\/\/adoption-works.org\/es\/"},{"@type":"ListItem","position":2,"name":"Estoy embarazada"}]},{"@type":"WebSite","@id":"https:\/\/adoption-works.org\/es\/#website","url":"https:\/\/adoption-works.org\/es\/","name":"AdoptionWorks","description":"","potentialAction":[{"@type":"SearchAction","target":{"@type":"EntryPoint","urlTemplate":"https:\/\/adoption-works.org\/es\/?s={search_term_string}"},"query-input":{"@type":"PropertyValueSpecification","valueRequired":true,"valueName":"search_term_string"}}],"inLanguage":"es"}]}},"_links":{"self":[{"href":"https:\/\/adoption-works.org\/es\/wp-json\/wp\/v2\/pages\/671","targetHints":{"allow":["GET"]}}],"collection":[{"href":"https:\/\/adoption-works.org\/es\/wp-json\/wp\/v2\/pages"}],"about":[{"href":"https:\/\/adoption-works.org\/es\/wp-json\/wp\/v2\/types\/page"}],"author":[{"embeddable":true,"href":"https:\/\/adoption-works.org\/es\/wp-json\/wp\/v2\/users\/1"}],"replies":[{"embeddable":true,"href":"https:\/\/adoption-works.org\/es\/wp-json\/wp\/v2\/comments?post=671"}],"version-history":[{"count":8,"href":"https:\/\/adoption-works.org\/es\/wp-json\/wp\/v2\/pages\/671\/revisions"}],"predecessor-version":[{"id":806,"href":"https:\/\/adoption-works.org\/es\/wp-json\/wp\/v2\/pages\/671\/revisions\/806"}],"wp:attachment":[{"href":"https:\/\/adoption-works.org\/es\/wp-json\/wp\/v2\/media?parent=671"}],"curies":[{"name":"wp","href":"https:\/\/api.w.org\/{rel}","templated":true}]}}