{"id":675,"date":"2022-11-20T11:24:47","date_gmt":"2022-11-20T11:24:47","guid":{"rendered":"https:\/\/adoption-works.org\/publicar-adoptar\/"},"modified":"2023-01-31T13:15:53","modified_gmt":"2023-01-31T13:15:53","slug":"publicar-adoptar","status":"publish","type":"page","link":"https:\/\/adoption-works.org\/es\/publicar-adoptar\/","title":{"rendered":"Publicar Adoptar"},"content":{"rendered":"<div class=\"wpb-content-wrapper\"><p>[vc_section css=\u00bb.vc_custom_1668698308923{padding-top: 120px !important;padding-bottom: 120px !important;}\u00bb][vc_row content_placement=\u00bbmiddle\u00bb][vc_column width=\u00bb1\/2&#8243;][vc_single_image image=\u00bb569&#8243; img_size=\u00bbfull\u00bb alignment=\u00bbcenter\u00bb css=\u00bb.vc_custom_1668944614053{margin-bottom: 0px !important;}\u00bb][\/vc_column][vc_column width=\u00bb1\/2&#8243;][vc_custom_heading text=\u00bbServicios posteriores a la adopci\u00f3n\u00bb use_theme_fonts=\u00bbyes\u00bb css=\u00bb.vc_custom_1668944198627{margin-bottom: 22px !important;}\u00bb][vc_column_text el_class=\u00bboversec-sroll\u00bb]No s\u00f3lo creemos que la adopci\u00f3n es un compromiso para toda la vida y una conversaci\u00f3n para toda la vida; estamos aqu\u00ed para ayudarle a facilitar esa conversaci\u00f3n durante a\u00f1os.<br \/>\nAdoptionWorks ofrece diversos servicios posadoptivos tanto a los clientes de AdoptionWorks como a otros miembros de la comunidad que forman parte de una tr\u00edada de adopci\u00f3n.<\/p>\n<h5><span style=\"color: #3f81cf;\">Comunicaci\u00f3n abierta sobre adopci\u00f3n:<\/span><\/h5>\n<p>Para los antiguos clientes de AdoptionWorks, estamos a su disposici\u00f3n para ayudarle a facilitar la continua relaci\u00f3n abierta con la familia biol\u00f3gica de su hijo a medida que cambia y crece con el tiempo.<\/p>\n<h5><span style=\"color: #3f81cf;\">B\u00fasqueda y reuni\u00f3n:<\/span><\/h5>\n<p>En la medida de nuestras posibilidades profesionales, podemos ayudar a una familia a gestionar el proceso de b\u00fasqueda y reencuentro con sus familiares biol\u00f3gicos.<\/p>\n<h5><span style=\"color: #3f81cf;\">Picnic:<\/span><\/h5>\n<p>Nuestro picnic anual AdoptionWorks es un gran \u00e9xito tanto para las familias adoptivas como para las biol\u00f3gicas.<\/p>\n<h5><span style=\"color: #3f81cf;\">Preguntas y asistencia:<\/span><\/h5>\n<p>Existimos como un recurso continuo al que puede consultar cuando lo necesite en su viaje hacia la adopci\u00f3n. Nos gusta utilizar nuestra red de servicios externos para ayudarle a encontrar apoyo continuo para su familia a medida que su hijo crece. Una vez familia de AdoptionWorks, \u00a1siempre familia de AdoptionWorks!<\/p>\n<h5><span style=\"color: #3f81cf;\">Asesoramiento:<\/span><\/h5>\n<p>AdoptionWorks ofrece servicios de asesoramiento profesional autorizado a todos los miembros de la tr\u00edada de la adopci\u00f3n, tanto antiguos clientes como miembros de la comunidad, seg\u00fan una escala m\u00f3vil. Las familias adoptivas que hayan completado el grupo de apoyo AdoptionWorks tienen derecho a una tarifa de asesoramiento reducida. Las madres biol\u00f3gicas que participan activamente en nuestro Grupo de apoyo a las madres biol\u00f3gicas tambi\u00e9n pueden acogerse a esta tarifa reducida.<\/p>\n<h5><span style=\"color: #3f81cf;\">Grupos de apoyo:<\/span><\/h5>\n<p>Para las familias adoptivas, las familias biol\u00f3gicas y los adoptados de la comunidad, organizamos grupos de apoyo gratuitos sobre los que puede obtener m\u00e1s informaci\u00f3n a continuaci\u00f3n:<\/p>\n<ul>\n<li><span style=\"color: #3f81cf; font-family: inherit;\"><a href=\"https:\/\/www.christian-works.org\/post-adoption\/\" target=\"_blank\" rel=\"noopener\">Grupos de apoyo postadopci\u00f3n<\/a>:<\/span><\/li>\n<\/ul>\n<p>Se re\u00fane hasta 3 veces al a\u00f1o en sesiones de 8 semanas y est\u00e1 abierto a los adoptados.<br \/>\nde 5 a 18 a\u00f1os y sus padres adoptivos. Se trata de un grupo cerrado, lo que significa que comenzar\u00e1s y terminar\u00e1s las sesiones de 8 semanas con el mismo grupo de familias.<\/p>\n<ul>\n<li><a href=\"https:\/\/www.christian-works.org\/adoptionworks\/\" target=\"_blank\" rel=\"noopener\"><span style=\"color: #3f81cf; font-family: inherit;\">Grupo de apoyo a las madres biol\u00f3gicas<\/span><\/a><\/li>\n<\/ul>\n<p>Reuniones virtuales mensuales el cuarto jueves de cada mes por la tarde. Se trata de un grupo abierto sin n\u00famero fijo de sesiones. Env\u00ede un <span style=\"color: #3f81cf; font-family: inherit;\">SMS al 214-952-7421<\/span> para obtener m\u00e1s informaci\u00f3n.<\/p>\n<p>Visite nuestra p\u00e1gina de grupos para obtener m\u00e1s informaci\u00f3n. ENLACE[\/vc_column_text][vc_btn title=\u00bbContacto\u00bb style=\u00bbclassic\u00bb link=\u00bburl:https%3A%2F%2Fadoption-works.org%2Fes%2F%3Fpage_id%3D639|title:Contacto|\u00bb el_class=\u00bbprimary-btn\u00bb][\/vc_column][\/vc_row][\/vc_section][vc_section css=\u00bb.vc_custom_1668908403876{background-position: center !important;background-repeat: no-repeat !important;background-size: cover !important;}\u00bb el_class=\u00bbabt-mid-sec faq-sec\u00bb][vc_row full_width=\u00bbstretch_row\u00bb css=\u00bb.vc_custom_1668944652958{padding-top: 120px !important;padding-bottom: 120px !important;background-image: url(https:\/\/adoption-works.org\/wp-content\/uploads\/2022\/11\/faq-sec-altr-bg.png?id=187) !important;background-position: 0 0 !important;background-repeat: no-repeat !important;}\u00bb][vc_column css=\u00bb.vc_custom_1668908535293{padding-top: 0px !important;}\u00bb][vc_row_inner][vc_column_inner css=\u00bb.vc_custom_1668908514023{padding-top: 0px !important;}\u00bb][vc_custom_heading text=\u00bbPreguntas frecuentes\u00bb font_container=\u00bbtag:h2|text_align:center\u00bb use_theme_fonts=\u00bbyes\u00bb css=\u00bb.vc_custom_1668909877588{margin-bottom: 43px !important;}\u00bb][\/vc_column_inner][\/vc_row_inner][vc_tta_accordion title_tag=\u00bbh3&#8243; section_title_tag=\u00bbh3&#8243; c_icon=\u00bbtriangle\u00bb c_position=\u00bbright\u00bb active_section=\u00bb1&#8243; no_fill=\u00bbtrue\u00bb collapsible_all=\u00bbtrue\u00bb][vc_tta_section title=\u00bb\u00bfCu\u00e1nto debo pagar durante este proceso?\u00bb tab_id=\u00bb1668907940534-3c79b794-4b1d\u00bb][vc_column_text]Las tarifas de AdoptionWorks son competitivas con las de otras agencias locales de adopci\u00f3n nacional de la zona.<br \/>\n\u00c1rea metropolitana de Dallas\/Fort Worth. Las tasas se explicar\u00e1n en la orientaci\u00f3n de AdoptionWorks. Tambi\u00e9n puede ponerse en contacto con un especialista en desarrollo familiar en el 972-960-9981 ext 119[\/vc_column_text][\/vc_tta_section][vc_tta_section title=\u00bb\u00bfCu\u00e1ndo es la pr\u00f3xima sesi\u00f3n?\u00bb tab_id=\u00bb1668944298146-0e53028a-ecdc\u00bb][vc_column_text]Nuestro pr\u00f3ximo grupo de apoyo post-adopci\u00f3n de AdoptionWorks ser\u00e1 en oto\u00f1o de 2022. Puede obtener m\u00e1s informaci\u00f3n <a href=\"https:\/\/www.christian-works.org\/post-adoption\/\" target=\"_blank\" rel=\"noopener\">aqu\u00ed<\/a> o rellenar el formulario de <a href=\"https:\/\/www.christian-works.org\/forms\/\" target=\"_blank\" rel=\"noopener\">solicitud previa<\/a> para inscribirse.[\/vc_column_text][\/vc_tta_section][vc_tta_section title=\u00bb\u00bfC\u00f3mo puedo saber m\u00e1s sobre la adopci\u00f3n?\u00bb tab_id=\u00bb1668944311366-5a1ed508-6c3f\u00bb][vc_column_text]Si desea obtener m\u00e1s informaci\u00f3n sobre la adopci\u00f3n, rellene nuestro formulario de contacto o ll\u00e1menos hoy mismo al 972-960-9981 y hable con nuestro especialista en desarrollo familiar. Si cumple los criterios m\u00ednimos, se le invitar\u00e1 a nuestra Orientaci\u00f3n AdoptionWorks, que le informar\u00e1 sobre la filosof\u00eda, las pol\u00edticas y los procedimientos de nuestra agencia.[\/vc_column_text][\/vc_tta_section][\/vc_tta_accordion][vc_row_inner el_class=\u00bbmx-w840&#8243; css=\u00bb.vc_custom_1668944800676{padding-top: 90px !important;}\u00bb][vc_column_inner][vc_custom_heading text=\u00bbSi desea obtener m\u00e1s informaci\u00f3n sobre la adopci\u00f3n, rellene nuestro formulario de contacto o ll\u00e1menos hoy mismo al 972-960-9981 y hable con nuestro especialista en desarrollo familiar. Si cumple los criterios m\u00ednimos, se le invitar\u00e1 a nuestra Orientaci\u00f3n AdoptionWorks, que le informar\u00e1 sobre la filosof\u00eda, las pol\u00edticas y los procedimientos de nuestra agencia.\u00bb font_container=\u00bbtag:p|text_align:center|color:%23ffffff\u00bb use_theme_fonts=\u00bbyes\u00bb css=\u00bb.vc_custom_1668944374452{margin-bottom: 0px !important;}\u00bb][\/vc_column_inner][\/vc_row_inner][\/vc_column][\/vc_row][\/vc_section][vc_row equal_height=\u00bbyes\u00bb content_placement=\u00bbmiddle\u00bb el_id=\u00bbmadre biol\u00f3gica\u00bb css=\u00bb.vc_custom_1675170746018{margin-top: 25px !important;}\u00bb][vc_column width=\u00bb2\/3&#8243;][vc_custom_heading text=\u00bbGrupo de apoyo a las madres biol\u00f3gicas\u00bb font_container=\u00bbtag:h2|text_align:left|color:%23000000&#8243; use_theme_fonts=\u00bbyes\u00bb css=\u00bb.vc_custom_1670871125545{margin-bottom: 22px !important;}\u00bb][vc_column_text]<\/p>\n<p style=\"color: #929095;\">AdoptionWorks se ha asociado con <a href=\"https:\/\/lifetimehealingadoption.com\/\" target=\"_blank\" rel=\"noopener\">Lifetime Healing<\/a> para proporcionar atenci\u00f3n gratuita tras la colocaci\u00f3n a las mujeres que han decidido hacer un plan de adopci\u00f3n para su hijo. Tanto si colocaste a tu hijo hace una semana como si lo hiciste hace a\u00f1os y a\u00f1os, queremos invitarte a que te sientes rodilla con rodilla con otras mujeres y experimentes la curaci\u00f3n. Nuestro grupo de apoyo gratuito se re\u00fane una vez al mes el cuarto jueves de 18:30 a 20:30 en nuestra sede de Dallas. Si desea m\u00e1s informaci\u00f3n o confirmar su asistencia, ll\u00e1menos al <a href=\"tel:214-952-7421\">214-952-7421<\/a> o <a href=\"http:\/\/adoptionworks@christian-works.org\" target=\"_blank\" rel=\"noopener\">env\u00edenos un correo electr\u00f3nico<\/a>.<\/p>\n<p>[\/vc_column_text][\/vc_column][vc_column width=\u00bb1\/3&#8243;][vc_single_image image=\u00bb623&#8243; img_size=\u00bbfull\u00bb][\/vc_column][\/vc_row][vc_row equal_height=\u00bbyes\u00bb content_placement=\u00bbmiddle\u00bb el_id=\u00bbpostadopt\u00bb][vc_column][vc_custom_heading text=\u00bb\u00bfQu\u00e9 es la ayuda postadopci\u00f3n?\u00bb font_container=\u00bbtag:h2|text_align:left|color:%23000000&#8243; use_theme_fonts=\u00bbyes\u00bb css=\u00bb.vc_custom_1670871318329{margin-bottom: 22px !important;}\u00bb][vc_column_text]<\/p>\n<p style=\"color: #929095;\">AdoptionWorks Post Adoption es un programa gratuito de grupos de apoyo para adoptados de entre cinco y diecisiete a\u00f1os. En AdoptionWorks proporcionamos un entorno seguro y afectuoso en el que ni\u00f1os y adolescentes pueden relacionarse con otros adoptados. Aqu\u00ed los adoptados pueden encontrar la libertad y la seguridad necesarias para explorar abiertamente su experiencia de adopci\u00f3n. El plan de estudios de los grupos de apoyo postadopci\u00f3n ha sido elaborado por profesionales de la salud mental licenciados que tambi\u00e9n son adoptados. Estos grupos est\u00e1n dise\u00f1ados por adoptados, as\u00ed como por profesionales de la adopci\u00f3n, para los adoptados y sus padres.<\/p>\n<p>[\/vc_column_text][\/vc_column][\/vc_row][vc_section css=\u00bb.vc_custom_1668661167190{margin-top: 120px !important;margin-bottom: 120px !important;}\u00bb][vc_row][vc_column][vc_row_inner content_placement=\u00bbmiddle\u00bb css=\u00bb.vc_custom_1669355029406{background-color: #3f81cf !important;border-radius: 30px !important;}\u00bb el_class=\u00bbsecHealthy\u00bb][vc_column_inner width=\u00bb1\/2&#8243; css=\u00bb.vc_custom_1668661720028{padding-left: 80px !important;}\u00bb][vc_custom_heading text=\u00bbAy\u00fadenos a construir hogares y familias saludables\u00bb font_container=\u00bbtag:h2|text_align:left|color:%23ffffff\u00bb use_theme_fonts=\u00bbyes\u00bb css=\u00bb.vc_custom_1668661444079{margin-bottom: 15px !important;}\u00bb][vc_custom_heading text=\u00bbAdoptionWorks es un ministerio de ChristianWorks for Children que es una organizaci\u00f3n sin \u00e1nimo de lucro 501(c)(3) &#8211; EIN: 75-1246028. Con tu apoyo, podemos continuar el ejemplo de servicio de Jesucristo. As\u00f3ciese con nosotros hoy mismo\u00bb font_container=\u00bbtag:p|text_align:left|color:%23ffffff\u00bb use_theme_fonts=\u00bbyes\u00bb css=\u00bb.vc_custom_1668661472957{margin-bottom: 30px !important;}\u00bb][vc_btn title=\u00bbDonar\u00bb style=\u00bbclassic\u00bb i_icon_fontawesome=\u00bbfas fa-heart\u00bb add_icon=\u00bbtrue\u00bb el_class=\u00bbprimary-btn wht\u00bb link=\u00bburl:https%3A%2F%2Fadoption-works.org%2Fes%2F%3Fpage_id%3D688|title:Donar|\u00bb][\/vc_column_inner][vc_column_inner width=\u00bb1\/2&#8243; css=\u00bb.vc_custom_1668661946257{padding-top: 0px !important;padding-right: 0px !important;}\u00bb][vc_single_image image=\u00bb553&#8243; img_size=\u00bbfull\u00bb alignment=\u00bbright\u00bb css=\u00bb.vc_custom_1668661411833{margin-bottom: 0px !important;}\u00bb][\/vc_column_inner][\/vc_row_inner][\/vc_column][\/vc_row][\/vc_section][vc_section full_width=\u00bbstretch_row\u00bb css=\u00bb.vc_custom_1668663032468{padding-top: 30px !important;padding-bottom: 30px !important;background-image: url(https:\/\/adoption-works.org\/wp-content\/uploads\/2022\/11\/news-bg.jpg?id=82) !important;}\u00bb][vc_row content_placement=\u00bbmiddle\u00bb][vc_column width=\u00bb1\/3&#8243;][vc_custom_heading text=\u00bbSuscr\u00edbete al bolet\u00edn\u00bb font_container=\u00bbtag:h3|font_size:44px|text_align:left|color:%23ffffff\u00bb use_theme_fonts=\u00bbyes\u00bb css=\u00bb.vc_custom_1674664463360{margin-bottom: 0px !important;}\u00bb][\/vc_column][vc_column width=\u00bb2\/3&#8243;]\n<div class=\"wpcf7 no-js\" id=\"wpcf7-f85-o1\" lang=\"en-US\" dir=\"ltr\" data-wpcf7-id=\"85\">\n<div class=\"screen-reader-response\"><p role=\"status\" aria-live=\"polite\" aria-atomic=\"true\"><\/p> <ul><\/ul><\/div>\n<form action=\"\/es\/wp-json\/wp\/v2\/pages\/675#wpcf7-f85-o1\" method=\"post\" class=\"wpcf7-form init\" aria-label=\"Contact form\" novalidate=\"novalidate\" data-status=\"init\">\n<fieldset class=\"hidden-fields-container\"><input type=\"hidden\" name=\"_wpcf7\" value=\"85\" \/><input type=\"hidden\" name=\"_wpcf7_version\" value=\"6.1.4\" \/><input type=\"hidden\" name=\"_wpcf7_locale\" value=\"en_US\" \/><input type=\"hidden\" name=\"_wpcf7_unit_tag\" value=\"wpcf7-f85-o1\" \/><input type=\"hidden\" name=\"_wpcf7_container_post\" value=\"0\" \/><input type=\"hidden\" name=\"_wpcf7_posted_data_hash\" value=\"\" \/><input type=\"hidden\" name=\"_wpcf7_recaptcha_response\" value=\"\" \/>\n<\/fieldset>\n<div class=\"row news-form\">\n\t<div class=\"col-sm-5\">\n\t\t<p><span class=\"wpcf7-form-control-wrap\" data-name=\"YourName\"><input size=\"40\" maxlength=\"400\" class=\"wpcf7-form-control wpcf7-text wpcf7-validates-as-required\" aria-required=\"true\" aria-invalid=\"false\" placeholder=\"Your Name*\" value=\"\" type=\"text\" name=\"YourName\" \/><\/span>\n\t\t<\/p>\n\t<\/div>\n\t<div class=\"col-sm-5\">\n\t\t<p><span class=\"wpcf7-form-control-wrap\" data-name=\"EmailAddress\"><input size=\"40\" maxlength=\"400\" class=\"wpcf7-form-control wpcf7-email wpcf7-validates-as-required wpcf7-text wpcf7-validates-as-email\" aria-required=\"true\" aria-invalid=\"false\" placeholder=\"Email Address*\" value=\"\" type=\"email\" name=\"EmailAddress\" \/><\/span>\n\t\t<\/p>\n\t<\/div>\n\t<div class=\"col-sm-2 pr-0\">\n\t\t<p><input class=\"wpcf7-form-control wpcf7-submit has-spinner\" type=\"submit\" value=\"Subscribe\" \/>\n\t\t<\/p>\n\t<\/div>\n<\/div><div class=\"wpcf7-response-output\" aria-hidden=\"true\"><\/div>\n<\/form>\n<\/div>\n[\/vc_column][\/vc_row][\/vc_section]<\/p>\n<\/div><!-- AddThis Advanced Settings generic via filter on the_content --><!-- AddThis Share Buttons generic via filter on the_content -->","protected":false},"excerpt":{"rendered":"<p>[vc_section css=\u00bb.vc_custom_1668698308923{padding-top: 120px !important;padding-bottom: 120px !important;}\u00bb][vc_row content_placement=\u00bbmiddle\u00bb][vc_column width=\u00bb1\/2&#8243;][vc_single_image image=\u00bb569&#8243; img_size=\u00bbfull\u00bb alignment=\u00bbcenter\u00bb css=\u00bb.vc_custom_1668944614053{margin-bottom: 0px !important;}\u00bb][\/vc_column][vc_column width=\u00bb1\/2&#8243;][vc_custom_heading text=\u00bbServicios posteriores a la adopci\u00f3n\u00bb use_theme_fonts=\u00bbyes\u00bb css=\u00bb.vc_custom_1668944198627{margin-bottom: 22px !important;}\u00bb][vc_column_text el_class=\u00bboversec-sroll\u00bb]No s\u00f3lo creemos que la adopci\u00f3n es un compromiso para toda la vida y una conversaci\u00f3n para toda la vida; estamos aqu\u00ed para ayudarle a facilitar esa conversaci\u00f3n durante a\u00f1os. AdoptionWorks [&hellip;]<!-- AddThis Advanced Settings generic via filter on get_the_excerpt --><!-- AddThis Share Buttons generic via filter on get_the_excerpt --><\/p>\n","protected":false},"author":1,"featured_media":0,"parent":0,"menu_order":0,"comment_status":"closed","ping_status":"closed","template":"page-full.php","meta":{"_acf_changed":false,"inline_featured_image":false,"footnotes":""},"class_list":["post-675","page","type-page","status-publish","hentry"],"acf":[],"yoast_head":"<!-- This site is optimized with the Yoast SEO plugin v26.7 - https:\/\/yoast.com\/wordpress\/plugins\/seo\/ -->\n<title>Publicar Adoptar - AdoptionWorks<\/title>\n<meta name=\"robots\" content=\"index, follow, max-snippet:-1, max-image-preview:large, max-video-preview:-1\" \/>\n<link rel=\"canonical\" href=\"https:\/\/adoption-works.org\/es\/publicar-adoptar\/\" \/>\n<meta property=\"og:locale\" content=\"es_ES\" \/>\n<meta property=\"og:type\" content=\"article\" \/>\n<meta property=\"og:title\" content=\"Publicar Adoptar - AdoptionWorks\" \/>\n<meta property=\"og:description\" content=\"[vc_section css=\u00bb.vc_custom_1668698308923{padding-top: 120px !important;padding-bottom: 120px !important;}\u00bb][vc_row content_placement=\u00bbmiddle\u00bb][vc_column width=\u00bb1\/2&#8243;][vc_single_image image=\u00bb569&#8243; img_size=\u00bbfull\u00bb alignment=\u00bbcenter\u00bb css=\u00bb.vc_custom_1668944614053{margin-bottom: 0px !important;}\u00bb][\/vc_column][vc_column width=\u00bb1\/2&#8243;][vc_custom_heading text=\u00bbServicios posteriores a la adopci\u00f3n\u00bb use_theme_fonts=\u00bbyes\u00bb css=\u00bb.vc_custom_1668944198627{margin-bottom: 22px !important;}\u00bb][vc_column_text el_class=\u00bboversec-sroll\u00bb]No s\u00f3lo creemos que la adopci\u00f3n es un compromiso para toda la vida y una conversaci\u00f3n para toda la vida; estamos aqu\u00ed para ayudarle a facilitar esa conversaci\u00f3n durante a\u00f1os. AdoptionWorks [&hellip;]\" \/>\n<meta property=\"og:url\" content=\"https:\/\/adoption-works.org\/es\/publicar-adoptar\/\" \/>\n<meta property=\"og:site_name\" content=\"AdoptionWorks\" \/>\n<meta property=\"article:modified_time\" content=\"2023-01-31T13:15:53+00:00\" \/>\n<meta name=\"twitter:card\" content=\"summary_large_image\" \/>\n<meta name=\"twitter:label1\" content=\"Tiempo de lectura\" \/>\n\t<meta name=\"twitter:data1\" content=\"8 minutos\" \/>\n<script type=\"application\/ld+json\" class=\"yoast-schema-graph\">{\"@context\":\"https:\/\/schema.org\",\"@graph\":[{\"@type\":\"WebPage\",\"@id\":\"https:\/\/adoption-works.org\/es\/publicar-adoptar\/\",\"url\":\"https:\/\/adoption-works.org\/es\/publicar-adoptar\/\",\"name\":\"Publicar Adoptar - AdoptionWorks\",\"isPartOf\":{\"@id\":\"https:\/\/adoption-works.org\/es\/#website\"},\"datePublished\":\"2022-11-20T11:24:47+00:00\",\"dateModified\":\"2023-01-31T13:15:53+00:00\",\"breadcrumb\":{\"@id\":\"https:\/\/adoption-works.org\/es\/publicar-adoptar\/#breadcrumb\"},\"inLanguage\":\"es\",\"potentialAction\":[{\"@type\":\"ReadAction\",\"target\":[\"https:\/\/adoption-works.org\/es\/publicar-adoptar\/\"]}]},{\"@type\":\"BreadcrumbList\",\"@id\":\"https:\/\/adoption-works.org\/es\/publicar-adoptar\/#breadcrumb\",\"itemListElement\":[{\"@type\":\"ListItem\",\"position\":1,\"name\":\"Home\",\"item\":\"https:\/\/adoption-works.org\/es\/\"},{\"@type\":\"ListItem\",\"position\":2,\"name\":\"Publicar Adoptar\"}]},{\"@type\":\"WebSite\",\"@id\":\"https:\/\/adoption-works.org\/es\/#website\",\"url\":\"https:\/\/adoption-works.org\/es\/\",\"name\":\"AdoptionWorks\",\"description\":\"\",\"potentialAction\":[{\"@type\":\"SearchAction\",\"target\":{\"@type\":\"EntryPoint\",\"urlTemplate\":\"https:\/\/adoption-works.org\/es\/?s={search_term_string}\"},\"query-input\":{\"@type\":\"PropertyValueSpecification\",\"valueRequired\":true,\"valueName\":\"search_term_string\"}}],\"inLanguage\":\"es\"}]}<\/script>\n<!-- \/ Yoast SEO plugin. -->","yoast_head_json":{"title":"Publicar Adoptar - AdoptionWorks","robots":{"index":"index","follow":"follow","max-snippet":"max-snippet:-1","max-image-preview":"max-image-preview:large","max-video-preview":"max-video-preview:-1"},"canonical":"https:\/\/adoption-works.org\/es\/publicar-adoptar\/","og_locale":"es_ES","og_type":"article","og_title":"Publicar Adoptar - AdoptionWorks","og_description":"[vc_section css=\u00bb.vc_custom_1668698308923{padding-top: 120px !important;padding-bottom: 120px !important;}\u00bb][vc_row content_placement=\u00bbmiddle\u00bb][vc_column width=\u00bb1\/2&#8243;][vc_single_image image=\u00bb569&#8243; img_size=\u00bbfull\u00bb alignment=\u00bbcenter\u00bb css=\u00bb.vc_custom_1668944614053{margin-bottom: 0px !important;}\u00bb][\/vc_column][vc_column width=\u00bb1\/2&#8243;][vc_custom_heading text=\u00bbServicios posteriores a la adopci\u00f3n\u00bb use_theme_fonts=\u00bbyes\u00bb css=\u00bb.vc_custom_1668944198627{margin-bottom: 22px !important;}\u00bb][vc_column_text el_class=\u00bboversec-sroll\u00bb]No s\u00f3lo creemos que la adopci\u00f3n es un compromiso para toda la vida y una conversaci\u00f3n para toda la vida; estamos aqu\u00ed para ayudarle a facilitar esa conversaci\u00f3n durante a\u00f1os. AdoptionWorks [&hellip;]","og_url":"https:\/\/adoption-works.org\/es\/publicar-adoptar\/","og_site_name":"AdoptionWorks","article_modified_time":"2023-01-31T13:15:53+00:00","twitter_card":"summary_large_image","twitter_misc":{"Tiempo de lectura":"8 minutos"},"schema":{"@context":"https:\/\/schema.org","@graph":[{"@type":"WebPage","@id":"https:\/\/adoption-works.org\/es\/publicar-adoptar\/","url":"https:\/\/adoption-works.org\/es\/publicar-adoptar\/","name":"Publicar Adoptar - AdoptionWorks","isPartOf":{"@id":"https:\/\/adoption-works.org\/es\/#website"},"datePublished":"2022-11-20T11:24:47+00:00","dateModified":"2023-01-31T13:15:53+00:00","breadcrumb":{"@id":"https:\/\/adoption-works.org\/es\/publicar-adoptar\/#breadcrumb"},"inLanguage":"es","potentialAction":[{"@type":"ReadAction","target":["https:\/\/adoption-works.org\/es\/publicar-adoptar\/"]}]},{"@type":"BreadcrumbList","@id":"https:\/\/adoption-works.org\/es\/publicar-adoptar\/#breadcrumb","itemListElement":[{"@type":"ListItem","position":1,"name":"Home","item":"https:\/\/adoption-works.org\/es\/"},{"@type":"ListItem","position":2,"name":"Publicar Adoptar"}]},{"@type":"WebSite","@id":"https:\/\/adoption-works.org\/es\/#website","url":"https:\/\/adoption-works.org\/es\/","name":"AdoptionWorks","description":"","potentialAction":[{"@type":"SearchAction","target":{"@type":"EntryPoint","urlTemplate":"https:\/\/adoption-works.org\/es\/?s={search_term_string}"},"query-input":{"@type":"PropertyValueSpecification","valueRequired":true,"valueName":"search_term_string"}}],"inLanguage":"es"}]}},"_links":{"self":[{"href":"https:\/\/adoption-works.org\/es\/wp-json\/wp\/v2\/pages\/675","targetHints":{"allow":["GET"]}}],"collection":[{"href":"https:\/\/adoption-works.org\/es\/wp-json\/wp\/v2\/pages"}],"about":[{"href":"https:\/\/adoption-works.org\/es\/wp-json\/wp\/v2\/types\/page"}],"author":[{"embeddable":true,"href":"https:\/\/adoption-works.org\/es\/wp-json\/wp\/v2\/users\/1"}],"replies":[{"embeddable":true,"href":"https:\/\/adoption-works.org\/es\/wp-json\/wp\/v2\/comments?post=675"}],"version-history":[{"count":13,"href":"https:\/\/adoption-works.org\/es\/wp-json\/wp\/v2\/pages\/675\/revisions"}],"predecessor-version":[{"id":821,"href":"https:\/\/adoption-works.org\/es\/wp-json\/wp\/v2\/pages\/675\/revisions\/821"}],"wp:attachment":[{"href":"https:\/\/adoption-works.org\/es\/wp-json\/wp\/v2\/media?parent=675"}],"curies":[{"name":"wp","href":"https:\/\/api.w.org\/{rel}","templated":true}]}}