{"id":683,"date":"2022-11-20T00:54:02","date_gmt":"2022-11-20T00:54:02","guid":{"rendered":"https:\/\/adoption-works.org\/esperanza-de-adoptar\/"},"modified":"2023-02-07T06:27:47","modified_gmt":"2023-02-07T06:27:47","slug":"esperanza-de-adoptar","status":"publish","type":"page","link":"https:\/\/adoption-works.org\/es\/esperanza-de-adoptar\/","title":{"rendered":"Esperanza de adoptar"},"content":{"rendered":"<div class=\"wpb-content-wrapper\"><p>[vc_section css=\u00bb.vc_custom_1668698308923{padding-top: 120px !important;padding-bottom: 120px !important;}\u00bb][vc_row content_placement=\u00bbmiddle\u00bb][vc_column width=\u00bb1\/2&#8243;][vc_single_image image=\u00bb628&#8243; img_size=\u00bbfull\u00bb alignment=\u00bbcenter\u00bb css=\u00bb.vc_custom_1671541533226{margin-bottom: 0px !important;}\u00bb][\/vc_column][vc_column width=\u00bb1\/2&#8243;][vc_custom_heading text=\u00bbPara los padres adoptivos\u00bb use_theme_fonts=\u00bbyes\u00bb css=\u00bb.vc_custom_1668905664557{margin-bottom: 22px !important;}\u00bb][vc_column_text el_class=\u00bboversec-sroll\u00bb]En AdoptionWorks, entendemos que la selecci\u00f3n de una agencia de adopci\u00f3n es un paso importante en el viaje de su familia. No nos tomamos a la ligera que conf\u00edes en una agencia para que supervise con amor y \u00e9tica el crecimiento de tu familia y te ayude a recorrer el camino de la adopci\u00f3n abierta. Le animamos a buscar una agencia que tenga la misma filosof\u00eda que su familia. Elegir<br \/>\nAdoptionWorks significa que est\u00e1 seleccionando una agencia centrada en Cristo que le proporcionar\u00e1 una experiencia \u00abestilo boutique\u00bb en su viaje de adopci\u00f3n.<\/p>\n<p>Esto se consigue aceptando deliberadamente s\u00f3lo un n\u00famero limitado de familias a la vez para poder satisfacer las necesidades \u00fanicas de cada una de ellas. Con AdoptionWorks, su familia recibir\u00e1 atenci\u00f3n y apoyo personalizados de nuestro especialista en desarrollo familiar.<\/p>\n<p>A continuaci\u00f3n, seguimos abogando por su hijo y su familia durante toda la vida; nuestros servicios no terminan cuando se firma el papeleo de finalizaci\u00f3n. Existimos como un recurso continuo y apoyo para usted seg\u00fan sea necesario &#8211; mucho m\u00e1s all\u00e1 de la finalizaci\u00f3n, y a trav\u00e9s de cada etapa de desarrollo de su hijo. La adopci\u00f3n es un compromiso y una conversaci\u00f3n para toda la vida. Estamos aqu\u00ed para mantener viva esa conversaci\u00f3n y hacerla crecer contigo a medida que tu familia cambia.[\/vc_column_text][vc_btn title=\u00bbContacto\u00bb style=\u00bbclassic\u00bb link=\u00bburl:https%3A%2F%2Fadoption-works.org%2Fes%2F%3Fpage_id%3D639|title:Contacto|\u00bb el_class=\u00bbprimary-btn\u00bb][\/vc_column][\/vc_row][\/vc_section][vc_section css=\u00bb.vc_custom_1668702108540{background-position: center !important;background-repeat: no-repeat !important;background-size: cover !important;}\u00bb el_class=\u00bbabt-mid-sec\u00bb][vc_row full_width=\u00bbstretch_row\u00bb css=\u00bb.vc_custom_1668906066452{padding-top: 120px !important;padding-bottom: 120px !important;background-image: url(https:\/\/adoption-works.org\/wp-content\/uploads\/2022\/11\/adopt-sec-bg.png?id=144) !important;background-position: 0 0 !important;background-repeat: no-repeat !important;}\u00bb][vc_column][vc_row_inner equal_height=\u00bbyes\u00bb content_placement=\u00bbmiddle\u00bb][vc_column_inner width=\u00bb5\/12&#8243; css=\u00bb.vc_custom_1668905322960{padding-right: 0px !important;}\u00bb][vc_single_image image=\u00bb562&#8243; img_size=\u00bbfull\u00bb alignment=\u00bbright\u00bb el_class=\u00bbmwdefault fl-r\u00bb css=\u00bb.vc_custom_1668906032330{margin-bottom: 0px !important;}\u00bb][\/vc_column_inner][vc_column_inner el_class=\u00bbcol-r\u00bb width=\u00bb7\/12&#8243; css=\u00bb.vc_custom_1668905170497{padding-top: 0px !important;background-color: #ffffff !important;}\u00bb][vc_custom_heading text=\u00bbCriterios m\u00ednimos\u00bb use_theme_fonts=\u00bbyes\u00bb css=\u00bb.vc_custom_1668905716907{margin-bottom: 22px !important;}\u00bb][vc_column_text css=\u00bb.vc_custom_1669354905175{margin-bottom: 0px !important;}\u00bb]AdoptionWorks exige que cada posible familia cumpla los siguientes criterios b\u00e1sicos o solicite trabajar con nuestra agencia:<\/p>\n<ul>\n<li>Debe tener al menos 25 a\u00f1os.<\/li>\n<li>*Debe llevar casado un m\u00ednimo de tres a\u00f1os.<\/li>\n<li>Debe vivir a menos de 150 millas de nuestra oficina de Dallas.<\/li>\n<li>Debe participar activamente en una iglesia cristiana.<\/li>\n<li>Debe poder firmar la declaraci\u00f3n de fe de ChristianWorks.<\/li>\n<li>*Seg\u00fan la definici\u00f3n de la pol\u00edtica del Consejo en la Declaraci\u00f3n de Fe, ChristianWorks define el matrimonio como una relaci\u00f3n marital exclusiva entre un hombre y una mujer.<\/li>\n<\/ul>\n<p>[\/vc_column_text][\/vc_column_inner][\/vc_row_inner][\/vc_column][\/vc_row][\/vc_section][vc_section css=\u00bb.vc_custom_1669409238844{background-position: center !important;background-repeat: no-repeat !important;background-size: cover !important;}\u00bb el_class=\u00bbadoption-section\u00bb][vc_row][vc_column][vc_custom_heading text=\u00bbNuestro proceso de adopci\u00f3n\u00bb font_container=\u00bbtag:h2|text_align:center\u00bb use_theme_fonts=\u00bbyes\u00bb css=\u00bb.vc_custom_1670024606259{margin-bottom: 90px !important;}\u00bb][\/vc_column][\/vc_row][vc_row][vc_column width=\u00bb1\/2&#8243; el_class=\u00bbright-col\u00bb][vc_column_text el_class=\u00bbshow-block\u00bb]<\/p>\n<h2>Antes del servicio<\/h2>\n<p>Esta etapa del proceso de adopci\u00f3n le ayuda a familiarizarse con AdoptionWorks para determinar si somos la opci\u00f3n adecuada para su familia&#8230;.[\/vc_column_text][vc_column_text el_class=\u00bbhidden-block\u00bb]<\/p>\n<h3>Antes del servicio<\/h3>\n<p>Esta etapa del proceso de adopci\u00f3n le ayuda a familiarizarse con AdoptionWorks para determinar si somos la opci\u00f3n adecuada para su familia. Ofrecemos un d\u00eda de orientaci\u00f3n sobre adopci\u00f3n para asegurarnos de que est\u00e1 plenamente informado sobre c\u00f3mo ser\u00e1 el compromiso de adopci\u00f3n.<\/p>\n<p>Una vez que hayan completado la orientaci\u00f3n y decidan convertirse en nuestros clientes, asistir\u00e1n a una formaci\u00f3n intensiva sobre adopci\u00f3n. Esta es una parte vital de nuestro proceso; nos dedicamos a asegurarnos de que cada familia cuente con apoyo y recursos continuos para gestionar la funci\u00f3n parental y comprender los retos \u00fanicos de ser padre adoptivo.<\/p>\n<p>Despu\u00e9s de la educaci\u00f3n, puede comenzar el proceso de solicitud y aprobaci\u00f3n, que incluye un estudio del hogar, verificaci\u00f3n de antecedentes, y una variedad de otros pasos para confirmar que est\u00e1 listo y dispuesto a recibir una colocaci\u00f3n de adopci\u00f3n con nuestra agencia.[\/vc_column_text][\/vc_column][vc_column width=\u00bb1\/2&#8243;][\/vc_column][\/vc_row][vc_row][vc_column width=\u00bb1\/2&#8243;][\/vc_column][vc_column width=\u00bb1\/2&#8243; el_class=\u00bbleft-col\u00bb][vc_column_text el_class=\u00bbshow-block\u00bb]<\/p>\n<h2>Periodo de aprobaci\u00f3n\/espera<\/h2>\n<p>Una vez que el estudio del hogar y los documentos justificativos est\u00e9n completos y se apruebe su colocaci\u00f3n, se les considerar\u00e1 una \u00abfamilia en espera\u00bb, lo que significa que su libro de perfil, una descripci\u00f3n general de su cultura y din\u00e1mica familiar, estar\u00e1 listo para mostrarse a las futuras madres que buscan colocaciones en adopci\u00f3n para sus hijos.[\/vc_column_text][vc_column_text el_class=\u00bbhidden-block\u00bb]<\/p>\n<h3>Periodo de aprobaci\u00f3n\/espera<\/h3>\n<p>Una vez que el estudio del hogar y los documentos justificativos est\u00e9n completos y se apruebe su colocaci\u00f3n, se les considerar\u00e1 una \u00abfamilia en espera\u00bb, lo que significa que su libro de perfil, una descripci\u00f3n general de su cultura y din\u00e1mica familiar, estar\u00e1 listo para mostrarse a las futuras madres que buscan colocaciones en adopci\u00f3n para sus hijos.<\/p>\n<p>Durante este tiempo, seguir\u00e1 participando en los cursos de formaci\u00f3n continua sobre adopci\u00f3n.<\/p>\n<p><i>Nota: Siempre recibimos su permiso antes de mostrar su libro a una futura familia.<\/i>[\/vc_column_text][\/vc_column][\/vc_row][vc_row][vc_column width=\u00bb1\/2&#8243; el_class=\u00bbright-col\u00bb][vc_column_text el_class=\u00bbshow-block\u00bb]<\/p>\n<h2>A juego<\/h2>\n<p>Si una madre decide reunirse con usted despu\u00e9s de ver su libro de perfil, nuestro especialista en desarrollo familiar trabajar\u00e1 con usted para prepararse para conocer a esta futura madre \/ futuros padres en una \u00abreuni\u00f3n de coincidencia\u00bb.[\/vc_column_text][vc_column_text el_class=\u00bbhidden-block\u00bb]<\/p>\n<h3>A juego<\/h3>\n<p>Si una madre decide reunirse con usted despu\u00e9s de ver su libro de perfil, nuestro especialista en desarrollo familiar trabajar\u00e1 con usted para prepararse para conocer a esta futura madre \/ futuros padres en una \u00abreuni\u00f3n de coincidencia\u00bb. Son visitas supervisadas por AdoptionWorks en las que usted y los futuros padres llegan a conocerse. Esto puede parecer f\u00e1cilmente una parte abrumadora del proceso, pero no estar\u00e1 solo en ello; cuando llegue esta parte del viaje, habr\u00e1 hablado con su Especialista en Desarrollo Familiar con todo lujo de detalles sobre lo que puede esperar.<\/p>\n<p>Una vez que su familia ha sido elegida por los futuros padres para la colocaci\u00f3n, se le considera una \u00abfutura familia adoptiva\u00bb, lo que significa que ha sido \u00abemparejada\u00bb. Ser emparejado no significa con seguridad que vayas a recibir a ese beb\u00e9 en tu casa, sino que existe la intenci\u00f3n actual de que eso ocurra. Respetamos que las decisiones de paternidad y adopci\u00f3n de una madre puedan cambiar.<\/p>\n<p>Como futura familia adoptiva, trabajar\u00e1 con su especialista en desarrollo familiar y con los futuros padres para determinar el nivel de comodidad de cada familia con la apertura en la futura relaci\u00f3n de adopci\u00f3n.[\/vc_column_text][\/vc_column][vc_column width=\u00bb1\/2&#8243;][\/vc_column][\/vc_row][vc_row][vc_column width=\u00bb1\/2&#8243;][\/vc_column][vc_column width=\u00bb1\/2&#8243; el_class=\u00bbleft-col\u00bb][vc_column_text el_class=\u00bbshow-block\u00bb]<\/p>\n<h2>Colocaci\u00f3n<\/h2>\n<p>La colocaci\u00f3n es el momento en que su hijo es acogido en su hogar. Esta \u00e9poca tan especial viene acompa\u00f1ada de una serie de emociones y cambios, pero es ante todo una estaci\u00f3n vital para establecer v\u00ednculos afectivos y de apego con tu hijo.[\/vc_column_text][vc_column_text el_class=\u00bbhidden-block\u00bb]<\/p>\n<h3>Colocaci\u00f3n<\/h3>\n<p>La colocaci\u00f3n es el momento en que su hijo es acogido en su hogar. Esta \u00e9poca tan especial viene acompa\u00f1ada de una serie de emociones y cambios, pero es ante todo una estaci\u00f3n vital para establecer v\u00ednculos afectivos y de apego con tu hijo. Hay una variedad de plazos para cu\u00e1ndo y c\u00f3mo se produce la colocaci\u00f3n debido al proceso legal y a la naturaleza inesperada de los nacimientos y partos. Se le informar\u00e1 de todas estas posibilidades a medida que se desarrolle la colocaci\u00f3n, y estar\u00e1 en contacto directo y constante con su Especialista en Desarrollo Familiar. Nunca le dejaremos a oscuras sobre lo que est\u00e1 ocurriendo, sino que caminaremos en oraci\u00f3n y apoyo junto a su familia durante este tiempo y m\u00e1s all\u00e1.[\/vc_column_text][\/vc_column][\/vc_row][vc_row][vc_column width=\u00bb1\/2&#8243; el_class=\u00bbright-col\u00bb][vc_column_text el_class=\u00bbshow-block\u00bb]<\/p>\n<h2>Supervisi\u00f3n posterior a la colocaci\u00f3n<\/h2>\n<p>La supervisi\u00f3n posterior a las pr\u00e1cticas dura 6 meses.[\/vc_column_text][vc_column_text el_class=\u00bbhidden-block\u00bb]<\/p>\n<h3>Supervisi\u00f3n posterior a la colocaci\u00f3n<\/h3>\n<p>La supervisi\u00f3n posterior a las pr\u00e1cticas dura 6 meses. Este es el periodo en el que el especialista en desarrollo familiar visitar\u00e1 su casa mensualmente y se mantendr\u00e1 al corriente de los progresos del beb\u00e9. Alrededor de los 6 meses, la adopci\u00f3n se formaliza legalmente ante un tribunal.[\/vc_column_text][\/vc_column][vc_column width=\u00bb1\/2&#8243;][\/vc_column][\/vc_row][\/vc_section][vc_section css=\u00bb.vc_custom_1668905431067{margin-bottom: 120px !important;}\u00bb][vc_row][vc_column][vc_row_inner content_placement=\u00bbmiddle\u00bb css=\u00bb.vc_custom_1669354408017{background-color: #3f81cf !important;border-radius: 30px !important;}\u00bb el_class=\u00bbsecHealthy\u00bb][vc_column_inner width=\u00bb1\/2&#8243; css=\u00bb.vc_custom_1668661720028{padding-left: 80px !important;}\u00bb][vc_custom_heading text=\u00bbAy\u00fadenos a construir hogares y familias saludables\u00bb font_container=\u00bbtag:h2|text_align:left|color:%23ffffff\u00bb use_theme_fonts=\u00bbyes\u00bb css=\u00bb.vc_custom_1668661444079{margin-bottom: 15px !important;}\u00bb][vc_custom_heading text=\u00bbAdoptionWorks es un ministerio de ChristianWorks for Children que es una organizaci\u00f3n sin \u00e1nimo de lucro 501(c)(3) &#8211; EIN: 75-1246028. Con tu apoyo, podemos continuar el ejemplo de servicio de Jesucristo. As\u00f3ciese con nosotros hoy mismo\u00bb font_container=\u00bbtag:p|text_align:left|color:%23ffffff\u00bb use_theme_fonts=\u00bbyes\u00bb css=\u00bb.vc_custom_1668661472957{margin-bottom: 30px !important;}\u00bb][vc_btn title=\u00bbDonar\u00bb style=\u00bbclassic\u00bb i_icon_fontawesome=\u00bbfas fa-heart\u00bb add_icon=\u00bbtrue\u00bb el_class=\u00bbprimary-btn wht\u00bb link=\u00bburl:https%3A%2F%2Fadoption-works.org%2Fes%2F%3Fpage_id%3D688|title:Donar|\u00bb][\/vc_column_inner][vc_column_inner width=\u00bb1\/2&#8243; css=\u00bb.vc_custom_1675751144162{padding-top: 40px !important;padding-right: 0px !important;padding-bottom: 40px !important;}\u00bb][vc_single_image image=\u00bb839&#8243; img_size=\u00bbfull\u00bb alignment=\u00bbright\u00bb css=\u00bb.vc_custom_1675751114501{margin-bottom: 0px !important;}\u00bb][\/vc_column_inner][\/vc_row_inner][\/vc_column][\/vc_row][\/vc_section][vc_section full_width=\u00bbstretch_row\u00bb css=\u00bb.vc_custom_1668663032468{padding-top: 30px !important;padding-bottom: 30px !important;background-image: url(https:\/\/adoption-works.org\/wp-content\/uploads\/2022\/11\/news-bg.jpg?id=82) !important;}\u00bb][vc_row content_placement=\u00bbmiddle\u00bb][vc_column width=\u00bb1\/3&#8243;][vc_custom_heading text=\u00bbSuscr\u00edbete al bolet\u00edn\u00bb font_container=\u00bbtag:h3|font_size:44px|text_align:left|color:%23ffffff\u00bb use_theme_fonts=\u00bbyes\u00bb css=\u00bb.vc_custom_1674664669873{margin-bottom: 0px !important;}\u00bb][\/vc_column][vc_column width=\u00bb2\/3&#8243;]\n<div class=\"wpcf7 no-js\" id=\"wpcf7-f85-o1\" lang=\"en-US\" dir=\"ltr\" data-wpcf7-id=\"85\">\n<div class=\"screen-reader-response\"><p role=\"status\" aria-live=\"polite\" aria-atomic=\"true\"><\/p> <ul><\/ul><\/div>\n<form action=\"\/es\/wp-json\/wp\/v2\/pages\/683#wpcf7-f85-o1\" method=\"post\" class=\"wpcf7-form init\" aria-label=\"Contact form\" novalidate=\"novalidate\" data-status=\"init\">\n<fieldset class=\"hidden-fields-container\"><input type=\"hidden\" name=\"_wpcf7\" value=\"85\" \/><input type=\"hidden\" name=\"_wpcf7_version\" value=\"6.1.4\" \/><input type=\"hidden\" name=\"_wpcf7_locale\" value=\"en_US\" \/><input type=\"hidden\" name=\"_wpcf7_unit_tag\" value=\"wpcf7-f85-o1\" \/><input type=\"hidden\" name=\"_wpcf7_container_post\" value=\"0\" \/><input type=\"hidden\" name=\"_wpcf7_posted_data_hash\" value=\"\" \/><input type=\"hidden\" name=\"_wpcf7_recaptcha_response\" value=\"\" \/>\n<\/fieldset>\n<div class=\"row news-form\">\n\t<div class=\"col-sm-5\">\n\t\t<p><span class=\"wpcf7-form-control-wrap\" data-name=\"YourName\"><input size=\"40\" maxlength=\"400\" class=\"wpcf7-form-control wpcf7-text wpcf7-validates-as-required\" aria-required=\"true\" aria-invalid=\"false\" placeholder=\"Your Name*\" value=\"\" type=\"text\" name=\"YourName\" \/><\/span>\n\t\t<\/p>\n\t<\/div>\n\t<div class=\"col-sm-5\">\n\t\t<p><span class=\"wpcf7-form-control-wrap\" data-name=\"EmailAddress\"><input size=\"40\" maxlength=\"400\" class=\"wpcf7-form-control wpcf7-email wpcf7-validates-as-required wpcf7-text wpcf7-validates-as-email\" aria-required=\"true\" aria-invalid=\"false\" placeholder=\"Email Address*\" value=\"\" type=\"email\" name=\"EmailAddress\" \/><\/span>\n\t\t<\/p>\n\t<\/div>\n\t<div class=\"col-sm-2 pr-0\">\n\t\t<p><input class=\"wpcf7-form-control wpcf7-submit has-spinner\" type=\"submit\" value=\"Subscribe\" \/>\n\t\t<\/p>\n\t<\/div>\n<\/div><div class=\"wpcf7-response-output\" aria-hidden=\"true\"><\/div>\n<\/form>\n<\/div>\n[\/vc_column][\/vc_row][\/vc_section]<\/p>\n<\/div><!-- AddThis Advanced Settings generic via filter on the_content --><!-- AddThis Share Buttons generic via filter on the_content -->","protected":false},"excerpt":{"rendered":"<p>[vc_section css=\u00bb.vc_custom_1668698308923{padding-top: 120px !important;padding-bottom: 120px !important;}\u00bb][vc_row content_placement=\u00bbmiddle\u00bb][vc_column width=\u00bb1\/2&#8243;][vc_single_image image=\u00bb628&#8243; img_size=\u00bbfull\u00bb alignment=\u00bbcenter\u00bb css=\u00bb.vc_custom_1671541533226{margin-bottom: 0px !important;}\u00bb][\/vc_column][vc_column width=\u00bb1\/2&#8243;][vc_custom_heading text=\u00bbPara los padres adoptivos\u00bb use_theme_fonts=\u00bbyes\u00bb css=\u00bb.vc_custom_1668905664557{margin-bottom: 22px !important;}\u00bb][vc_column_text el_class=\u00bboversec-sroll\u00bb]En AdoptionWorks, entendemos que la selecci\u00f3n de una agencia de adopci\u00f3n es un paso importante en el viaje de su familia. No nos tomamos a la ligera que conf\u00edes en una agencia [&hellip;]<!-- AddThis Advanced Settings generic via filter on get_the_excerpt --><!-- AddThis Share Buttons generic via filter on get_the_excerpt --><\/p>\n","protected":false},"author":1,"featured_media":0,"parent":0,"menu_order":0,"comment_status":"closed","ping_status":"closed","template":"page-full.php","meta":{"_acf_changed":false,"inline_featured_image":false,"footnotes":""},"class_list":["post-683","page","type-page","status-publish","hentry"],"acf":[],"yoast_head":"<!-- This site is optimized with the Yoast SEO plugin v26.7 - https:\/\/yoast.com\/wordpress\/plugins\/seo\/ -->\n<title>Esperanza de adoptar - AdoptionWorks<\/title>\n<meta name=\"robots\" content=\"index, follow, max-snippet:-1, max-image-preview:large, max-video-preview:-1\" \/>\n<link rel=\"canonical\" href=\"https:\/\/adoption-works.org\/es\/esperanza-de-adoptar\/\" \/>\n<meta property=\"og:locale\" content=\"es_ES\" \/>\n<meta property=\"og:type\" content=\"article\" \/>\n<meta property=\"og:title\" content=\"Esperanza de adoptar - AdoptionWorks\" \/>\n<meta property=\"og:description\" content=\"[vc_section css=\u00bb.vc_custom_1668698308923{padding-top: 120px !important;padding-bottom: 120px !important;}\u00bb][vc_row content_placement=\u00bbmiddle\u00bb][vc_column width=\u00bb1\/2&#8243;][vc_single_image image=\u00bb628&#8243; img_size=\u00bbfull\u00bb alignment=\u00bbcenter\u00bb css=\u00bb.vc_custom_1671541533226{margin-bottom: 0px !important;}\u00bb][\/vc_column][vc_column width=\u00bb1\/2&#8243;][vc_custom_heading text=\u00bbPara los padres adoptivos\u00bb use_theme_fonts=\u00bbyes\u00bb css=\u00bb.vc_custom_1668905664557{margin-bottom: 22px !important;}\u00bb][vc_column_text el_class=\u00bboversec-sroll\u00bb]En AdoptionWorks, entendemos que la selecci\u00f3n de una agencia de adopci\u00f3n es un paso importante en el viaje de su familia. No nos tomamos a la ligera que conf\u00edes en una agencia [&hellip;]\" \/>\n<meta property=\"og:url\" content=\"https:\/\/adoption-works.org\/es\/esperanza-de-adoptar\/\" \/>\n<meta property=\"og:site_name\" content=\"AdoptionWorks\" \/>\n<meta property=\"article:modified_time\" content=\"2023-02-07T06:27:47+00:00\" \/>\n<meta name=\"twitter:card\" content=\"summary_large_image\" \/>\n<meta name=\"twitter:label1\" content=\"Tiempo de lectura\" \/>\n\t<meta name=\"twitter:data1\" content=\"10 minutos\" \/>\n<script type=\"application\/ld+json\" class=\"yoast-schema-graph\">{\"@context\":\"https:\/\/schema.org\",\"@graph\":[{\"@type\":\"WebPage\",\"@id\":\"https:\/\/adoption-works.org\/es\/esperanza-de-adoptar\/\",\"url\":\"https:\/\/adoption-works.org\/es\/esperanza-de-adoptar\/\",\"name\":\"Esperanza de adoptar - AdoptionWorks\",\"isPartOf\":{\"@id\":\"https:\/\/adoption-works.org\/es\/#website\"},\"datePublished\":\"2022-11-20T00:54:02+00:00\",\"dateModified\":\"2023-02-07T06:27:47+00:00\",\"breadcrumb\":{\"@id\":\"https:\/\/adoption-works.org\/es\/esperanza-de-adoptar\/#breadcrumb\"},\"inLanguage\":\"es\",\"potentialAction\":[{\"@type\":\"ReadAction\",\"target\":[\"https:\/\/adoption-works.org\/es\/esperanza-de-adoptar\/\"]}]},{\"@type\":\"BreadcrumbList\",\"@id\":\"https:\/\/adoption-works.org\/es\/esperanza-de-adoptar\/#breadcrumb\",\"itemListElement\":[{\"@type\":\"ListItem\",\"position\":1,\"name\":\"Home\",\"item\":\"https:\/\/adoption-works.org\/es\/\"},{\"@type\":\"ListItem\",\"position\":2,\"name\":\"Esperanza de adoptar\"}]},{\"@type\":\"WebSite\",\"@id\":\"https:\/\/adoption-works.org\/es\/#website\",\"url\":\"https:\/\/adoption-works.org\/es\/\",\"name\":\"AdoptionWorks\",\"description\":\"\",\"potentialAction\":[{\"@type\":\"SearchAction\",\"target\":{\"@type\":\"EntryPoint\",\"urlTemplate\":\"https:\/\/adoption-works.org\/es\/?s={search_term_string}\"},\"query-input\":{\"@type\":\"PropertyValueSpecification\",\"valueRequired\":true,\"valueName\":\"search_term_string\"}}],\"inLanguage\":\"es\"}]}<\/script>\n<!-- \/ Yoast SEO plugin. -->","yoast_head_json":{"title":"Esperanza de adoptar - AdoptionWorks","robots":{"index":"index","follow":"follow","max-snippet":"max-snippet:-1","max-image-preview":"max-image-preview:large","max-video-preview":"max-video-preview:-1"},"canonical":"https:\/\/adoption-works.org\/es\/esperanza-de-adoptar\/","og_locale":"es_ES","og_type":"article","og_title":"Esperanza de adoptar - AdoptionWorks","og_description":"[vc_section css=\u00bb.vc_custom_1668698308923{padding-top: 120px !important;padding-bottom: 120px !important;}\u00bb][vc_row content_placement=\u00bbmiddle\u00bb][vc_column width=\u00bb1\/2&#8243;][vc_single_image image=\u00bb628&#8243; img_size=\u00bbfull\u00bb alignment=\u00bbcenter\u00bb css=\u00bb.vc_custom_1671541533226{margin-bottom: 0px !important;}\u00bb][\/vc_column][vc_column width=\u00bb1\/2&#8243;][vc_custom_heading text=\u00bbPara los padres adoptivos\u00bb use_theme_fonts=\u00bbyes\u00bb css=\u00bb.vc_custom_1668905664557{margin-bottom: 22px !important;}\u00bb][vc_column_text el_class=\u00bboversec-sroll\u00bb]En AdoptionWorks, entendemos que la selecci\u00f3n de una agencia de adopci\u00f3n es un paso importante en el viaje de su familia. No nos tomamos a la ligera que conf\u00edes en una agencia [&hellip;]","og_url":"https:\/\/adoption-works.org\/es\/esperanza-de-adoptar\/","og_site_name":"AdoptionWorks","article_modified_time":"2023-02-07T06:27:47+00:00","twitter_card":"summary_large_image","twitter_misc":{"Tiempo de lectura":"10 minutos"},"schema":{"@context":"https:\/\/schema.org","@graph":[{"@type":"WebPage","@id":"https:\/\/adoption-works.org\/es\/esperanza-de-adoptar\/","url":"https:\/\/adoption-works.org\/es\/esperanza-de-adoptar\/","name":"Esperanza de adoptar - AdoptionWorks","isPartOf":{"@id":"https:\/\/adoption-works.org\/es\/#website"},"datePublished":"2022-11-20T00:54:02+00:00","dateModified":"2023-02-07T06:27:47+00:00","breadcrumb":{"@id":"https:\/\/adoption-works.org\/es\/esperanza-de-adoptar\/#breadcrumb"},"inLanguage":"es","potentialAction":[{"@type":"ReadAction","target":["https:\/\/adoption-works.org\/es\/esperanza-de-adoptar\/"]}]},{"@type":"BreadcrumbList","@id":"https:\/\/adoption-works.org\/es\/esperanza-de-adoptar\/#breadcrumb","itemListElement":[{"@type":"ListItem","position":1,"name":"Home","item":"https:\/\/adoption-works.org\/es\/"},{"@type":"ListItem","position":2,"name":"Esperanza de adoptar"}]},{"@type":"WebSite","@id":"https:\/\/adoption-works.org\/es\/#website","url":"https:\/\/adoption-works.org\/es\/","name":"AdoptionWorks","description":"","potentialAction":[{"@type":"SearchAction","target":{"@type":"EntryPoint","urlTemplate":"https:\/\/adoption-works.org\/es\/?s={search_term_string}"},"query-input":{"@type":"PropertyValueSpecification","valueRequired":true,"valueName":"search_term_string"}}],"inLanguage":"es"}]}},"_links":{"self":[{"href":"https:\/\/adoption-works.org\/es\/wp-json\/wp\/v2\/pages\/683","targetHints":{"allow":["GET"]}}],"collection":[{"href":"https:\/\/adoption-works.org\/es\/wp-json\/wp\/v2\/pages"}],"about":[{"href":"https:\/\/adoption-works.org\/es\/wp-json\/wp\/v2\/types\/page"}],"author":[{"embeddable":true,"href":"https:\/\/adoption-works.org\/es\/wp-json\/wp\/v2\/users\/1"}],"replies":[{"embeddable":true,"href":"https:\/\/adoption-works.org\/es\/wp-json\/wp\/v2\/comments?post=683"}],"version-history":[{"count":12,"href":"https:\/\/adoption-works.org\/es\/wp-json\/wp\/v2\/pages\/683\/revisions"}],"predecessor-version":[{"id":843,"href":"https:\/\/adoption-works.org\/es\/wp-json\/wp\/v2\/pages\/683\/revisions\/843"}],"wp:attachment":[{"href":"https:\/\/adoption-works.org\/es\/wp-json\/wp\/v2\/media?parent=683"}],"curies":[{"name":"wp","href":"https:\/\/api.w.org\/{rel}","templated":true}]}}