{"id":731,"date":"2022-11-20T11:51:44","date_gmt":"2022-11-20T11:51:44","guid":{"rendered":"https:\/\/adoption-works.org\/politica-de-privacidad\/"},"modified":"2023-01-06T18:03:16","modified_gmt":"2023-01-06T18:03:16","slug":"politica-de-privacidad","status":"publish","type":"page","link":"https:\/\/adoption-works.org\/es\/politica-de-privacidad\/","title":{"rendered":"Pol\u00edtica de privacidad"},"content":{"rendered":"<div class=\"wpb-content-wrapper\"><p>[vc_section css=\u00bb.vc_custom_1668945336818{padding-top: 118px !important;padding-bottom: 60px !important;}\u00bb el_class=\u00bbcontent-pg\u00bb][vc_row][vc_column][vc_custom_heading text=\u00bbPol\u00edtica de privacidad de Adoptionworks.org\u00bb font_container=\u00bbtag:h2|font_size:30px|text_align:left\u00bb use_theme_fonts=\u00bbyes\u00bb css=\u00bb.vc_custom_1669725997141{margin-bottom: 21px !important;}\u00bb][vc_column_text css=\u00bb.vc_custom_1669726070083{margin-bottom: 58px !important;}\u00bb]Esta pol\u00edtica de privacidad se ha elaborado para servir mejor a quienes se preocupan por el uso que se hace en l\u00ednea de su \u00abinformaci\u00f3n personal identificable\u00bb (IPI). La IIP, tal como se describe en la legislaci\u00f3n estadounidense sobre privacidad y seguridad de la informaci\u00f3n, es informaci\u00f3n que puede utilizarse por s\u00ed sola o con otra informaci\u00f3n para identificar, contactar o localizar a una sola persona, o para identificar a un individuo en su contexto. Por favor, lea atentamente nuestra pol\u00edtica de privacidad para entender claramente c\u00f3mo recogemos, utilizamos, protegemos o tratamos de otra manera su informaci\u00f3n personal identificable de acuerdo con nuestro sitio web.[\/vc_column_text][vc_custom_heading text=\u00bb\u00bfQu\u00e9 informaci\u00f3n personal recogemos de las personas que visitan nuestro blog o sitio web?\u00bb font_container=\u00bbtag:h2|font_size:30px|text_align:left\u00bb use_theme_fonts=\u00bbyes\u00bb css=\u00bb.vc_custom_1669726083601{margin-bottom: 21px !important;}\u00bb][vc_column_text css=\u00bb.vc_custom_1669726095037{margin-bottom: 58px !important;}\u00bb]Al realizar un pedido o registrarse en nuestro sitio, seg\u00fan proceda, es posible que se le pida que introduzca su nombre, direcci\u00f3n de correo electr\u00f3nico, direcci\u00f3n postal, n\u00famero de tel\u00e9fono, informaci\u00f3n sobre su tarjeta de cr\u00e9dito u otros datos que le ayuden en su experiencia.[\/vc_column_text][vc_custom_heading text=\u00bb\u00bfCu\u00e1ndo recogemos informaci\u00f3n?\u00bb font_container=\u00bbtag:h2|font_size:30px|text_align:left\u00bb use_theme_fonts=\u00bbyes\u00bb css=\u00bb.vc_custom_1669726109247{margin-bottom: 21px !important;}\u00bb][vc_column_text css=\u00bb.vc_custom_1669726191018{margin-bottom: 58px !important;}\u00bb]Recopilamos informaci\u00f3n sobre usted cuando realiza una donaci\u00f3n, se suscribe a un bolet\u00edn, rellena un formulario o introduce informaci\u00f3n en nuestro sitio web.<\/p>\n<p>Agradecemos sus comentarios.[\/vc_column_text][vc_custom_heading text=\u00bb\u00bfC\u00f3mo utilizamos su informaci\u00f3n?\u00bb font_container=\u00bbtag:h2|font_size:30px|text_align:left\u00bb use_theme_fonts=\u00bbyes\u00bb css=\u00bb.vc_custom_1669726211688{margin-bottom: 21px !important;}\u00bb][vc_column_text css=\u00bb.vc_custom_1669726367989{margin-bottom: 58px !important;}\u00bb]Podemos utilizar la informaci\u00f3n que recopilamos de usted cuando hace una donaci\u00f3n, realiza una compra, se suscribe a nuestro bolet\u00edn de noticias, responde a una encuesta o a una comunicaci\u00f3n de marketing, navega por el sitio web o utiliza algunas otras funciones del sitio de las siguientes maneras:<\/p>\n<ul>\n<li>Para personalizar su experiencia y permitirnos ofrecerle el tipo de contenidos y productos que m\u00e1s le interesan.<\/li>\n<li>Para mejorar nuestro sitio web con el fin de prestarle un mejor servicio.<\/li>\n<li>Para permitirnos ofrecerle un mejor servicio al responder a sus solicitudes de atenci\u00f3n al cliente.<\/li>\n<li>Para administrar un concurso, encuesta u otra funci\u00f3n del sitio.<\/li>\n<li>Para procesar r\u00e1pidamente sus transacciones.<\/li>\n<li>Hacerles un seguimiento tras la correspondencia (consultas por chat, correo electr\u00f3nico o tel\u00e9fono).<\/li>\n<\/ul>\n<p>[\/vc_column_text][vc_custom_heading text=\u00bb\u00bfC\u00f3mo protegemos su informaci\u00f3n?\u00bb font_container=\u00bbtag:h2|font_size:30px|text_align:left\u00bb use_theme_fonts=\u00bbyes\u00bb css=\u00bb.vc_custom_1669726399938{margin-bottom: 21px !important;}\u00bb][vc_column_text css=\u00bb.vc_custom_1669726472754{margin-bottom: 58px !important;}\u00bb]Nuestro sitio web es escaneado peri\u00f3dicamente en busca de agujeros de seguridad y vulnerabilidades conocidas para que su visita a nuestro sitio sea lo m\u00e1s segura posible.<\/p>\n<p>No utilizamos escaneado de malware.<\/p>\n<p>Su informaci\u00f3n personal est\u00e1 contenida detr\u00e1s de redes seguras y s\u00f3lo es accesible por un n\u00famero limitado de personas que tienen derechos especiales de acceso a dichos sistemas, y est\u00e1n obligados a mantener la informaci\u00f3n confidencial. Adem\u00e1s, toda la informaci\u00f3n sensible\/de cr\u00e9dito que proporcione se encripta mediante la tecnolog\u00eda Secure Socket Layer (SSL).<\/p>\n<p>Aplicamos diversas medidas de seguridad cuando un usuario introduce, env\u00eda o accede a sus datos para mantener la seguridad de su informaci\u00f3n personal.<\/p>\n<p>Todas las transacciones se procesan a trav\u00e9s de un proveedor de pasarela y no se almacenan ni procesan en nuestros servidores.<\/p>\n<p><strong>\u00bfUtilizamos \u00abcookies\u00bb?<\/strong><\/p>\n<p>No utilizamos cookies con fines de seguimiento<\/p>\n<p>Puede elegir que su ordenador le avise cada vez que se env\u00ede una cookie, o puede elegir desactivar todas las cookies. Puede hacerlo a trav\u00e9s de la configuraci\u00f3n de su navegador. Dado que cada navegador es un poco diferente, consulte el men\u00fa de ayuda de su navegador para conocer la forma correcta de modificar sus cookies.<\/p>\n<p>Si desactiva las cookies, es posible que algunas de las funciones que hacen que su experiencia en el sitio sea m\u00e1s eficiente no funcionen correctamente, lo que har\u00e1 que su experiencia en el sitio sea menos eficiente y no funcione correctamente.[\/vc_column_text][vc_column_text css=\u00bb.vc_custom_1669726548267{margin-bottom: 58px !important;}\u00bb]<strong>Divulgaci\u00f3n a terceros<\/strong><\/p>\n<p>No vendemos, intercambiamos ni transferimos de ning\u00fan otro modo a terceros sus datos personales a menos que se lo notifiquemos a los usuarios con antelaci\u00f3n. Esto no incluye a los socios de alojamiento de sitios web y otras partes que nos ayudan a operar nuestro sitio web, llevar a cabo nuestro negocio, o servir a nuestros usuarios, siempre y cuando esas partes se comprometen a mantener esta informaci\u00f3n confidencial. Tambi\u00e9n podemos divulgar informaci\u00f3n cuando su divulgaci\u00f3n sea apropiada para cumplir la ley, hacer cumplir las pol\u00edticas de nuestro sitio o proteger nuestros derechos, propiedad o seguridad o los de otros.<\/p>\n<p>Sin embargo, la informaci\u00f3n no personal de los visitantes puede ser proporcionada a otras partes con fines de marketing, publicidad u otros usos.<\/p>\n<p><strong>Enlaces de terceros<\/strong><\/p>\n<p>No incluimos ni ofrecemos productos o servicios de terceros en nuestro sitio web.<\/p>\n<p><strong>Google<\/strong><\/p>\n<p>Los requisitos de publicidad de Google se pueden resumir en los Principios de Publicidad de Google. Se ponen en marcha para proporcionar una experiencia positiva a los usuarios. https:\/\/support.google.com\/adwordspolicy\/answer\/1316548?hl=en<\/p>\n<p>Utilizamos publicidad de Google AdSense en nuestro sitio web.<\/p>\n<p>Google, como proveedor externo, utiliza cookies para publicar anuncios en nuestro sitio. El uso que Google hace de la cookie de DART le permite ofrecer anuncios a nuestros usuarios basados en visitas anteriores a nuestro sitio y a otros sitios de Internet. Los usuarios pueden inhabilitar el uso de la cookie de DART visitando la pol\u00edtica de privacidad de la Red de contenido y publicidad de Google.[\/vc_column_text][vc_column_text css=\u00bb.vc_custom_1669726634374{margin-bottom: 58px !important;}\u00bb]<strong>Hemos puesto en marcha lo siguiente:<\/strong><\/p>\n<ul>\n<li>Informes de impresiones de la Red de Display de Google<\/li>\n<li>Informes demogr\u00e1ficos y de intereses<\/li>\n<\/ul>\n<p>&nbsp;<\/p>\n<p>Nosotros, junto con proveedores externos como Google, utilizamos cookies de origen (como las cookies de Google Analytics) y cookies de terceros (como la cookie de DoubleClick) u otros identificadores de terceros para recopilar datos sobre las interacciones de los usuarios con las impresiones de anuncios y otras funciones de servicios publicitarios en relaci\u00f3n con nuestro sitio web.<\/p>\n<p><strong>No participar:<\/strong><\/p>\n<p>Los usuarios pueden establecer sus preferencias sobre el modo en que Google les env\u00eda publicidad a trav\u00e9s de la p\u00e1gina Configuraci\u00f3n de anuncios de Google. Alternativamente, puede optar por no participar visitando la p\u00e1gina de inhabilitaci\u00f3n de la Network Advertising Initiative o utilizando el complemento de inhabilitaci\u00f3n para navegadores de Google Analytics.[\/vc_column_text][vc_column_text css=\u00bb.vc_custom_1669726771078{margin-bottom: 58px !important;}\u00bb]<strong>Ley de Protecci\u00f3n de la Privacidad en L\u00ednea de California<\/strong><\/p>\n<p>La CalOPPA es la primera ley estatal del pa\u00eds que exige que los sitios web comerciales y los servicios en l\u00ednea publiquen una pol\u00edtica de privacidad. El \u00e1mbito de aplicaci\u00f3n de la ley se extiende m\u00e1s all\u00e1 de California y exige a cualquier persona o empresa de Estados Unidos (y posiblemente del mundo) que gestione sitios web que recojan informaci\u00f3n de identificaci\u00f3n personal de consumidores californianos que publique en su sitio web una pol\u00edtica de privacidad bien visible en la que se indique exactamente la informaci\u00f3n que se recoge y las personas o empresas con las que se comparte. &#8211; M\u00e1s informaci\u00f3n en: http:\/\/consumercal.org\/california-online-privacy-protection-act-caloppa\/#sthash.0FdRbT51.dpuf<\/p>\n<p><strong>Seg\u00fan la CalOPPA, estamos de acuerdo con lo siguiente:<\/strong><\/p>\n<p>Los usuarios pueden visitar nuestro sitio de forma an\u00f3nima. Una vez creada esta pol\u00edtica de privacidad, a\u00f1adiremos un enlace a la misma en nuestra p\u00e1gina de inicio o, como m\u00ednimo, en la primera p\u00e1gina significativa tras entrar en nuestro sitio web. Nuestro enlace a la Pol\u00edtica de Privacidad incluye la palabra \u00abPrivacidad\u00bb y puede encontrarse f\u00e1cilmente en la p\u00e1gina especificada anteriormente.<\/p>\n<p>Se le notificar\u00e1 cualquier cambio en la Pol\u00edtica de Privacidad:<\/p>\n<ul>\n<li>En nuestra p\u00e1gina de Pol\u00edtica de privacidad<\/li>\n<\/ul>\n<p>Puede modificar sus datos personales:<\/p>\n<ul>\n<li>Por correo electr\u00f3nico<\/li>\n<\/ul>\n<p>&nbsp;<\/p>\n<p><strong>\u00bfC\u00f3mo gestiona nuestro sitio las se\u00f1ales Do Not Track?<\/strong><\/p>\n<p>Respetamos las se\u00f1ales Do Not Track y no rastreamos, no plantamos cookies ni utilizamos publicidad cuando existe un mecanismo Do Not Track (DNT) en el navegador.<\/p>\n<p><strong>\u00bfPermite nuestro sitio el seguimiento del comportamiento por parte de terceros?<\/strong><\/p>\n<p>Tambi\u00e9n es importante se\u00f1alar que no permitimos el seguimiento del comportamiento por parte de terceros.<\/p>\n<p><strong>COPPA (Ley de Protecci\u00f3n de la Privacidad de los Ni\u00f1os en Internet)<\/strong><\/p>\n<p>Cuando se trata de recopilar informaci\u00f3n personal de ni\u00f1os menores de 13 a\u00f1os, la Ley de Protecci\u00f3n de la Privacidad Infantil en Internet (COPPA) pone a los padres al mando. La Comisi\u00f3n Federal de Comercio, la agencia de protecci\u00f3n del consumidor de Estados Unidos, hace cumplir la norma COPPA, que especifica lo que deben hacer los operadores de sitios web y servicios en l\u00ednea para proteger la intimidad y la seguridad de los ni\u00f1os en l\u00ednea.<\/p>\n<p>No comercializamos espec\u00edficamente con ni\u00f1os menores de 13 a\u00f1os.<\/p>\n<p>\u00bfPermitimos que terceros, incluidas redes publicitarias o plug-ins, recopilen informaci\u00f3n de identificaci\u00f3n personal de menores de 13 a\u00f1os?[\/vc_column_text][vc_column_text css=\u00bb.vc_custom_1669726926363{margin-bottom: 58px !important;}\u00bb]<strong>Pr\u00e1cticas de informaci\u00f3n justas<\/strong><\/p>\n<p>Los Principios de Pr\u00e1cticas Justas de Informaci\u00f3n constituyen la columna vertebral de la legislaci\u00f3n sobre privacidad en Estados Unidos y los conceptos que incluyen han desempe\u00f1ado un papel importante en el desarrollo de las leyes de protecci\u00f3n de datos en todo el mundo. Comprender los Principios de Pr\u00e1cticas Aceptables de Informaci\u00f3n y c\u00f3mo deben aplicarse es fundamental para cumplir con las diversas leyes de privacidad que protegen la informaci\u00f3n personal.<\/p>\n<p><strong>Para estar en l\u00ednea con las Pr\u00e1cticas Justas de Informaci\u00f3n, tomaremos las siguientes medidas de respuesta, en caso de que se produzca una violaci\u00f3n de datos:<\/strong><\/p>\n<p>Se lo notificaremos por correo electr\u00f3nico<\/p>\n<ul>\n<li>Otros<\/li>\n<\/ul>\n<p>30 d\u00edas<\/p>\n<p>Avisaremos a los usuarios mediante notificaci\u00f3n in situ<\/p>\n<ul>\n<li>Otros<\/li>\n<\/ul>\n<p>30 d\u00edas<\/p>\n<p>Tambi\u00e9n estamos de acuerdo con el principio de reparaci\u00f3n individual, que exige que las personas tengan derecho a hacer valer legalmente sus derechos contra los recopiladores y procesadores de datos que no cumplan la ley. Este principio exige no s\u00f3lo que las personas tengan derechos exigibles frente a los usuarios de datos, sino tambi\u00e9n que puedan recurrir a los tribunales o a organismos gubernamentales para investigar y\/o perseguir el incumplimiento por parte de los procesadores de datos.<\/p>\n<p><strong>Ley CAN SPAM<\/strong><\/p>\n<p>La Ley CAN-SPAM es una ley que establece las normas para el correo electr\u00f3nico comercial, fija los requisitos para los mensajes comerciales, da a los destinatarios el derecho a que se les impida el env\u00edo de correos electr\u00f3nicos y establece duras sanciones en caso de infracci\u00f3n.<\/p>\n<p><strong>Recogemos su direcci\u00f3n de correo electr\u00f3nico para:<\/strong><\/p>\n<ul>\n<li>Enviar informaci\u00f3n, responder a consultas y\/u otras solicitudes o preguntas<\/li>\n<li>Tramitar pedidos y enviar informaci\u00f3n y actualizaciones relativas a los mismos.<\/li>\n<li>Enviarle informaci\u00f3n adicional relacionada con su producto y\/o servicio<\/li>\n<li>Comercializar con nuestra lista de correo o seguir enviando correos electr\u00f3nicos a nuestros clientes despu\u00e9s de que se haya producido la transacci\u00f3n original.<\/li>\n<\/ul>\n<p><strong>Para estar en conformidad con CANSPAM, estamos de acuerdo con lo siguiente:<\/strong><\/p>\n<ul>\n<li>No utilizar asuntos o direcciones de correo electr\u00f3nico falsos o enga\u00f1osos.<\/li>\n<li>Identifique el mensaje como publicidad de alguna manera razonable.<\/li>\n<li>Incluya la direcci\u00f3n f\u00edsica de la sede de nuestra empresa o centro.<\/li>\n<li>Supervisar el cumplimiento de los servicios de marketing por correo electr\u00f3nico de terceros, si se utilizan.<\/li>\n<li>Respete r\u00e1pidamente las solicitudes de baja.<\/li>\n<li>Permita a los usuarios darse de baja utilizando el enlace que aparece en la parte inferior de cada correo electr\u00f3nico.<\/li>\n<\/ul>\n<p><strong>Si en cualquier momento desea darse de baja para no recibir m\u00e1s correos electr\u00f3nicos, puede enviarnos un correo electr\u00f3nico a<\/strong><\/p>\n<p><a href=\"mailto:communications@christian-works.org\">communications@christian-works.org<\/a> y le eliminaremos r\u00e1pidamente de TODA la correspondencia.[\/vc_column_text][\/vc_column][\/vc_row][\/vc_section]<\/p>\n<\/div><!-- AddThis Advanced Settings generic via filter on the_content --><!-- AddThis Share Buttons generic via filter on the_content -->","protected":false},"excerpt":{"rendered":"<p>[vc_section css=\u00bb.vc_custom_1668945336818{padding-top: 118px !important;padding-bottom: 60px !important;}\u00bb el_class=\u00bbcontent-pg\u00bb][vc_row][vc_column][vc_custom_heading text=\u00bbPol\u00edtica de privacidad de Adoptionworks.org\u00bb font_container=\u00bbtag:h2|font_size:30px|text_align:left\u00bb use_theme_fonts=\u00bbyes\u00bb css=\u00bb.vc_custom_1669725997141{margin-bottom: 21px !important;}\u00bb][vc_column_text css=\u00bb.vc_custom_1669726070083{margin-bottom: 58px !important;}\u00bb]Esta pol\u00edtica de privacidad se ha elaborado para servir mejor a quienes se preocupan por el uso que se hace en l\u00ednea de su \u00abinformaci\u00f3n personal identificable\u00bb (IPI). La IIP, tal como se describe en la [&hellip;]<!-- AddThis Advanced Settings generic via filter on get_the_excerpt --><!-- AddThis Share Buttons generic via filter on get_the_excerpt --><\/p>\n","protected":false},"author":1,"featured_media":0,"parent":0,"menu_order":0,"comment_status":"closed","ping_status":"closed","template":"page-full.php","meta":{"_acf_changed":false,"inline_featured_image":false,"footnotes":""},"class_list":["post-731","page","type-page","status-publish","hentry"],"acf":[],"yoast_head":"<!-- This site is optimized with the Yoast SEO plugin v26.7 - https:\/\/yoast.com\/wordpress\/plugins\/seo\/ -->\n<title>Pol\u00edtica de privacidad - AdoptionWorks<\/title>\n<meta name=\"robots\" content=\"index, follow, max-snippet:-1, max-image-preview:large, max-video-preview:-1\" \/>\n<link rel=\"canonical\" href=\"https:\/\/adoption-works.org\/es\/politica-de-privacidad\/\" \/>\n<meta property=\"og:locale\" content=\"es_ES\" \/>\n<meta property=\"og:type\" content=\"article\" \/>\n<meta property=\"og:title\" content=\"Pol\u00edtica de privacidad - AdoptionWorks\" \/>\n<meta property=\"og:description\" content=\"[vc_section css=\u00bb.vc_custom_1668945336818{padding-top: 118px !important;padding-bottom: 60px !important;}\u00bb el_class=\u00bbcontent-pg\u00bb][vc_row][vc_column][vc_custom_heading text=\u00bbPol\u00edtica de privacidad de Adoptionworks.org\u00bb font_container=\u00bbtag:h2|font_size:30px|text_align:left\u00bb use_theme_fonts=\u00bbyes\u00bb css=\u00bb.vc_custom_1669725997141{margin-bottom: 21px !important;}\u00bb][vc_column_text css=\u00bb.vc_custom_1669726070083{margin-bottom: 58px !important;}\u00bb]Esta pol\u00edtica de privacidad se ha elaborado para servir mejor a quienes se preocupan por el uso que se hace en l\u00ednea de su \u00abinformaci\u00f3n personal identificable\u00bb (IPI). La IIP, tal como se describe en la [&hellip;]\" \/>\n<meta property=\"og:url\" content=\"https:\/\/adoption-works.org\/es\/politica-de-privacidad\/\" \/>\n<meta property=\"og:site_name\" content=\"AdoptionWorks\" \/>\n<meta property=\"article:modified_time\" content=\"2023-01-06T18:03:16+00:00\" \/>\n<meta name=\"twitter:card\" content=\"summary_large_image\" \/>\n<meta name=\"twitter:label1\" content=\"Tiempo de lectura\" \/>\n\t<meta name=\"twitter:data1\" content=\"11 minutos\" \/>\n<script type=\"application\/ld+json\" class=\"yoast-schema-graph\">{\"@context\":\"https:\/\/schema.org\",\"@graph\":[{\"@type\":\"WebPage\",\"@id\":\"https:\/\/adoption-works.org\/es\/politica-de-privacidad\/\",\"url\":\"https:\/\/adoption-works.org\/es\/politica-de-privacidad\/\",\"name\":\"Pol\u00edtica de privacidad - AdoptionWorks\",\"isPartOf\":{\"@id\":\"https:\/\/adoption-works.org\/es\/#website\"},\"datePublished\":\"2022-11-20T11:51:44+00:00\",\"dateModified\":\"2023-01-06T18:03:16+00:00\",\"breadcrumb\":{\"@id\":\"https:\/\/adoption-works.org\/es\/politica-de-privacidad\/#breadcrumb\"},\"inLanguage\":\"es\",\"potentialAction\":[{\"@type\":\"ReadAction\",\"target\":[\"https:\/\/adoption-works.org\/es\/politica-de-privacidad\/\"]}]},{\"@type\":\"BreadcrumbList\",\"@id\":\"https:\/\/adoption-works.org\/es\/politica-de-privacidad\/#breadcrumb\",\"itemListElement\":[{\"@type\":\"ListItem\",\"position\":1,\"name\":\"Home\",\"item\":\"https:\/\/adoption-works.org\/es\/\"},{\"@type\":\"ListItem\",\"position\":2,\"name\":\"Pol\u00edtica de privacidad\"}]},{\"@type\":\"WebSite\",\"@id\":\"https:\/\/adoption-works.org\/es\/#website\",\"url\":\"https:\/\/adoption-works.org\/es\/\",\"name\":\"AdoptionWorks\",\"description\":\"\",\"potentialAction\":[{\"@type\":\"SearchAction\",\"target\":{\"@type\":\"EntryPoint\",\"urlTemplate\":\"https:\/\/adoption-works.org\/es\/?s={search_term_string}\"},\"query-input\":{\"@type\":\"PropertyValueSpecification\",\"valueRequired\":true,\"valueName\":\"search_term_string\"}}],\"inLanguage\":\"es\"}]}<\/script>\n<!-- \/ Yoast SEO plugin. -->","yoast_head_json":{"title":"Pol\u00edtica de privacidad - AdoptionWorks","robots":{"index":"index","follow":"follow","max-snippet":"max-snippet:-1","max-image-preview":"max-image-preview:large","max-video-preview":"max-video-preview:-1"},"canonical":"https:\/\/adoption-works.org\/es\/politica-de-privacidad\/","og_locale":"es_ES","og_type":"article","og_title":"Pol\u00edtica de privacidad - AdoptionWorks","og_description":"[vc_section css=\u00bb.vc_custom_1668945336818{padding-top: 118px !important;padding-bottom: 60px !important;}\u00bb el_class=\u00bbcontent-pg\u00bb][vc_row][vc_column][vc_custom_heading text=\u00bbPol\u00edtica de privacidad de Adoptionworks.org\u00bb font_container=\u00bbtag:h2|font_size:30px|text_align:left\u00bb use_theme_fonts=\u00bbyes\u00bb css=\u00bb.vc_custom_1669725997141{margin-bottom: 21px !important;}\u00bb][vc_column_text css=\u00bb.vc_custom_1669726070083{margin-bottom: 58px !important;}\u00bb]Esta pol\u00edtica de privacidad se ha elaborado para servir mejor a quienes se preocupan por el uso que se hace en l\u00ednea de su \u00abinformaci\u00f3n personal identificable\u00bb (IPI). La IIP, tal como se describe en la [&hellip;]","og_url":"https:\/\/adoption-works.org\/es\/politica-de-privacidad\/","og_site_name":"AdoptionWorks","article_modified_time":"2023-01-06T18:03:16+00:00","twitter_card":"summary_large_image","twitter_misc":{"Tiempo de lectura":"11 minutos"},"schema":{"@context":"https:\/\/schema.org","@graph":[{"@type":"WebPage","@id":"https:\/\/adoption-works.org\/es\/politica-de-privacidad\/","url":"https:\/\/adoption-works.org\/es\/politica-de-privacidad\/","name":"Pol\u00edtica de privacidad - AdoptionWorks","isPartOf":{"@id":"https:\/\/adoption-works.org\/es\/#website"},"datePublished":"2022-11-20T11:51:44+00:00","dateModified":"2023-01-06T18:03:16+00:00","breadcrumb":{"@id":"https:\/\/adoption-works.org\/es\/politica-de-privacidad\/#breadcrumb"},"inLanguage":"es","potentialAction":[{"@type":"ReadAction","target":["https:\/\/adoption-works.org\/es\/politica-de-privacidad\/"]}]},{"@type":"BreadcrumbList","@id":"https:\/\/adoption-works.org\/es\/politica-de-privacidad\/#breadcrumb","itemListElement":[{"@type":"ListItem","position":1,"name":"Home","item":"https:\/\/adoption-works.org\/es\/"},{"@type":"ListItem","position":2,"name":"Pol\u00edtica de privacidad"}]},{"@type":"WebSite","@id":"https:\/\/adoption-works.org\/es\/#website","url":"https:\/\/adoption-works.org\/es\/","name":"AdoptionWorks","description":"","potentialAction":[{"@type":"SearchAction","target":{"@type":"EntryPoint","urlTemplate":"https:\/\/adoption-works.org\/es\/?s={search_term_string}"},"query-input":{"@type":"PropertyValueSpecification","valueRequired":true,"valueName":"search_term_string"}}],"inLanguage":"es"}]}},"_links":{"self":[{"href":"https:\/\/adoption-works.org\/es\/wp-json\/wp\/v2\/pages\/731","targetHints":{"allow":["GET"]}}],"collection":[{"href":"https:\/\/adoption-works.org\/es\/wp-json\/wp\/v2\/pages"}],"about":[{"href":"https:\/\/adoption-works.org\/es\/wp-json\/wp\/v2\/types\/page"}],"author":[{"embeddable":true,"href":"https:\/\/adoption-works.org\/es\/wp-json\/wp\/v2\/users\/1"}],"replies":[{"embeddable":true,"href":"https:\/\/adoption-works.org\/es\/wp-json\/wp\/v2\/comments?post=731"}],"version-history":[{"count":5,"href":"https:\/\/adoption-works.org\/es\/wp-json\/wp\/v2\/pages\/731\/revisions"}],"predecessor-version":[{"id":736,"href":"https:\/\/adoption-works.org\/es\/wp-json\/wp\/v2\/pages\/731\/revisions\/736"}],"wp:attachment":[{"href":"https:\/\/adoption-works.org\/es\/wp-json\/wp\/v2\/media?parent=731"}],"curies":[{"name":"wp","href":"https:\/\/api.w.org\/{rel}","templated":true}]}}